{"id":1449,"date":"2023-11-30T07:56:09","date_gmt":"2023-11-30T07:56:09","guid":{"rendered":"https:\/\/www.tahitiplaisirs.com\/cart\/"},"modified":"2026-03-14T09:19:48","modified_gmt":"2026-03-14T19:19:48","slug":"panier","status":"publish","type":"page","link":"https:\/\/www.tahitiplaisirs.com\/en\/panier\/","title":{"rendered":"Panier"},"content":{"rendered":"<div data-elementor-type=\"wp-page\" data-elementor-id=\"1449\" class=\"elementor elementor-1449\" data-elementor-post-type=\"page\">\n\t\t\t\t<div class=\"elementor-element elementor-element-4a1d0fb elementor-hidden-mobile e-flex e-con-boxed e-con e-parent\" data-id=\"4a1d0fb\" data-element_type=\"container\" data-e-type=\"container\">\n\t\t\t\t\t<div class=\"e-con-inner\">\n\t\t\t\t\t<\/div>\n\t\t\t\t<\/div>\n\t\t<div class=\"elementor-element elementor-element-ec1b673 elementor-hidden-desktop elementor-hidden-laptop elementor-hidden-tablet_extra elementor-hidden-tablet elementor-hidden-mobile_extra e-flex e-con-boxed e-con e-parent\" data-id=\"ec1b673\" data-element_type=\"container\" data-e-type=\"container\">\n\t\t\t\t\t<div class=\"e-con-inner\">\n\t\t\t\t\t<\/div>\n\t\t\t\t<\/div>\n\t\t\t\t<\/div>","protected":false},"excerpt":{"rendered":"<p>Product &nbsp; Price Quantity Subtotal &nbsp; Vibromasseur 3 en 1 Miko Price 22500&nbsp;XPF Quantity Vibromasseur 3 en 1 Miko quantity Subtotal 22500&nbsp;XPF &times; Update cart Appliquer la r\u00e9duction R\u00e9sum\u00e9 du panier Sous-total 22500&nbsp;XPF Envoi 1 Retrait en boutique Livraison: 1500&nbsp;XPF Livraison \u00e0 PK 2.100 c\u00f4t\u00e9 mer Hamuta, immeuble Ren\u00e9 Lee &#8211; BP: 51579, Pirae, Tahiti, [&hellip;]<\/p>\n","protected":false},"author":1,"featured_media":0,"parent":0,"menu_order":0,"comment_status":"closed","ping_status":"closed","template":"","meta":{"footnotes":""},"class_list":["post-1449","page","type-page","status-publish","hentry"],"_links":{"self":[{"href":"https:\/\/www.tahitiplaisirs.com\/en\/wp-json\/wp\/v2\/pages\/1449","targetHints":{"allow":["GET"]}}],"collection":[{"href":"https:\/\/www.tahitiplaisirs.com\/en\/wp-json\/wp\/v2\/pages"}],"about":[{"href":"https:\/\/www.tahitiplaisirs.com\/en\/wp-json\/wp\/v2\/types\/page"}],"author":[{"embeddable":true,"href":"https:\/\/www.tahitiplaisirs.com\/en\/wp-json\/wp\/v2\/users\/1"}],"replies":[{"embeddable":true,"href":"https:\/\/www.tahitiplaisirs.com\/en\/wp-json\/wp\/v2\/comments?post=1449"}],"version-history":[{"count":55,"href":"https:\/\/www.tahitiplaisirs.com\/en\/wp-json\/wp\/v2\/pages\/1449\/revisions"}],"predecessor-version":[{"id":11084,"href":"https:\/\/www.tahitiplaisirs.com\/en\/wp-json\/wp\/v2\/pages\/1449\/revisions\/11084"}],"wp:attachment":[{"href":"https:\/\/www.tahitiplaisirs.com\/en\/wp-json\/wp\/v2\/media?parent=1449"}],"curies":[{"name":"wp","href":"https:\/\/api.w.org\/{rel}","templated":true}]}}