{"id":752,"date":"2023-12-27T04:46:07","date_gmt":"2023-12-27T04:46:07","guid":{"rendered":"https:\/\/www.tahitiplaisirs.com\/?page_id=752"},"modified":"2025-09-14T22:05:20","modified_gmt":"2025-09-15T08:05:20","slug":"mentions-legales","status":"publish","type":"page","link":"https:\/\/www.tahitiplaisirs.com\/en\/mentions-legales\/","title":{"rendered":"Mentions l\u00e9gales"},"content":{"rendered":"<div data-elementor-type=\"wp-page\" data-elementor-id=\"752\" class=\"elementor elementor-752\" data-elementor-post-type=\"page\">\n\t\t\t\t\t\t<section class=\"elementor-section elementor-top-section elementor-element elementor-element-54598ee elementor-section-full_width elementor-section-height-default elementor-section-height-default\" data-id=\"54598ee\" data-element_type=\"section\" data-e-type=\"section\" data-settings=\"{&quot;wdt_bg_image&quot;:{&quot;url&quot;:&quot;&quot;,&quot;id&quot;:&quot;&quot;,&quot;size&quot;:&quot;&quot;},&quot;wdt_bg_image_laptop&quot;:{&quot;url&quot;:&quot;&quot;,&quot;id&quot;:&quot;&quot;,&quot;size&quot;:&quot;&quot;},&quot;wdt_bg_image_tablet_extra&quot;:{&quot;url&quot;:&quot;&quot;,&quot;id&quot;:&quot;&quot;,&quot;size&quot;:&quot;&quot;},&quot;wdt_bg_image_tablet&quot;:{&quot;url&quot;:&quot;&quot;,&quot;id&quot;:&quot;&quot;,&quot;size&quot;:&quot;&quot;},&quot;wdt_bg_image_mobile_extra&quot;:{&quot;url&quot;:&quot;&quot;,&quot;id&quot;:&quot;&quot;,&quot;size&quot;:&quot;&quot;},&quot;wdt_bg_image_mobile&quot;:{&quot;url&quot;:&quot;&quot;,&quot;id&quot;:&quot;&quot;,&quot;size&quot;:&quot;&quot;},&quot;wdt_bg_position&quot;:&quot;center center&quot;,&quot;wdt_animation_effect&quot;:&quot;none&quot;}\">\n\t\t\t\t\t\t<div class=\"elementor-container elementor-column-gap-default\">\n\t\t\t\t\t<div class=\"elementor-column elementor-col-100 elementor-top-column elementor-element elementor-element-65fe335\" data-id=\"65fe335\" data-element_type=\"column\" data-e-type=\"column\">\n\t\t\t<div class=\"elementor-widget-wrap elementor-element-populated\">\n\t\t\t\t\t\t<div class=\"elementor-element elementor-element-a3f233b elementor-widget elementor-widget-image\" data-id=\"a3f233b\" data-element_type=\"widget\" data-e-type=\"widget\" data-settings=\"{&quot;wdt_animation_effect&quot;:&quot;none&quot;}\" data-widget_type=\"image.default\">\n\t\t\t\t\t\t\t\t\t\t\t\t\t\t\t<img fetchpriority=\"high\" decoding=\"async\" width=\"1920\" height=\"500\" src=\"https:\/\/www.tahitiplaisirs.com\/wp-content\/uploads\/2025\/08\/Mentions-Legales.jpg\" class=\"attachment-full size-full wp-image-6977\" alt=\"\" srcset=\"https:\/\/www.tahitiplaisirs.com\/wp-content\/uploads\/2025\/08\/Mentions-Legales.jpg 1920w, https:\/\/www.tahitiplaisirs.com\/wp-content\/uploads\/2025\/08\/Mentions-Legales-300x78.jpg 300w, https:\/\/www.tahitiplaisirs.com\/wp-content\/uploads\/2025\/08\/Mentions-Legales-1024x267.jpg 1024w, https:\/\/www.tahitiplaisirs.com\/wp-content\/uploads\/2025\/08\/Mentions-Legales-768x200.jpg 768w, https:\/\/www.tahitiplaisirs.com\/wp-content\/uploads\/2025\/08\/Mentions-Legales-1536x400.jpg 1536w, https:\/\/www.tahitiplaisirs.com\/wp-content\/uploads\/2025\/08\/Mentions-Legales-1000x260.jpg 1000w\" sizes=\"(max-width: 1920px) 100vw, 1920px\" \/>\t\t\t\t\t\t\t\t\t\t\t\t\t\t\t<\/div>\n\t\t\t\t\t<\/div>\n\t\t<\/div>\n\t\t\t\t\t<\/div>\n\t\t<\/section>\n\t\t\t\t<section class=\"elementor-section elementor-top-section elementor-element elementor-element-9b42603 elementor-section-boxed elementor-section-height-default elementor-section-height-default\" data-id=\"9b42603\" data-element_type=\"section\" data-e-type=\"section\" data-settings=\"{&quot;wdt_bg_image&quot;:{&quot;url&quot;:&quot;&quot;,&quot;id&quot;:&quot;&quot;,&quot;size&quot;:&quot;&quot;},&quot;wdt_bg_image_laptop&quot;:{&quot;url&quot;:&quot;&quot;,&quot;id&quot;:&quot;&quot;,&quot;size&quot;:&quot;&quot;},&quot;wdt_bg_image_tablet_extra&quot;:{&quot;url&quot;:&quot;&quot;,&quot;id&quot;:&quot;&quot;,&quot;size&quot;:&quot;&quot;},&quot;wdt_bg_image_tablet&quot;:{&quot;url&quot;:&quot;&quot;,&quot;id&quot;:&quot;&quot;,&quot;size&quot;:&quot;&quot;},&quot;wdt_bg_image_mobile_extra&quot;:{&quot;url&quot;:&quot;&quot;,&quot;id&quot;:&quot;&quot;,&quot;size&quot;:&quot;&quot;},&quot;wdt_bg_image_mobile&quot;:{&quot;url&quot;:&quot;&quot;,&quot;id&quot;:&quot;&quot;,&quot;size&quot;:&quot;&quot;},&quot;wdt_bg_position&quot;:&quot;center center&quot;,&quot;wdt_animation_effect&quot;:&quot;none&quot;}\">\n\t\t\t\t\t\t<div class=\"elementor-container elementor-column-gap-default\">\n\t\t\t\t\t<div class=\"elementor-column elementor-col-100 elementor-top-column elementor-element elementor-element-dc6f2d7\" data-id=\"dc6f2d7\" data-element_type=\"column\" data-e-type=\"column\">\n\t\t\t<div class=\"elementor-widget-wrap elementor-element-populated\">\n\t\t\t\t\t\t<div class=\"elementor-element elementor-element-c39b7fc elementor-widget elementor-widget-heading\" data-id=\"c39b7fc\" data-element_type=\"widget\" data-e-type=\"widget\" data-settings=\"{&quot;wdt_animation_effect&quot;:&quot;none&quot;}\" data-widget_type=\"heading.default\">\n\t\t\t\t\t<h4 class=\"elementor-heading-title elementor-size-default\">Mentions l\u00e9gales<\/h4>\t\t\t\t<\/div>\n\t\t\t\t<div class=\"elementor-element elementor-element-4732615 elementor-widget elementor-widget-text-editor\" data-id=\"4732615\" data-element_type=\"widget\" data-e-type=\"widget\" data-settings=\"{&quot;wdt_animation_effect&quot;:&quot;none&quot;}\" data-widget_type=\"text-editor.default\">\n\t\t\t\t\t\t\t\t\t<p>La boutique en ligne Tahiti Plaisirs\u00a0est \u00e9dit\u00e9e par\u00a0<strong>Napuaro Import<\/strong>\u00a0, immatricul\u00e9e au Registre du Commerce et des Soci\u00e9t\u00e9s sous le num\u00e9ro\u00a0<strong>R.C.S PAPEETE TPI 20 1576 A (186 338)<\/strong>\u00a0et dont le si\u00e8ge social est situ\u00e9 :<\/p><p>PK 2.100 c\u00f4t\u00e9 mer, immeuble Ren\u00e9 Lee \u00e0 Hamuta Pirae Tahiti Polyn\u00e9sie-Fran\u00e7aise<\/p><p>Le G\u00e9rant et Directeur de la publication marketing : Mr Rosan MYRE<\/p><p>Le site internet www.tahitiplaisirs.com est h\u00e9berg\u00e9 chez Planet Hoster dont le si\u00e8ge social est situ\u00e9 :<\/p><p>4416 Louis B. Mayer \u2013 Laval, Qu\u00e9bec \u2013 Canada \u2013 H7P 0G1<br \/>T\u00e9l\u00e9phone : (+33) (0)1 76 60 41 43<\/p>\t\t\t\t\t\t\t\t<\/div>\n\t\t\t\t\t<\/div>\n\t\t<\/div>\n\t\t\t\t\t<\/div>\n\t\t<\/section>\n\t\t\t\t<section class=\"elementor-section elementor-top-section elementor-element elementor-element-8c9c7f4 elementor-section-boxed elementor-section-height-default elementor-section-height-default\" data-id=\"8c9c7f4\" data-element_type=\"section\" data-e-type=\"section\" data-settings=\"{&quot;wdt_bg_image&quot;:{&quot;url&quot;:&quot;&quot;,&quot;id&quot;:&quot;&quot;,&quot;size&quot;:&quot;&quot;},&quot;wdt_bg_image_laptop&quot;:{&quot;url&quot;:&quot;&quot;,&quot;id&quot;:&quot;&quot;,&quot;size&quot;:&quot;&quot;},&quot;wdt_bg_image_tablet_extra&quot;:{&quot;url&quot;:&quot;&quot;,&quot;id&quot;:&quot;&quot;,&quot;size&quot;:&quot;&quot;},&quot;wdt_bg_image_tablet&quot;:{&quot;url&quot;:&quot;&quot;,&quot;id&quot;:&quot;&quot;,&quot;size&quot;:&quot;&quot;},&quot;wdt_bg_image_mobile_extra&quot;:{&quot;url&quot;:&quot;&quot;,&quot;id&quot;:&quot;&quot;,&quot;size&quot;:&quot;&quot;},&quot;wdt_bg_image_mobile&quot;:{&quot;url&quot;:&quot;&quot;,&quot;id&quot;:&quot;&quot;,&quot;size&quot;:&quot;&quot;},&quot;wdt_bg_position&quot;:&quot;center center&quot;,&quot;wdt_animation_effect&quot;:&quot;none&quot;}\">\n\t\t\t\t\t\t<div class=\"elementor-container elementor-column-gap-default\">\n\t\t\t\t\t<div class=\"elementor-column elementor-col-100 elementor-top-column elementor-element elementor-element-151faf1\" data-id=\"151faf1\" data-element_type=\"column\" data-e-type=\"column\">\n\t\t\t<div class=\"elementor-widget-wrap elementor-element-populated\">\n\t\t\t\t\t\t<div class=\"elementor-element elementor-element-6e49588 elementor-widget elementor-widget-heading\" data-id=\"6e49588\" data-element_type=\"widget\" data-e-type=\"widget\" data-settings=\"{&quot;wdt_animation_effect&quot;:&quot;none&quot;}\" data-widget_type=\"heading.default\">\n\t\t\t\t\t<h4 class=\"elementor-heading-title elementor-size-default\">Cookies<\/h4>\t\t\t\t<\/div>\n\t\t\t\t<div class=\"elementor-element elementor-element-e20ffff elementor-widget elementor-widget-text-editor\" data-id=\"e20ffff\" data-element_type=\"widget\" data-e-type=\"widget\" data-settings=\"{&quot;wdt_animation_effect&quot;:&quot;none&quot;}\" data-widget_type=\"text-editor.default\">\n\t\t\t\t\t\t\t\t\t<p><strong>Tahiti Plaisirs\u00a0utilise des cookies pour am\u00e9liorer votre visite et mesurer l\u2019audience, le nombre de connexions de visiteurs distincts, la dur\u00e9e de connexion ou encore les pages les plus consult\u00e9es. L\u2019utilisation de cookies est fr\u00e9quente sur internet. Vous pouvez les d\u00e9sactiver en r\u00e9glant votre navigateur.<\/strong><br \/><strong>Explications sur le site de la CNIL\u00a0sur la page \u00a0<\/strong><a href=\"https:\/\/www.cnil.fr\/fr\/cookies-les-outils-pour-les-maitriser\"><strong><em>Cookies : les outils pour les ma\u00eetriser<\/em><\/strong><\/a><\/p><p><strong>\u200bPour en savoir plus sur les cookies\u00a0:\u00a0<\/strong><span style=\"color: #00ccff;\"><a style=\"color: #00ccff;\" href=\"https:\/\/fr.wikipedia.org\/wiki\/Cookie_(informatique)\"><strong><em>Cookie (informatique) \u2014 Wikip\u00e9dia<\/em><\/strong><\/a><\/span><br \/><a href=\"https:\/\/www.cnil.fr\/fr\/cookies-traceurs-que-dit-la-loi\"><strong><em><span style=\"color: #00ccff;\">Cookies &amp; traceurs : que dit la loi ?<\/span><\/em><\/strong><\/a><strong><em>\u00a0(CNIL).\u00a0<\/em><\/strong><\/p><p><strong>Apprenez-en plus sur notre fa\u00e7on de g\u00e9rer vos donn\u00e9es personnelles en consultant notre\u00a0<\/strong><span style=\"color: #00ccff;\"><a style=\"color: #00ccff;\" href=\"https:\/\/www.lollipop-tahiti.com\/politique-de-confidentialite\"><strong><em>politique de confidentialit\u00e9<\/em><\/strong><\/a><\/span><\/p>\t\t\t\t\t\t\t\t<\/div>\n\t\t\t\t\t<\/div>\n\t\t<\/div>\n\t\t\t\t\t<\/div>\n\t\t<\/section>\n\t\t\t\t<\/div>","protected":false},"excerpt":{"rendered":"<p>Mentions l\u00e9gales La boutique en ligne Tahiti Plaisirs\u00a0est \u00e9dit\u00e9e par\u00a0Napuaro Import\u00a0, immatricul\u00e9e au Registre du Commerce et des Soci\u00e9t\u00e9s sous le num\u00e9ro\u00a0R.C.S PAPEETE TPI 20 1576 A (186 338)\u00a0et dont le si\u00e8ge social est situ\u00e9 : PK 2.100 c\u00f4t\u00e9 mer, immeuble Ren\u00e9 Lee \u00e0 Hamuta Pirae Tahiti Polyn\u00e9sie-Fran\u00e7aise Le G\u00e9rant et Directeur de la publication [&hellip;]<\/p>\n","protected":false},"author":1,"featured_media":0,"parent":0,"menu_order":0,"comment_status":"closed","ping_status":"closed","template":"elementor_header_footer","meta":{"footnotes":""},"class_list":["post-752","page","type-page","status-publish","hentry"],"_links":{"self":[{"href":"https:\/\/www.tahitiplaisirs.com\/en\/wp-json\/wp\/v2\/pages\/752","targetHints":{"allow":["GET"]}}],"collection":[{"href":"https:\/\/www.tahitiplaisirs.com\/en\/wp-json\/wp\/v2\/pages"}],"about":[{"href":"https:\/\/www.tahitiplaisirs.com\/en\/wp-json\/wp\/v2\/types\/page"}],"author":[{"embeddable":true,"href":"https:\/\/www.tahitiplaisirs.com\/en\/wp-json\/wp\/v2\/users\/1"}],"replies":[{"embeddable":true,"href":"https:\/\/www.tahitiplaisirs.com\/en\/wp-json\/wp\/v2\/comments?post=752"}],"version-history":[{"count":14,"href":"https:\/\/www.tahitiplaisirs.com\/en\/wp-json\/wp\/v2\/pages\/752\/revisions"}],"predecessor-version":[{"id":8258,"href":"https:\/\/www.tahitiplaisirs.com\/en\/wp-json\/wp\/v2\/pages\/752\/revisions\/8258"}],"wp:attachment":[{"href":"https:\/\/www.tahitiplaisirs.com\/en\/wp-json\/wp\/v2\/media?parent=752"}],"curies":[{"name":"wp","href":"https:\/\/api.w.org\/{rel}","templated":true}]}}