{"id":765,"date":"2023-12-27T09:29:23","date_gmt":"2023-12-27T09:29:23","guid":{"rendered":"https:\/\/www.tahitiplaisirs.com\/?page_id=765"},"modified":"2025-10-07T14:47:33","modified_gmt":"2025-10-08T00:47:33","slug":"politique-de-confidentialite","status":"publish","type":"page","link":"https:\/\/www.tahitiplaisirs.com\/en\/politique-de-confidentialite\/","title":{"rendered":"Politique de confidentialit\u00e9"},"content":{"rendered":"<div data-elementor-type=\"wp-page\" data-elementor-id=\"765\" class=\"elementor elementor-765\" data-elementor-post-type=\"page\">\n\t\t\t\t\t\t<section class=\"elementor-section elementor-top-section elementor-element elementor-element-75cb411 elementor-section-full_width elementor-section-height-default elementor-section-height-default\" data-id=\"75cb411\" data-element_type=\"section\" data-e-type=\"section\" data-settings=\"{&quot;wdt_bg_image&quot;:{&quot;url&quot;:&quot;&quot;,&quot;id&quot;:&quot;&quot;,&quot;size&quot;:&quot;&quot;},&quot;wdt_bg_image_laptop&quot;:{&quot;url&quot;:&quot;&quot;,&quot;id&quot;:&quot;&quot;,&quot;size&quot;:&quot;&quot;},&quot;wdt_bg_image_tablet_extra&quot;:{&quot;url&quot;:&quot;&quot;,&quot;id&quot;:&quot;&quot;,&quot;size&quot;:&quot;&quot;},&quot;wdt_bg_image_tablet&quot;:{&quot;url&quot;:&quot;&quot;,&quot;id&quot;:&quot;&quot;,&quot;size&quot;:&quot;&quot;},&quot;wdt_bg_image_mobile_extra&quot;:{&quot;url&quot;:&quot;&quot;,&quot;id&quot;:&quot;&quot;,&quot;size&quot;:&quot;&quot;},&quot;wdt_bg_image_mobile&quot;:{&quot;url&quot;:&quot;&quot;,&quot;id&quot;:&quot;&quot;,&quot;size&quot;:&quot;&quot;},&quot;wdt_bg_position&quot;:&quot;center center&quot;,&quot;wdt_animation_effect&quot;:&quot;none&quot;}\">\n\t\t\t\t\t\t<div class=\"elementor-container elementor-column-gap-default\">\n\t\t\t\t\t<div class=\"elementor-column elementor-col-100 elementor-top-column elementor-element elementor-element-5724e43\" data-id=\"5724e43\" data-element_type=\"column\" data-e-type=\"column\">\n\t\t\t<div class=\"elementor-widget-wrap elementor-element-populated\">\n\t\t\t\t\t\t<div class=\"elementor-element elementor-element-451bf4c elementor-widget elementor-widget-image\" data-id=\"451bf4c\" data-element_type=\"widget\" data-e-type=\"widget\" data-settings=\"{&quot;wdt_animation_effect&quot;:&quot;none&quot;}\" data-widget_type=\"image.default\">\n\t\t\t\t\t\t\t\t\t\t\t\t\t\t\t<img fetchpriority=\"high\" decoding=\"async\" width=\"1920\" height=\"500\" src=\"https:\/\/www.tahitiplaisirs.com\/wp-content\/uploads\/2025\/08\/Confidentialite.jpg\" class=\"attachment-full size-full wp-image-6950\" alt=\"\" srcset=\"https:\/\/www.tahitiplaisirs.com\/wp-content\/uploads\/2025\/08\/Confidentialite.jpg 1920w, https:\/\/www.tahitiplaisirs.com\/wp-content\/uploads\/2025\/08\/Confidentialite-300x78.jpg 300w, https:\/\/www.tahitiplaisirs.com\/wp-content\/uploads\/2025\/08\/Confidentialite-1024x267.jpg 1024w, https:\/\/www.tahitiplaisirs.com\/wp-content\/uploads\/2025\/08\/Confidentialite-768x200.jpg 768w, https:\/\/www.tahitiplaisirs.com\/wp-content\/uploads\/2025\/08\/Confidentialite-1536x400.jpg 1536w, https:\/\/www.tahitiplaisirs.com\/wp-content\/uploads\/2025\/08\/Confidentialite-1000x260.jpg 1000w\" sizes=\"(max-width: 1920px) 100vw, 1920px\" \/>\t\t\t\t\t\t\t\t\t\t\t\t\t\t\t<\/div>\n\t\t\t\t\t<\/div>\n\t\t<\/div>\n\t\t\t\t\t<\/div>\n\t\t<\/section>\n\t\t\t\t<section class=\"elementor-section elementor-top-section elementor-element elementor-element-429774a elementor-section-boxed elementor-section-height-default elementor-section-height-default\" data-id=\"429774a\" data-element_type=\"section\" data-e-type=\"section\" data-settings=\"{&quot;wdt_bg_image&quot;:{&quot;url&quot;:&quot;&quot;,&quot;id&quot;:&quot;&quot;,&quot;size&quot;:&quot;&quot;},&quot;wdt_bg_image_laptop&quot;:{&quot;url&quot;:&quot;&quot;,&quot;id&quot;:&quot;&quot;,&quot;size&quot;:&quot;&quot;},&quot;wdt_bg_image_tablet_extra&quot;:{&quot;url&quot;:&quot;&quot;,&quot;id&quot;:&quot;&quot;,&quot;size&quot;:&quot;&quot;},&quot;wdt_bg_image_tablet&quot;:{&quot;url&quot;:&quot;&quot;,&quot;id&quot;:&quot;&quot;,&quot;size&quot;:&quot;&quot;},&quot;wdt_bg_image_mobile_extra&quot;:{&quot;url&quot;:&quot;&quot;,&quot;id&quot;:&quot;&quot;,&quot;size&quot;:&quot;&quot;},&quot;wdt_bg_image_mobile&quot;:{&quot;url&quot;:&quot;&quot;,&quot;id&quot;:&quot;&quot;,&quot;size&quot;:&quot;&quot;},&quot;wdt_bg_position&quot;:&quot;center center&quot;,&quot;wdt_animation_effect&quot;:&quot;none&quot;}\">\n\t\t\t\t\t\t<div class=\"elementor-container elementor-column-gap-default\">\n\t\t\t\t\t<div class=\"elementor-column elementor-col-100 elementor-top-column elementor-element elementor-element-9f32f17\" data-id=\"9f32f17\" data-element_type=\"column\" data-e-type=\"column\">\n\t\t\t<div class=\"elementor-widget-wrap elementor-element-populated\">\n\t\t\t\t\t\t<div class=\"elementor-element elementor-element-46d8e42 elementor-widget elementor-widget-text-editor\" data-id=\"46d8e42\" data-element_type=\"widget\" data-e-type=\"widget\" data-settings=\"{&quot;wdt_animation_effect&quot;:&quot;none&quot;}\" data-widget_type=\"text-editor.default\">\n\t\t\t\t\t\t\t\t\t<p><strong>Tahiti Plaisirs<\/strong> votre espace bien-\u00eatre et \u00e9panouissement sexuel en ligne porte une attention toute particuli\u00e8re \u00e0 la protection des donn\u00e9es personnelles de ses clients. D\u00e8s lors, <strong>Tahiti Plaisirs<\/strong>\u00a0s\u2019engage \u00e0 respecter la loi n\u00b0 78-17 du 6 janvier 1978 relative \u00e0 l\u2019informatique, aux fichiers et aux libert\u00e9s, modifi\u00e9e par le r\u00e8glement europ\u00e9en 2016\/679 du 27 avril 2016 relatif \u00e0 la protection des donn\u00e9es personnelles. En utilisant le site mis \u00e0 votre disposition, vous acceptez la collecte et l\u2019utilisation de vos donn\u00e9es personnelles de la mani\u00e8re d\u00e9crite dans la pr\u00e9sente charte de protection des donn\u00e9es.<\/p><p><span style=\"text-decoration: underline;\"><strong><em>Champ d\u2019application<\/em><\/strong><\/span><br \/>La pr\u00e9sente charte de protection des donn\u00e9es d\u00e9crit comment\u00a0<strong>Tahiti Plaisirs<\/strong>\u00a0traite vos donn\u00e9es personnelles lorsque vous utilisez notre site internet. Dans le cadre de ces traitements, vos donn\u00e9es collect\u00e9es sont les suivantes :\u00a0<\/p><ul><li>Votre pr\u00e9nom, nom, adresse, e-mail<\/li><li>Votre date de naissance (optionnel)<\/li><li>Adresse IP\/Mac<\/li><li>Donn\u00e9es de connexion et de navigation<\/li><li>L\u2019historique de vos achats dans notre syst\u00e8me de suivi client<\/li><\/ul><p>Le caract\u00e8re obligatoire ou facultatif des donn\u00e9es vous est signal\u00e9 lors de la collecte par un ast\u00e9risque. Sachez que certaines donn\u00e9es collect\u00e9es sont n\u00e9cessaires \u00e0 l\u2019enregistrement de votre r\u00e9servation.<\/p><p><span style=\"text-decoration: underline;\"><em><strong>Pourquoi Tahiti Plaisirs collecte vos donn\u00e9es ?<\/strong><\/em><\/span><\/p><ul><li>L\u2019achat en ligne<\/li><li>La livraison<\/li><li>La facturation<\/li><li>Le contact avec notre service clients (pour r\u00e9pondre \u00e0 vos demandes)<\/li><\/ul><p>Vos donn\u00e9es sont utilis\u00e9es dans le cadre de l\u2019ex\u00e9cution du contrat qui vous lie \u00e0 Tahiti Plaisirs :<\/p><ul><li>Analyses statistiques (ex : nombre de commandes mensuelles)<\/li><li>Analyses marketing : profil utilisateur, cat\u00e9gories de produits pr\u00e9f\u00e9r\u00e9es\u2026<\/li><\/ul><p>Ces finalit\u00e9s servent les int\u00e9r\u00eats l\u00e9gitimes poursuivis par Tahiti Plaisirs :<\/p><ul><li>Participation \u00e0 un \u00e9ventuel jeu concours ;<\/li><li>Offres sp\u00e9ciales, promotions et garanties ;<\/li><\/ul><p>Votre consentement vous sera toujours demand\u00e9 afin d\u2019utiliser vos donn\u00e9es pour ces finalit\u00e9s<\/p><p><span style=\"text-decoration: underline;\"><strong><em>Quels sont les moyens de la collecte de vos donn\u00e9es personnelles ?\u00a0<\/em><\/strong><\/span><\/p><p>Sur notre site\u00a0<a href=\"https:\/\/www.tahitiplaisirs.com\/\">https:\/\/www.tahitiplaisirs.com\/<\/a>, ces donn\u00e9es\u00a0sont collect\u00e9es par le biais du panier client et\/ou de la cr\u00e9ation d\u2019un compte client que vous serez amen\u00e9 \u00e0 compl\u00e9ter pour finaliser votre commande.\u00a0<\/p><p><strong>Tahiti Plaisirs<\/strong>\u00a0conserve vos donn\u00e9es selon une dur\u00e9e d\u00e9termin\u00e9e. Vos donn\u00e9es personnelles sont conserv\u00e9es le temps n\u00e9cessaire \u00e0 l\u2019accomplissement de l\u2019objectif poursuivi lors de leur collecte (13 mois). Elles seront ensuite archiv\u00e9es avec un acc\u00e8s restreint pour une dur\u00e9e suppl\u00e9mentaire (11 mois), en lien avec les dur\u00e9es de prescription et de conservation l\u00e9gale pour des raisons strictement limit\u00e9es et autoris\u00e9es par la loi. Elles seront ensuite supprim\u00e9es.<\/p><p><span style=\"text-decoration: underline;\"><strong><em>Qui sont les destinataires de vos donn\u00e9es ?<\/em><\/strong><\/span><\/p><p><strong>Tahiti Plaisirs<\/strong>\u00a0ne\u00a0partage en aucun cas vos informations personnelles. Nous nous engageons \u00e0 assurer des contr\u00f4les de s\u00e9curit\u00e9 appropri\u00e9s pour prot\u00e9ger vos donn\u00e9es personnelles contre tout danger pr\u00e9visible. La protection des donn\u00e9es de nos clients est une priorit\u00e9.\u00a0<\/p><p><strong>Tahiti Plaisirs s\u00e9curise vos donn\u00e9es personnelles<\/strong><\/p><p><strong>Tahiti Plaisirs<\/strong>\u00a0s\u2019engage \u00e0 prot\u00e9ger la confidentialit\u00e9 et l\u2019int\u00e9grit\u00e9 de vos donn\u00e9es personnelles fournies sur notre site, gr\u00e2ce \u00e0 des mesures techniques et organisationnelles. Nous avons nomm\u00e9 un D\u00e9l\u00e9gu\u00e9 \u00e0 la protection des donn\u00e9es dont la mission est de garantir la conformit\u00e9 des traitements que nous mettons en \u0153uvre, de tenir un registre pour notifier le traitement de ces donn\u00e9es et d\u2019assurer l\u2019exercice de vos droits.<\/p><p><strong>La protection de vos donn\u00e9es bancaires<\/strong><\/p><p>Notre syst\u00e8me de paiement en ligne utilise un outil crypt\u00e9 via Systempay. Nous n\u2019avons aucun acc\u00e8s direct \u00e0 vos donn\u00e9es bancaires.<\/p><p><strong>Vos droits relatifs \u00e0 la protection de vos donn\u00e9es\u00a0<\/strong><\/p><p>Conform\u00e9ment \u00e0 la loi n\u00b0 78-17 du 6 janvier 1978 relative \u00e0 l\u2019informatique, aux fichiers et aux libert\u00e9s, modifi\u00e9e par le R\u00e8glement europ\u00e9en 2016\/679 du 27 Avril 2016 relatif \u00e0 la protection des donn\u00e9es personnelles, vous disposez de plusieurs droits pour la gestion de vos donn\u00e9es.\u00a0<\/p><ul><li>Le droit d\u2019acc\u00e8s<br \/>Vous pouvez demander \u00e0\u00a0<strong>Tahiti Plaisirs<\/strong>\u00a0d\u2019obtenir la confirmation que des donn\u00e9es personnelles vous concernant sont ou ne sont pas trait\u00e9es par nos services. Si elles le sont, vous pouvez en demander la copie.<\/li><li>Le droit de rectification<br \/>Le droit de demander \u00e0\u00a0<strong>Tahiti Plaisirs<\/strong>\u00a0la modification de vos informations inexactes sur sa base de donn\u00e9es.<\/li><li>Le droit \u00e0 l\u2019effacement<br \/>Vous souhaitez que\u00a0<strong>Tahiti Plaisirs<\/strong>\u00a0efface vos informations contenues dans nos bases de donn\u00e9es ? C\u2019est possible.<\/li><li>Le droit d\u2019opposition et de retrait de consentement<br \/>Vous souhaitez ne pas ou ne plus appara\u00eetre sur un fichier de nos bases, vous le pouvez en exer\u00e7ant l\u2019un de ces droits et \u00e0 tout moment.<\/li><li>Le droit d\u2019introduire une r\u00e9clamation aupr\u00e8s de la CNIL<br \/>Vous pouvez introduire une r\u00e9clamation si vous consid\u00e9rez que le traitement de donn\u00e9es \u00e0 caract\u00e8re personnel vous concernant constitue une violation \u00e0 la r\u00e8glementation. Si vous souhaitez avoir des informations suppl\u00e9mentaires sur vos droits, et plus particuli\u00e8rement sur ce dernier droit, dirigez-vous sur\u00a0le site web de la Commission Nationale de l\u2019Informatique et des Libert\u00e9s.<\/li><\/ul><p>Contact pour l\u2019exercice de vos droits :\u00a0<a href=\"mailto:tahitiplaisirs@gmail.com\">tahitiplaisirs@gmail.com<\/a><\/p><p>Pour toute question relative \u00e0 la pr\u00e9sente charte ou pour l\u2019exercice de vos droits, vous pouvez nous envoyer conform\u00e9ment \u00e0 la r\u00e9glementation, une demande accompagn\u00e9e d\u2019un justificatif d\u2019identit\u00e9 valide :<\/p><p>soit par courrier \u00e0 l\u2019adresse suivante :<\/p><p><strong>Tahiti Plaisirs<\/strong><\/p><p>BP : 51 579 Pirae 98716 Tahiti<\/p><p>soit par e-mail \u00e0 :\u00a0<a href=\"mailto:tahitiplaisirs@gmail.com\">tahitiplaisirs@gmail.com<\/a><\/p><p><strong>Mise \u00e0 jour de notre charte de protection des donn\u00e9es<\/strong><\/p><p>La pr\u00e9sente charte peut \u00eatre mise \u00e0 jour p\u00e9riodiquement et sans pr\u00e9avis. Toute modification entre en vigueur imm\u00e9diatement \u00e0 partir de la publication de la nouvelle charte. Toutefois, nous utilisons vos donn\u00e9es personnelles conform\u00e9ment \u00e0 la Charte en vigueur au moment o\u00f9 vous nous soumettez les dites donn\u00e9es. Nous vous avertirons de tout changement important de notre charte et solliciterons votre consentement si cela est n\u00e9cessaire et impacte la finalit\u00e9 de la collecte de vos donn\u00e9es personnelles.<\/p>\t\t\t\t\t\t\t\t<\/div>\n\t\t\t\t\t<\/div>\n\t\t<\/div>\n\t\t\t\t\t<\/div>\n\t\t<\/section>\n\t\t\t\t<\/div>","protected":false},"excerpt":{"rendered":"<p>Tahiti Plaisirs votre espace bien-\u00eatre et \u00e9panouissement sexuel en ligne porte une attention toute particuli\u00e8re \u00e0 la protection des donn\u00e9es personnelles de ses clients. D\u00e8s lors, Tahiti Plaisirs\u00a0s\u2019engage \u00e0 respecter la loi n\u00b0 78-17 du 6 janvier 1978 relative \u00e0 l\u2019informatique, aux fichiers et aux libert\u00e9s, modifi\u00e9e par le r\u00e8glement europ\u00e9en 2016\/679 du 27 avril [&hellip;]<\/p>\n","protected":false},"author":1,"featured_media":0,"parent":0,"menu_order":0,"comment_status":"closed","ping_status":"closed","template":"elementor_header_footer","meta":{"footnotes":""},"class_list":["post-765","page","type-page","status-publish","hentry"],"_links":{"self":[{"href":"https:\/\/www.tahitiplaisirs.com\/en\/wp-json\/wp\/v2\/pages\/765","targetHints":{"allow":["GET"]}}],"collection":[{"href":"https:\/\/www.tahitiplaisirs.com\/en\/wp-json\/wp\/v2\/pages"}],"about":[{"href":"https:\/\/www.tahitiplaisirs.com\/en\/wp-json\/wp\/v2\/types\/page"}],"author":[{"embeddable":true,"href":"https:\/\/www.tahitiplaisirs.com\/en\/wp-json\/wp\/v2\/users\/1"}],"replies":[{"embeddable":true,"href":"https:\/\/www.tahitiplaisirs.com\/en\/wp-json\/wp\/v2\/comments?post=765"}],"version-history":[{"count":8,"href":"https:\/\/www.tahitiplaisirs.com\/en\/wp-json\/wp\/v2\/pages\/765\/revisions"}],"predecessor-version":[{"id":9445,"href":"https:\/\/www.tahitiplaisirs.com\/en\/wp-json\/wp\/v2\/pages\/765\/revisions\/9445"}],"wp:attachment":[{"href":"https:\/\/www.tahitiplaisirs.com\/en\/wp-json\/wp\/v2\/media?parent=765"}],"curies":[{"name":"wp","href":"https:\/\/api.w.org\/{rel}","templated":true}]}}