{"id":3146,"date":"2025-08-15T15:59:01","date_gmt":"2025-08-16T01:59:01","guid":{"rendered":"https:\/\/www.tahitiplaisirs.com\/?post_type=product&#038;p=3146"},"modified":"2026-03-04T11:30:10","modified_gmt":"2026-03-04T21:30:10","slug":"mini-robe-mauve-kl-s-l","status":"publish","type":"product","link":"https:\/\/www.tahitiplaisirs.com\/en\/product\/mini-robe-mauve-kl-s-l\/","title":{"rendered":"Mini robe mauve KL S-L"},"content":{"rendered":"","protected":false},"excerpt":{"rendered":"<p>Mini robe mauve KL S-L<\/p>\n<p><span dir=\"auto\">Sublimez votre allure avec cette robe sexy et raffin\u00e9, orn\u00e9 d&rsquo;un motif r\u00e9sille transparente !<\/span><\/p>\n<p><span dir=\"auto\">Robe \u00e0 manches longues, avec d<\/span><span dir=\"auto\">\u00e9coupes travaill\u00e9es, r<\/span><span dir=\"auto\">\u00e9sille transparente, d<\/span><span dir=\"auto\">oux et confortable<\/span><\/p>\n<p><span dir=\"auto\">Le string est inclus<\/span><\/p>\n<p><span dir=\"auto\">Composition : 92 % nylon, 8 % \u00e9lasthanne<\/span><\/p>","protected":false},"featured_media":10307,"template":"","meta":[],"product_brand":[136],"product_cat":[73,74,63],"product_tag":[],"class_list":{"0":"post-3146","1":"product","2":"type-product","3":"status-publish","4":"has-post-thumbnail","6":"product_brand-killer-legs","7":"product_cat-lingerie-sexy","8":"product_cat-nuisettes-bodys-et-set","9":"product_cat-pour-elle","12":"instock","13":"taxable","14":"shipping-taxable","15":"purchasable","16":"product-type-simple","17":"product-grid-view"},"_links":{"self":[{"href":"https:\/\/www.tahitiplaisirs.com\/en\/wp-json\/wp\/v2\/product\/3146","targetHints":{"allow":["GET"]}}],"collection":[{"href":"https:\/\/www.tahitiplaisirs.com\/en\/wp-json\/wp\/v2\/product"}],"about":[{"href":"https:\/\/www.tahitiplaisirs.com\/en\/wp-json\/wp\/v2\/types\/product"}],"version-history":[{"count":3,"href":"https:\/\/www.tahitiplaisirs.com\/en\/wp-json\/wp\/v2\/product\/3146\/revisions"}],"predecessor-version":[{"id":10319,"href":"https:\/\/www.tahitiplaisirs.com\/en\/wp-json\/wp\/v2\/product\/3146\/revisions\/10319"}],"wp:featuredmedia":[{"embeddable":true,"href":"https:\/\/www.tahitiplaisirs.com\/en\/wp-json\/wp\/v2\/media\/10307"}],"wp:attachment":[{"href":"https:\/\/www.tahitiplaisirs.com\/en\/wp-json\/wp\/v2\/media?parent=3146"}],"wp:term":[{"taxonomy":"product_brand","embeddable":true,"href":"https:\/\/www.tahitiplaisirs.com\/en\/wp-json\/wp\/v2\/product_brand?post=3146"},{"taxonomy":"product_cat","embeddable":true,"href":"https:\/\/www.tahitiplaisirs.com\/en\/wp-json\/wp\/v2\/product_cat?post=3146"},{"taxonomy":"product_tag","embeddable":true,"href":"https:\/\/www.tahitiplaisirs.com\/en\/wp-json\/wp\/v2\/product_tag?post=3146"}],"curies":[{"name":"wp","href":"https:\/\/api.w.org\/{rel}","templated":true}]}}