{"id":3160,"date":"2025-08-15T15:59:01","date_gmt":"2025-08-16T01:59:01","guid":{"rendered":"https:\/\/www.tahitiplaisirs.com\/?post_type=product&#038;p=3160"},"modified":"2026-02-24T15:21:20","modified_gmt":"2026-02-25T01:21:20","slug":"coffret-sensual-escapade","status":"publish","type":"product","link":"https:\/\/www.tahitiplaisirs.com\/en\/product\/coffret-sensual-escapade\/","title":{"rendered":"Coffret Sensual Escapade"},"content":{"rendered":"","protected":false},"excerpt":{"rendered":"<p>Coffret Sensual Escapade<\/p>\n<p>Offrez \u00e0 votre partenaire une d\u00e9licieuse soir\u00e9e sous le signe de la sensualit\u00e9 avec cette pochette surprise sac cadeau Escapade Sensuelle contenant 6 produits coquinsde bien-\u00eatre et de divertissement \u00e9rotique !<\/p>\n<p>Passez ensemble des\u00a0moments intimes inoubliables\u00a0qui renforceront la\u00a0complicit\u00e9\u00a0pour un\u00a0\u00e9panouissement\u00a0partag\u00e9 !<\/p>\n<p>La pochette surprise Escapade Sensuelle\u00a0contient :<\/p>\n<ul>\n<li>1 pot de chocolat liquide \u00e0 d\u00e9guster sur le corps de votre partenaire<\/li>\n<li>1 pinceau pour appliquer le chocolat tout en massant le corps de votre partenaire<\/li>\n<li>1 chandelle \u00e0 massage, pour une ambiance tamis\u00e9e, parfum\u00e9e, et de sensuels massages \u00e9rotiques<\/li>\n<li>1 jeu roulette chocolat, pour vous faire plaisir de mani\u00e8re ludique<\/li>\n<li>1 bandeau pour les yeux, pour sublimer vos exp\u00e9riences sensorielles \u00e9rotiques<\/li>\n<li>1 billet de loterie pour couple, pour une touche de fun<\/li>\n<\/ul>\n<p>Le contenu peut varier en fonction des disponibilit\u00e9s.<\/p>","protected":false},"featured_media":10302,"template":"","meta":[],"product_brand":[],"product_cat":[142],"product_tag":[],"class_list":{"0":"post-3160","1":"product","2":"type-product","3":"status-publish","4":"has-post-thumbnail","6":"product_cat-coffret-sexy","9":"instock","10":"taxable","11":"shipping-taxable","12":"purchasable","13":"product-type-simple","14":"product-grid-view"},"_links":{"self":[{"href":"https:\/\/www.tahitiplaisirs.com\/en\/wp-json\/wp\/v2\/product\/3160","targetHints":{"allow":["GET"]}}],"collection":[{"href":"https:\/\/www.tahitiplaisirs.com\/en\/wp-json\/wp\/v2\/product"}],"about":[{"href":"https:\/\/www.tahitiplaisirs.com\/en\/wp-json\/wp\/v2\/types\/product"}],"version-history":[{"count":3,"href":"https:\/\/www.tahitiplaisirs.com\/en\/wp-json\/wp\/v2\/product\/3160\/revisions"}],"predecessor-version":[{"id":10305,"href":"https:\/\/www.tahitiplaisirs.com\/en\/wp-json\/wp\/v2\/product\/3160\/revisions\/10305"}],"wp:featuredmedia":[{"embeddable":true,"href":"https:\/\/www.tahitiplaisirs.com\/en\/wp-json\/wp\/v2\/media\/10302"}],"wp:attachment":[{"href":"https:\/\/www.tahitiplaisirs.com\/en\/wp-json\/wp\/v2\/media?parent=3160"}],"wp:term":[{"taxonomy":"product_brand","embeddable":true,"href":"https:\/\/www.tahitiplaisirs.com\/en\/wp-json\/wp\/v2\/product_brand?post=3160"},{"taxonomy":"product_cat","embeddable":true,"href":"https:\/\/www.tahitiplaisirs.com\/en\/wp-json\/wp\/v2\/product_cat?post=3160"},{"taxonomy":"product_tag","embeddable":true,"href":"https:\/\/www.tahitiplaisirs.com\/en\/wp-json\/wp\/v2\/product_tag?post=3160"}],"curies":[{"name":"wp","href":"https:\/\/api.w.org\/{rel}","templated":true}]}}