{"id":3269,"date":"2025-08-15T16:10:53","date_gmt":"2025-08-16T02:10:53","guid":{"rendered":"https:\/\/www.tahitiplaisirs.com\/?post_type=product&#038;p=3269"},"modified":"2026-03-21T14:31:06","modified_gmt":"2026-03-22T00:31:06","slug":"robe-orange-kl-s-l","status":"publish","type":"product","link":"https:\/\/www.tahitiplaisirs.com\/en\/product\/robe-orange-kl-s-l\/","title":{"rendered":"Robe orange KL S-L"},"content":{"rendered":"","protected":false},"excerpt":{"rendered":"<p>Robe orange S-L de Killer Legs<\/p>\n<p><span dir=\"auto\">Cette mini robe dos nu sublimera votre silhouette et vous donnera une allure irr\u00e9sistible !<\/span><\/p>\n<p><span dir=\"auto\">Avec son d\u00e9collet\u00e9 dos nu \u00e0 volants et ses manches \u00e0 la coupe unique , jusqu&rsquo;\u00e0 son corsage brod\u00e9 d&rsquo;un pendentif.<\/span><\/p>\n<p><span dir=\"auto\">String inclus<\/span><\/p>\n<p><span dir=\"auto\">Composition : 92 % nylon, 8 % \u00e9lasthanne<\/span><\/p>","protected":false},"featured_media":10313,"template":"","meta":[],"product_brand":[136],"product_cat":[73,74,63],"product_tag":[],"class_list":{"0":"post-3269","1":"product","2":"type-product","3":"status-publish","4":"has-post-thumbnail","6":"product_brand-killer-legs","7":"product_cat-lingerie-sexy","8":"product_cat-nuisettes-bodys-et-set","9":"product_cat-pour-elle","12":"instock","13":"purchasable","14":"product-type-simple","15":"product-grid-view"},"_links":{"self":[{"href":"https:\/\/www.tahitiplaisirs.com\/en\/wp-json\/wp\/v2\/product\/3269","targetHints":{"allow":["GET"]}}],"collection":[{"href":"https:\/\/www.tahitiplaisirs.com\/en\/wp-json\/wp\/v2\/product"}],"about":[{"href":"https:\/\/www.tahitiplaisirs.com\/en\/wp-json\/wp\/v2\/types\/product"}],"version-history":[{"count":3,"href":"https:\/\/www.tahitiplaisirs.com\/en\/wp-json\/wp\/v2\/product\/3269\/revisions"}],"predecessor-version":[{"id":10321,"href":"https:\/\/www.tahitiplaisirs.com\/en\/wp-json\/wp\/v2\/product\/3269\/revisions\/10321"}],"wp:featuredmedia":[{"embeddable":true,"href":"https:\/\/www.tahitiplaisirs.com\/en\/wp-json\/wp\/v2\/media\/10313"}],"wp:attachment":[{"href":"https:\/\/www.tahitiplaisirs.com\/en\/wp-json\/wp\/v2\/media?parent=3269"}],"wp:term":[{"taxonomy":"product_brand","embeddable":true,"href":"https:\/\/www.tahitiplaisirs.com\/en\/wp-json\/wp\/v2\/product_brand?post=3269"},{"taxonomy":"product_cat","embeddable":true,"href":"https:\/\/www.tahitiplaisirs.com\/en\/wp-json\/wp\/v2\/product_cat?post=3269"},{"taxonomy":"product_tag","embeddable":true,"href":"https:\/\/www.tahitiplaisirs.com\/en\/wp-json\/wp\/v2\/product_tag?post=3269"}],"curies":[{"name":"wp","href":"https:\/\/api.w.org\/{rel}","templated":true}]}}