{"id":3270,"date":"2025-08-15T16:10:53","date_gmt":"2025-08-16T02:10:53","guid":{"rendered":"https:\/\/www.tahitiplaisirs.com\/?post_type=product&#038;p=3270"},"modified":"2026-04-15T13:17:07","modified_gmt":"2026-04-15T23:17:07","slug":"lubrifiant-toko-aqua","status":"publish","type":"product","link":"https:\/\/www.tahitiplaisirs.com\/en\/product\/lubrifiant-toko-aqua\/","title":{"rendered":"Lubrifiant Toko aqua"},"content":{"rendered":"","protected":false},"excerpt":{"rendered":"<p>Lubrifiant Aqua de Toko by Shunga Erotic Art<\/p>\n<p>La formulation Toko a \u00e9t\u00e9 \u00e9labor\u00e9e avec une seule id\u00e9e en t\u00eate: cr\u00e9er un lubrifiant \u00e0 base d&rsquo;eau de haute qualit\u00e9 performant tout en conservant une texture ultra soyeuse qui procure une lubrification sans fin<\/p>\n<p>Ingr\u00e9dients : Eau, Glyc\u00e9rine, Propyl\u00e8ne Glycol, Polyquaternium-7<\/p>\n<p>Contenance : 165 ml<\/p>","protected":false},"featured_media":8800,"template":"","meta":[],"product_brand":[90],"product_cat":[50],"product_tag":[],"class_list":{"0":"post-3270","1":"product","2":"type-product","3":"status-publish","4":"has-post-thumbnail","6":"product_brand-shunga-erotic-art","7":"product_cat-lubrifiants","10":"instock","11":"taxable","12":"shipping-taxable","13":"purchasable","14":"product-type-simple","15":"product-grid-view"},"_links":{"self":[{"href":"https:\/\/www.tahitiplaisirs.com\/en\/wp-json\/wp\/v2\/product\/3270","targetHints":{"allow":["GET"]}}],"collection":[{"href":"https:\/\/www.tahitiplaisirs.com\/en\/wp-json\/wp\/v2\/product"}],"about":[{"href":"https:\/\/www.tahitiplaisirs.com\/en\/wp-json\/wp\/v2\/types\/product"}],"version-history":[{"count":2,"href":"https:\/\/www.tahitiplaisirs.com\/en\/wp-json\/wp\/v2\/product\/3270\/revisions"}],"predecessor-version":[{"id":8802,"href":"https:\/\/www.tahitiplaisirs.com\/en\/wp-json\/wp\/v2\/product\/3270\/revisions\/8802"}],"wp:featuredmedia":[{"embeddable":true,"href":"https:\/\/www.tahitiplaisirs.com\/en\/wp-json\/wp\/v2\/media\/8800"}],"wp:attachment":[{"href":"https:\/\/www.tahitiplaisirs.com\/en\/wp-json\/wp\/v2\/media?parent=3270"}],"wp:term":[{"taxonomy":"product_brand","embeddable":true,"href":"https:\/\/www.tahitiplaisirs.com\/en\/wp-json\/wp\/v2\/product_brand?post=3270"},{"taxonomy":"product_cat","embeddable":true,"href":"https:\/\/www.tahitiplaisirs.com\/en\/wp-json\/wp\/v2\/product_cat?post=3270"},{"taxonomy":"product_tag","embeddable":true,"href":"https:\/\/www.tahitiplaisirs.com\/en\/wp-json\/wp\/v2\/product_tag?post=3270"}],"curies":[{"name":"wp","href":"https:\/\/api.w.org\/{rel}","templated":true}]}}