{"id":3272,"date":"2025-08-15T16:10:54","date_gmt":"2025-08-16T02:10:54","guid":{"rendered":"https:\/\/www.tahitiplaisirs.com\/?post_type=product&#038;p=3272"},"modified":"2026-03-27T11:02:11","modified_gmt":"2026-03-27T21:02:11","slug":"creme-maxi-male-200ml","status":"publish","type":"product","link":"https:\/\/www.tahitiplaisirs.com\/en\/product\/creme-maxi-male-200ml\/","title":{"rendered":"Cr\u00e8me Maxi Male 200ml"},"content":{"rendered":"","protected":false},"excerpt":{"rendered":"<p>Cr\u00e8me Maxi Male 200ml de Ruf<\/p>\n<p>Maxi Male est une cr\u00e8me de massage riche et onctueuse pour le d\u00e9veloppement du p\u00e9nis.<\/p>\n<p>Principalement \u00e0 base de Ginseng (r\u00e9put\u00e9 tonique et aphrodisiaque), de Gingko conjugu\u00e9 \u00e0 l&rsquo;action du Marron d&rsquo;Inde (agissant sur la micro circulation) et de Centella Asiatica ( tonique et vasodilatateur), la cr\u00e8me Maxi Male hydrate les couches superficielles de l&rsquo;\u00e9piderme et favorise la stimulation de la micro circulation sanguine du p\u00e9nis.<\/p>\n<p>Appliquer une noisette de cr\u00e8me sur l&rsquo;ensemble de la verge, en allant de la base vers le sommet.<\/p>\n<p>Masser des deux mains alternativement, jusqu&rsquo;\u00e0 p\u00e9n\u00e9tration totale de la cr\u00e8me.<\/p>\n<p>La cr\u00e8me \u00ab\u00a0Maxi Male\u00a0\u00bb ne s&rsquo;utilise qu&rsquo;en usage externe.<\/p>","protected":false},"featured_media":11152,"template":"","meta":[],"product_brand":[],"product_cat":[49,52,51],"product_tag":[],"class_list":{"0":"post-3272","1":"product","2":"type-product","3":"status-publish","4":"has-post-thumbnail","6":"product_cat-bien-etre","7":"product_cat-developpement-du-penis","8":"product_cat-pour-lui","11":"instock","12":"purchasable","13":"product-type-simple","14":"product-grid-view"},"_links":{"self":[{"href":"https:\/\/www.tahitiplaisirs.com\/en\/wp-json\/wp\/v2\/product\/3272","targetHints":{"allow":["GET"]}}],"collection":[{"href":"https:\/\/www.tahitiplaisirs.com\/en\/wp-json\/wp\/v2\/product"}],"about":[{"href":"https:\/\/www.tahitiplaisirs.com\/en\/wp-json\/wp\/v2\/types\/product"}],"version-history":[{"count":2,"href":"https:\/\/www.tahitiplaisirs.com\/en\/wp-json\/wp\/v2\/product\/3272\/revisions"}],"predecessor-version":[{"id":11154,"href":"https:\/\/www.tahitiplaisirs.com\/en\/wp-json\/wp\/v2\/product\/3272\/revisions\/11154"}],"wp:featuredmedia":[{"embeddable":true,"href":"https:\/\/www.tahitiplaisirs.com\/en\/wp-json\/wp\/v2\/media\/11152"}],"wp:attachment":[{"href":"https:\/\/www.tahitiplaisirs.com\/en\/wp-json\/wp\/v2\/media?parent=3272"}],"wp:term":[{"taxonomy":"product_brand","embeddable":true,"href":"https:\/\/www.tahitiplaisirs.com\/en\/wp-json\/wp\/v2\/product_brand?post=3272"},{"taxonomy":"product_cat","embeddable":true,"href":"https:\/\/www.tahitiplaisirs.com\/en\/wp-json\/wp\/v2\/product_cat?post=3272"},{"taxonomy":"product_tag","embeddable":true,"href":"https:\/\/www.tahitiplaisirs.com\/en\/wp-json\/wp\/v2\/product_tag?post=3272"}],"curies":[{"name":"wp","href":"https:\/\/api.w.org\/{rel}","templated":true}]}}