{"id":3273,"date":"2025-08-15T16:10:54","date_gmt":"2025-08-16T02:10:54","guid":{"rendered":"https:\/\/www.tahitiplaisirs.com\/?post_type=product&#038;p=3273"},"modified":"2026-03-04T11:28:06","modified_gmt":"2026-03-04T21:28:06","slug":"robe-noire-paillettes-kl-s-l","status":"publish","type":"product","link":"https:\/\/www.tahitiplaisirs.com\/en\/product\/robe-noire-paillettes-kl-s-l\/","title":{"rendered":"Robe noire paillettes KL S-L"},"content":{"rendered":"","protected":false},"excerpt":{"rendered":"<p>Robe noire paillettes S-L Killer Legs<\/p>\n<p><span dir=\"auto\">Robe transparente \u00e0 \u00e9toiles, d\u00e9collet\u00e9 \u00e9paules d\u00e9nud\u00e9es et manches amovibles.<\/span><\/p>\n<p><span dir=\"auto\">Un mod\u00e8le flatteur et brillant dans une mati\u00e8re stretch et ajust\u00e9e qui affine votre taille et met en valeur vos hanches.<\/span><\/p>\n<p><span dir=\"auto\">Le string est inclus.<\/span><\/p>\n<p><span dir=\"auto\">Composition : 92 % nylon, 8 % \u00e9lasthanne<\/span><\/p>","protected":false},"featured_media":10317,"template":"","meta":[],"product_brand":[136],"product_cat":[73,74,63],"product_tag":[],"class_list":{"0":"post-3273","1":"product","2":"type-product","3":"status-publish","4":"has-post-thumbnail","6":"product_brand-killer-legs","7":"product_cat-lingerie-sexy","8":"product_cat-nuisettes-bodys-et-set","9":"product_cat-pour-elle","12":"instock","13":"purchasable","14":"product-type-simple","15":"product-grid-view"},"_links":{"self":[{"href":"https:\/\/www.tahitiplaisirs.com\/en\/wp-json\/wp\/v2\/product\/3273","targetHints":{"allow":["GET"]}}],"collection":[{"href":"https:\/\/www.tahitiplaisirs.com\/en\/wp-json\/wp\/v2\/product"}],"about":[{"href":"https:\/\/www.tahitiplaisirs.com\/en\/wp-json\/wp\/v2\/types\/product"}],"version-history":[{"count":3,"href":"https:\/\/www.tahitiplaisirs.com\/en\/wp-json\/wp\/v2\/product\/3273\/revisions"}],"predecessor-version":[{"id":10329,"href":"https:\/\/www.tahitiplaisirs.com\/en\/wp-json\/wp\/v2\/product\/3273\/revisions\/10329"}],"wp:featuredmedia":[{"embeddable":true,"href":"https:\/\/www.tahitiplaisirs.com\/en\/wp-json\/wp\/v2\/media\/10317"}],"wp:attachment":[{"href":"https:\/\/www.tahitiplaisirs.com\/en\/wp-json\/wp\/v2\/media?parent=3273"}],"wp:term":[{"taxonomy":"product_brand","embeddable":true,"href":"https:\/\/www.tahitiplaisirs.com\/en\/wp-json\/wp\/v2\/product_brand?post=3273"},{"taxonomy":"product_cat","embeddable":true,"href":"https:\/\/www.tahitiplaisirs.com\/en\/wp-json\/wp\/v2\/product_cat?post=3273"},{"taxonomy":"product_tag","embeddable":true,"href":"https:\/\/www.tahitiplaisirs.com\/en\/wp-json\/wp\/v2\/product_tag?post=3273"}],"curies":[{"name":"wp","href":"https:\/\/api.w.org\/{rel}","templated":true}]}}