{"id":3309,"date":"2025-08-15T16:10:56","date_gmt":"2025-08-16T02:10:56","guid":{"rendered":"https:\/\/www.tahitiplaisirs.com\/?post_type=product&#038;p=3309"},"modified":"2026-03-21T14:27:16","modified_gmt":"2026-03-22T00:27:16","slug":"gode-ceinture-chair-6-15cm","status":"publish","type":"product","link":"https:\/\/www.tahitiplaisirs.com\/en\/product\/gode-ceinture-chair-6-15cm\/","title":{"rendered":"Gode ceinture chair 6\u00a0\u00bb &#8211; 15cm"},"content":{"rendered":"","protected":false},"excerpt":{"rendered":"<p>Gode ceinture chair \u00ab\u00a0Hollow Strap-On\u00a0\u00bb 6\u00a0\u00bb &#8211; 15cm de Dr Skin &#8211; Blush<\/p>\n<p>Gode ceinture creux et rigide con\u00e7u pour \u00eatre porter aussi bien par Monsieur que par Madame !<\/p>\n<p>D&rsquo;une longueur de 15cm sur 4,2cm de diam\u00e8tre, sa forme est tr\u00e8s r\u00e9aliste.<\/p>\n<p>Pourvu d&rsquo;une ceinture r\u00e9glable large pour un bon maintient.<\/p>\n<p>Article non toxique, garanti sans phtalates.<\/p>","protected":false},"featured_media":8168,"template":"","meta":[],"product_brand":[126,88],"product_cat":[54,47],"product_tag":[],"class_list":{"0":"post-3309","1":"product","2":"type-product","3":"status-publish","4":"has-post-thumbnail","6":"product_brand-blush","7":"product_brand-dr-skin","8":"product_cat-godes-ceintures","9":"product_cat-sextoys","12":"instock","13":"purchasable","14":"product-type-simple","15":"product-grid-view"},"_links":{"self":[{"href":"https:\/\/www.tahitiplaisirs.com\/en\/wp-json\/wp\/v2\/product\/3309","targetHints":{"allow":["GET"]}}],"collection":[{"href":"https:\/\/www.tahitiplaisirs.com\/en\/wp-json\/wp\/v2\/product"}],"about":[{"href":"https:\/\/www.tahitiplaisirs.com\/en\/wp-json\/wp\/v2\/types\/product"}],"version-history":[{"count":3,"href":"https:\/\/www.tahitiplaisirs.com\/en\/wp-json\/wp\/v2\/product\/3309\/revisions"}],"predecessor-version":[{"id":10440,"href":"https:\/\/www.tahitiplaisirs.com\/en\/wp-json\/wp\/v2\/product\/3309\/revisions\/10440"}],"wp:featuredmedia":[{"embeddable":true,"href":"https:\/\/www.tahitiplaisirs.com\/en\/wp-json\/wp\/v2\/media\/8168"}],"wp:attachment":[{"href":"https:\/\/www.tahitiplaisirs.com\/en\/wp-json\/wp\/v2\/media?parent=3309"}],"wp:term":[{"taxonomy":"product_brand","embeddable":true,"href":"https:\/\/www.tahitiplaisirs.com\/en\/wp-json\/wp\/v2\/product_brand?post=3309"},{"taxonomy":"product_cat","embeddable":true,"href":"https:\/\/www.tahitiplaisirs.com\/en\/wp-json\/wp\/v2\/product_cat?post=3309"},{"taxonomy":"product_tag","embeddable":true,"href":"https:\/\/www.tahitiplaisirs.com\/en\/wp-json\/wp\/v2\/product_tag?post=3309"}],"curies":[{"name":"wp","href":"https:\/\/api.w.org\/{rel}","templated":true}]}}