{"id":3310,"date":"2025-08-15T16:10:56","date_gmt":"2025-08-16T02:10:56","guid":{"rendered":"https:\/\/www.tahitiplaisirs.com\/?post_type=product&#038;p=3310"},"modified":"2026-02-24T15:17:18","modified_gmt":"2026-02-25T01:17:18","slug":"double-gode-ceinture-rouge","status":"publish","type":"product","link":"https:\/\/www.tahitiplaisirs.com\/en\/product\/double-gode-ceinture-rouge\/","title":{"rendered":"Double gode ceinture rouge"},"content":{"rendered":"","protected":false},"excerpt":{"rendered":"<p>Double gode ceinture rouge de Fetish Tentation<\/p>\n<p>Double gode ceinture, un gode interne et un externe, pour le plaisir des 2 partenaires.<\/p>\n<p>Port\u00e9 sp\u00e9cifiquement par Madame, ce double gode ceinture poss\u00e8de un gode externe de 15,5cm x 3cm et un gode interne de 8,7cm x 2,9cm\u00a0 permettant de p\u00e9n\u00e9trer les 2 partenaires simultan\u00e9ment.<\/p>\n<p>Les godemich\u00e9s sont con\u00e7us en silicone de haute qualit\u00e9, sans phtalate.<\/p>\n<p>La ceinture en simili cuir est r\u00e9glable et reste bien en place y compris au moment le plus fort de l&rsquo;action.<\/p>","protected":false},"featured_media":10029,"template":"","meta":[],"product_brand":[],"product_cat":[144,54,63,47],"product_tag":[],"class_list":{"0":"post-3310","1":"product","2":"type-product","3":"status-publish","4":"has-post-thumbnail","6":"product_cat-godes-ceintures-femmes","7":"product_cat-godes-ceintures","8":"product_cat-pour-elle","9":"product_cat-sextoys","12":"instock","13":"purchasable","14":"product-type-simple","15":"product-grid-view"},"_links":{"self":[{"href":"https:\/\/www.tahitiplaisirs.com\/en\/wp-json\/wp\/v2\/product\/3310","targetHints":{"allow":["GET"]}}],"collection":[{"href":"https:\/\/www.tahitiplaisirs.com\/en\/wp-json\/wp\/v2\/product"}],"about":[{"href":"https:\/\/www.tahitiplaisirs.com\/en\/wp-json\/wp\/v2\/types\/product"}],"version-history":[{"count":3,"href":"https:\/\/www.tahitiplaisirs.com\/en\/wp-json\/wp\/v2\/product\/3310\/revisions"}],"predecessor-version":[{"id":10036,"href":"https:\/\/www.tahitiplaisirs.com\/en\/wp-json\/wp\/v2\/product\/3310\/revisions\/10036"}],"wp:featuredmedia":[{"embeddable":true,"href":"https:\/\/www.tahitiplaisirs.com\/en\/wp-json\/wp\/v2\/media\/10029"}],"wp:attachment":[{"href":"https:\/\/www.tahitiplaisirs.com\/en\/wp-json\/wp\/v2\/media?parent=3310"}],"wp:term":[{"taxonomy":"product_brand","embeddable":true,"href":"https:\/\/www.tahitiplaisirs.com\/en\/wp-json\/wp\/v2\/product_brand?post=3310"},{"taxonomy":"product_cat","embeddable":true,"href":"https:\/\/www.tahitiplaisirs.com\/en\/wp-json\/wp\/v2\/product_cat?post=3310"},{"taxonomy":"product_tag","embeddable":true,"href":"https:\/\/www.tahitiplaisirs.com\/en\/wp-json\/wp\/v2\/product_tag?post=3310"}],"curies":[{"name":"wp","href":"https:\/\/api.w.org\/{rel}","templated":true}]}}