{"id":3317,"date":"2025-08-15T16:10:56","date_gmt":"2025-08-16T02:10:56","guid":{"rendered":"https:\/\/www.tahitiplaisirs.com\/?post_type=product&#038;p=3317"},"modified":"2026-04-10T10:34:06","modified_gmt":"2026-04-10T20:34:06","slug":"chargeur-noir-satisfyer","status":"publish","type":"product","link":"https:\/\/www.tahitiplaisirs.com\/en\/product\/chargeur-noir-satisfyer\/","title":{"rendered":"Chargeur noir Satisfyer"},"content":{"rendered":"","protected":false},"excerpt":{"rendered":"<p>C\u00e2ble de charge de Satisfyer<\/p>\n<p>C\u00e2ble perdu ou ab\u00eem\u00e9 ?!<\/p>\n<p>Pas de souci ! Tahiti Plaisirs propose des c\u00e2bles de rechange&#8230;<\/p>\n<p>&nbsp;<\/p>","protected":false},"featured_media":9073,"template":"","meta":[],"product_brand":[103],"product_cat":[57],"product_tag":[],"class_list":{"0":"post-3317","1":"product","2":"type-product","3":"status-publish","4":"has-post-thumbnail","6":"product_brand-satisfyer","7":"product_cat-accessoires","10":"instock","11":"taxable","12":"shipping-taxable","13":"purchasable","14":"product-type-simple","15":"product-grid-view"},"_links":{"self":[{"href":"https:\/\/www.tahitiplaisirs.com\/en\/wp-json\/wp\/v2\/product\/3317","targetHints":{"allow":["GET"]}}],"collection":[{"href":"https:\/\/www.tahitiplaisirs.com\/en\/wp-json\/wp\/v2\/product"}],"about":[{"href":"https:\/\/www.tahitiplaisirs.com\/en\/wp-json\/wp\/v2\/types\/product"}],"version-history":[{"count":3,"href":"https:\/\/www.tahitiplaisirs.com\/en\/wp-json\/wp\/v2\/product\/3317\/revisions"}],"predecessor-version":[{"id":9075,"href":"https:\/\/www.tahitiplaisirs.com\/en\/wp-json\/wp\/v2\/product\/3317\/revisions\/9075"}],"wp:featuredmedia":[{"embeddable":true,"href":"https:\/\/www.tahitiplaisirs.com\/en\/wp-json\/wp\/v2\/media\/9073"}],"wp:attachment":[{"href":"https:\/\/www.tahitiplaisirs.com\/en\/wp-json\/wp\/v2\/media?parent=3317"}],"wp:term":[{"taxonomy":"product_brand","embeddable":true,"href":"https:\/\/www.tahitiplaisirs.com\/en\/wp-json\/wp\/v2\/product_brand?post=3317"},{"taxonomy":"product_cat","embeddable":true,"href":"https:\/\/www.tahitiplaisirs.com\/en\/wp-json\/wp\/v2\/product_cat?post=3317"},{"taxonomy":"product_tag","embeddable":true,"href":"https:\/\/www.tahitiplaisirs.com\/en\/wp-json\/wp\/v2\/product_tag?post=3317"}],"curies":[{"name":"wp","href":"https:\/\/api.w.org\/{rel}","templated":true}]}}