{"id":3321,"date":"2025-08-15T16:10:57","date_gmt":"2025-08-16T02:10:57","guid":{"rendered":"https:\/\/www.tahitiplaisirs.com\/?post_type=product&#038;p=3321"},"modified":"2026-02-24T15:21:08","modified_gmt":"2026-02-25T01:21:08","slug":"menottes-oranges-ankle-cuff","status":"publish","type":"product","link":"https:\/\/www.tahitiplaisirs.com\/en\/product\/menottes-oranges-ankle-cuff\/","title":{"rendered":"Menottes oranges Ankle Cuff"},"content":{"rendered":"","protected":false},"excerpt":{"rendered":"<p>Menottes oranges pour chevilles de Radiant<\/p>\n<p>Les menottes de cheville sont id\u00e9ales pour tout amateur de bondage et un choix populaire parmi les d\u00e9butants, et l&rsquo;effet phosphorescent les rend tr\u00e8s int\u00e9ressants !<\/p>\n<p>Cette paire de bracelets de cheville phosphorescents pr\u00e9sente des d\u00e9tails en m\u00e9tal sans nickel dont les poignets sont doubl\u00e9s d&rsquo;un mat\u00e9riau en n\u00e9opr\u00e8ne doux et durable pour un confort de port.<\/p>\n<p>Une cha\u00eene de 12 cm de long maintient les poignets ensemble. La cha\u00eene est d\u00e9tachable d&rsquo;un c\u00f4t\u00e9 avec un mousqueton.<\/p>\n<p>Il est possible d&rsquo;attacher plus de cha\u00eenes ou de crochets de corde, ou des poids suppl\u00e9mentaires.<\/p>\n<p>Mat\u00e9riel: 100% Polyur\u00e9thane &#8211; 100% M\u00e9tal<\/p>","protected":false},"featured_media":10159,"template":"","meta":[],"product_brand":[],"product_cat":[58,59],"product_tag":[],"class_list":{"0":"post-3321","1":"product","2":"type-product","3":"status-publish","4":"has-post-thumbnail","6":"product_cat-bdsm","7":"product_cat-menottes-attaches-baillons","10":"instock","11":"taxable","12":"shipping-taxable","13":"purchasable","14":"product-type-simple","15":"product-grid-view"},"_links":{"self":[{"href":"https:\/\/www.tahitiplaisirs.com\/en\/wp-json\/wp\/v2\/product\/3321","targetHints":{"allow":["GET"]}}],"collection":[{"href":"https:\/\/www.tahitiplaisirs.com\/en\/wp-json\/wp\/v2\/product"}],"about":[{"href":"https:\/\/www.tahitiplaisirs.com\/en\/wp-json\/wp\/v2\/types\/product"}],"version-history":[{"count":3,"href":"https:\/\/www.tahitiplaisirs.com\/en\/wp-json\/wp\/v2\/product\/3321\/revisions"}],"predecessor-version":[{"id":10170,"href":"https:\/\/www.tahitiplaisirs.com\/en\/wp-json\/wp\/v2\/product\/3321\/revisions\/10170"}],"wp:featuredmedia":[{"embeddable":true,"href":"https:\/\/www.tahitiplaisirs.com\/en\/wp-json\/wp\/v2\/media\/10159"}],"wp:attachment":[{"href":"https:\/\/www.tahitiplaisirs.com\/en\/wp-json\/wp\/v2\/media?parent=3321"}],"wp:term":[{"taxonomy":"product_brand","embeddable":true,"href":"https:\/\/www.tahitiplaisirs.com\/en\/wp-json\/wp\/v2\/product_brand?post=3321"},{"taxonomy":"product_cat","embeddable":true,"href":"https:\/\/www.tahitiplaisirs.com\/en\/wp-json\/wp\/v2\/product_cat?post=3321"},{"taxonomy":"product_tag","embeddable":true,"href":"https:\/\/www.tahitiplaisirs.com\/en\/wp-json\/wp\/v2\/product_tag?post=3321"}],"curies":[{"name":"wp","href":"https:\/\/api.w.org\/{rel}","templated":true}]}}