{"id":3322,"date":"2025-08-15T16:10:57","date_gmt":"2025-08-16T02:10:57","guid":{"rendered":"https:\/\/www.tahitiplaisirs.com\/?post_type=product&#038;p=3322"},"modified":"2026-02-24T15:21:06","modified_gmt":"2026-02-25T01:21:06","slug":"menottes-vertes-handcuff","status":"publish","type":"product","link":"https:\/\/www.tahitiplaisirs.com\/en\/product\/menottes-vertes-handcuff\/","title":{"rendered":"Menottes vertes Handcuff"},"content":{"rendered":"","protected":false},"excerpt":{"rendered":"<p>Menottes vertes de Radiant<\/p>\n<p><span dir=\"auto\">Paire de menottes phosphorescentes, sans nickel et doubl\u00e9es de n\u00e9opr\u00e8ne doux et r\u00e9sistant pour des jeux sensuels et confortables.<\/span><\/p>\n<p><span dir=\"auto\">Ces menottes sont enti\u00e8rement r\u00e9glables gr\u00e2ce \u00e0 des boucles et une<\/span><span dir=\"auto\"> cha\u00eene de 10 cm les relie.<\/span><\/p>\n<p><span dir=\"auto\">Cette cha\u00eene est d\u00e9tachable d&rsquo;un c\u00f4t\u00e9 \u00e0 l&rsquo;aide d&rsquo;un mousqueton.<\/span><\/p>\n<p><span dir=\"auto\">Il est possible d&rsquo;ajouter des cha\u00eenes, des crochets ou des poids suppl\u00e9mentaires.<\/span><\/p>","protected":false},"featured_media":10161,"template":"","meta":[],"product_brand":[],"product_cat":[58,59],"product_tag":[],"class_list":{"0":"post-3322","1":"product","2":"type-product","3":"status-publish","4":"has-post-thumbnail","6":"product_cat-bdsm","7":"product_cat-menottes-attaches-baillons","10":"instock","11":"taxable","12":"shipping-taxable","13":"purchasable","14":"product-type-simple","15":"product-grid-view"},"_links":{"self":[{"href":"https:\/\/www.tahitiplaisirs.com\/en\/wp-json\/wp\/v2\/product\/3322","targetHints":{"allow":["GET"]}}],"collection":[{"href":"https:\/\/www.tahitiplaisirs.com\/en\/wp-json\/wp\/v2\/product"}],"about":[{"href":"https:\/\/www.tahitiplaisirs.com\/en\/wp-json\/wp\/v2\/types\/product"}],"version-history":[{"count":3,"href":"https:\/\/www.tahitiplaisirs.com\/en\/wp-json\/wp\/v2\/product\/3322\/revisions"}],"predecessor-version":[{"id":10168,"href":"https:\/\/www.tahitiplaisirs.com\/en\/wp-json\/wp\/v2\/product\/3322\/revisions\/10168"}],"wp:featuredmedia":[{"embeddable":true,"href":"https:\/\/www.tahitiplaisirs.com\/en\/wp-json\/wp\/v2\/media\/10161"}],"wp:attachment":[{"href":"https:\/\/www.tahitiplaisirs.com\/en\/wp-json\/wp\/v2\/media?parent=3322"}],"wp:term":[{"taxonomy":"product_brand","embeddable":true,"href":"https:\/\/www.tahitiplaisirs.com\/en\/wp-json\/wp\/v2\/product_brand?post=3322"},{"taxonomy":"product_cat","embeddable":true,"href":"https:\/\/www.tahitiplaisirs.com\/en\/wp-json\/wp\/v2\/product_cat?post=3322"},{"taxonomy":"product_tag","embeddable":true,"href":"https:\/\/www.tahitiplaisirs.com\/en\/wp-json\/wp\/v2\/product_tag?post=3322"}],"curies":[{"name":"wp","href":"https:\/\/api.w.org\/{rel}","templated":true}]}}