{"id":3323,"date":"2025-08-15T16:10:57","date_gmt":"2025-08-16T02:10:57","guid":{"rendered":"https:\/\/www.tahitiplaisirs.com\/?post_type=product&#038;p=3323"},"modified":"2026-03-04T10:58:05","modified_gmt":"2026-03-04T20:58:05","slug":"robe-filet-mauve-kl-s-l","status":"publish","type":"product","link":"https:\/\/www.tahitiplaisirs.com\/en\/product\/robe-filet-mauve-kl-s-l\/","title":{"rendered":"Robe filet mauve KL S-L"},"content":{"rendered":"","protected":false},"excerpt":{"rendered":"<p>Robe filet mauve S-L de Killer Legs<\/p>\n<p><span dir=\"auto\">Ensemble 3 pi\u00e8ces fabriqu\u00e9 dans un tissu doux et extensible compos\u00e9 de<\/span><\/p>\n<ul>\n<li><span dir=\"auto\">sa mini robe filet<\/span><\/li>\n<li>Les manches ne sont pas int\u00e9gr\u00e9es \u00e0 la robe<\/li>\n<li>le string assorti est inclus<\/li>\n<\/ul>\n<p><span dir=\"auto\">Composition : 92 % nylon, 8 % \u00e9lasthanne<\/span><\/p>","protected":false},"featured_media":10408,"template":"","meta":[],"product_brand":[136],"product_cat":[73,74,63,47],"product_tag":[],"class_list":{"0":"post-3323","1":"product","2":"type-product","3":"status-publish","4":"has-post-thumbnail","6":"product_brand-killer-legs","7":"product_cat-lingerie-sexy","8":"product_cat-nuisettes-bodys-et-set","9":"product_cat-pour-elle","10":"product_cat-sextoys","13":"instock","14":"purchasable","15":"product-type-simple","16":"product-grid-view"},"_links":{"self":[{"href":"https:\/\/www.tahitiplaisirs.com\/en\/wp-json\/wp\/v2\/product\/3323","targetHints":{"allow":["GET"]}}],"collection":[{"href":"https:\/\/www.tahitiplaisirs.com\/en\/wp-json\/wp\/v2\/product"}],"about":[{"href":"https:\/\/www.tahitiplaisirs.com\/en\/wp-json\/wp\/v2\/types\/product"}],"version-history":[{"count":3,"href":"https:\/\/www.tahitiplaisirs.com\/en\/wp-json\/wp\/v2\/product\/3323\/revisions"}],"predecessor-version":[{"id":10410,"href":"https:\/\/www.tahitiplaisirs.com\/en\/wp-json\/wp\/v2\/product\/3323\/revisions\/10410"}],"wp:featuredmedia":[{"embeddable":true,"href":"https:\/\/www.tahitiplaisirs.com\/en\/wp-json\/wp\/v2\/media\/10408"}],"wp:attachment":[{"href":"https:\/\/www.tahitiplaisirs.com\/en\/wp-json\/wp\/v2\/media?parent=3323"}],"wp:term":[{"taxonomy":"product_brand","embeddable":true,"href":"https:\/\/www.tahitiplaisirs.com\/en\/wp-json\/wp\/v2\/product_brand?post=3323"},{"taxonomy":"product_cat","embeddable":true,"href":"https:\/\/www.tahitiplaisirs.com\/en\/wp-json\/wp\/v2\/product_cat?post=3323"},{"taxonomy":"product_tag","embeddable":true,"href":"https:\/\/www.tahitiplaisirs.com\/en\/wp-json\/wp\/v2\/product_tag?post=3323"}],"curies":[{"name":"wp","href":"https:\/\/api.w.org\/{rel}","templated":true}]}}