{"id":3324,"date":"2025-08-15T16:10:57","date_gmt":"2025-08-16T02:10:57","guid":{"rendered":"https:\/\/www.tahitiplaisirs.com\/?post_type=product&#038;p=3324"},"modified":"2026-03-21T14:27:15","modified_gmt":"2026-03-22T00:27:15","slug":"jeu-de-des-party-play","status":"publish","type":"product","link":"https:\/\/www.tahitiplaisirs.com\/en\/product\/jeu-de-des-party-play\/","title":{"rendered":"Jeu de d\u00e9s Party Play"},"content":{"rendered":"","protected":false},"excerpt":{"rendered":"<p>Jeu de d\u00e9s coquins Party Play<\/p>\n<p>Marque: Secret play<\/p>\n<p>Vous pouvez y jouer avec votre partenaire ou faire participer deux autres personnes !<\/p>\n<p>R\u00e8gle du jeu:<\/p>\n<p>Le joueur le plus \u00e2g\u00e9 lancera le d\u00e9 noir qui correspond \u00e0 une \u00ab\u00a0ACTION\u00a0\u00bb et un d\u00e9 color\u00e9 qui correspond aux \u00ab\u00a0PARTIES DU CORPS\u00a0\u00bb<\/p>\n<p>Les autres joueurs lancent chacun un d\u00e9 color\u00e9.<\/p>\n<p>Le d\u00e9tenteur du d\u00e9 noir ex\u00e9cutera l&rsquo;ACTION obtenue avec le joueur dont la PARTIE DU CORPS co\u00efncide avec son d\u00e9 color\u00e9<\/p>\n<p>Contient : 5 d\u00e9s (1 d\u00e9 noir = ACTION et 4 d\u00e9s color\u00e9s = PARTIES DU CORPS)<\/p>\n<p>Bon jeu !<\/p>","protected":false},"featured_media":8192,"template":"","meta":[],"product_brand":[],"product_cat":[57,61],"product_tag":[],"class_list":{"0":"post-3324","1":"product","2":"type-product","3":"status-publish","4":"has-post-thumbnail","6":"product_cat-accessoires","7":"product_cat-jeux-coquins","10":"instock","11":"purchasable","12":"product-type-simple","13":"product-grid-view"},"_links":{"self":[{"href":"https:\/\/www.tahitiplaisirs.com\/en\/wp-json\/wp\/v2\/product\/3324","targetHints":{"allow":["GET"]}}],"collection":[{"href":"https:\/\/www.tahitiplaisirs.com\/en\/wp-json\/wp\/v2\/product"}],"about":[{"href":"https:\/\/www.tahitiplaisirs.com\/en\/wp-json\/wp\/v2\/types\/product"}],"version-history":[{"count":2,"href":"https:\/\/www.tahitiplaisirs.com\/en\/wp-json\/wp\/v2\/product\/3324\/revisions"}],"predecessor-version":[{"id":9409,"href":"https:\/\/www.tahitiplaisirs.com\/en\/wp-json\/wp\/v2\/product\/3324\/revisions\/9409"}],"wp:featuredmedia":[{"embeddable":true,"href":"https:\/\/www.tahitiplaisirs.com\/en\/wp-json\/wp\/v2\/media\/8192"}],"wp:attachment":[{"href":"https:\/\/www.tahitiplaisirs.com\/en\/wp-json\/wp\/v2\/media?parent=3324"}],"wp:term":[{"taxonomy":"product_brand","embeddable":true,"href":"https:\/\/www.tahitiplaisirs.com\/en\/wp-json\/wp\/v2\/product_brand?post=3324"},{"taxonomy":"product_cat","embeddable":true,"href":"https:\/\/www.tahitiplaisirs.com\/en\/wp-json\/wp\/v2\/product_cat?post=3324"},{"taxonomy":"product_tag","embeddable":true,"href":"https:\/\/www.tahitiplaisirs.com\/en\/wp-json\/wp\/v2\/product_tag?post=3324"}],"curies":[{"name":"wp","href":"https:\/\/api.w.org\/{rel}","templated":true}]}}