{"id":3328,"date":"2025-08-15T16:10:57","date_gmt":"2025-08-16T02:10:57","guid":{"rendered":"https:\/\/www.tahitiplaisirs.com\/?post_type=product&#038;p=3328"},"modified":"2026-04-07T12:00:07","modified_gmt":"2026-04-07T22:00:07","slug":"plug-bijou-rouge-small","status":"publish","type":"product","link":"https:\/\/www.tahitiplaisirs.com\/en\/product\/plug-bijou-rouge-small\/","title":{"rendered":"Plug bijou rouge small"},"content":{"rendered":"","protected":false},"excerpt":{"rendered":"<p>Plug bijou en aluminium rouge Small de Secret Play<\/p>\n<p>Superbe plug en aluminium chrom\u00e9 chirurgical argent\u00e9 extra lisse et doux avec bijou strass rouge<\/p>\n<p>Ce mod\u00e8le p\u00e8se 49 grammes pour une longueur de 7,5cm et un diam\u00e8tre de 2,5cm (partie la plus large)<\/p>\n<p>Livr\u00e9 dans sa boite avec un sac de rangement.<\/p>","protected":false},"featured_media":8188,"template":"","meta":[],"product_brand":[91],"product_cat":[62,47],"product_tag":[],"class_list":{"0":"post-3328","1":"product","2":"type-product","3":"status-publish","4":"has-post-thumbnail","6":"product_brand-secret-play","7":"product_cat-plaisir-anal","8":"product_cat-sextoys","11":"instock","12":"purchasable","13":"product-type-simple","14":"product-grid-view"},"_links":{"self":[{"href":"https:\/\/www.tahitiplaisirs.com\/en\/wp-json\/wp\/v2\/product\/3328","targetHints":{"allow":["GET"]}}],"collection":[{"href":"https:\/\/www.tahitiplaisirs.com\/en\/wp-json\/wp\/v2\/product"}],"about":[{"href":"https:\/\/www.tahitiplaisirs.com\/en\/wp-json\/wp\/v2\/types\/product"}],"version-history":[{"count":2,"href":"https:\/\/www.tahitiplaisirs.com\/en\/wp-json\/wp\/v2\/product\/3328\/revisions"}],"predecessor-version":[{"id":9384,"href":"https:\/\/www.tahitiplaisirs.com\/en\/wp-json\/wp\/v2\/product\/3328\/revisions\/9384"}],"wp:featuredmedia":[{"embeddable":true,"href":"https:\/\/www.tahitiplaisirs.com\/en\/wp-json\/wp\/v2\/media\/8188"}],"wp:attachment":[{"href":"https:\/\/www.tahitiplaisirs.com\/en\/wp-json\/wp\/v2\/media?parent=3328"}],"wp:term":[{"taxonomy":"product_brand","embeddable":true,"href":"https:\/\/www.tahitiplaisirs.com\/en\/wp-json\/wp\/v2\/product_brand?post=3328"},{"taxonomy":"product_cat","embeddable":true,"href":"https:\/\/www.tahitiplaisirs.com\/en\/wp-json\/wp\/v2\/product_cat?post=3328"},{"taxonomy":"product_tag","embeddable":true,"href":"https:\/\/www.tahitiplaisirs.com\/en\/wp-json\/wp\/v2\/product_tag?post=3328"}],"curies":[{"name":"wp","href":"https:\/\/api.w.org\/{rel}","templated":true}]}}