{"id":3332,"date":"2025-08-15T16:10:57","date_gmt":"2025-08-16T02:10:57","guid":{"rendered":"https:\/\/www.tahitiplaisirs.com\/?post_type=product&#038;p=3332"},"modified":"2026-02-24T15:16:18","modified_gmt":"2026-02-25T01:16:18","slug":"jeu-de-cartes-sexy-playing-cards","status":"publish","type":"product","link":"https:\/\/www.tahitiplaisirs.com\/en\/product\/jeu-de-cartes-sexy-playing-cards\/","title":{"rendered":"Jeu de cartes Sexy Playing Cards"},"content":{"rendered":"","protected":false},"excerpt":{"rendered":"<p>Jeu de cartes Sexy Playing Cards<\/p>\n<p><span dir=\"auto\">Ces\u00a0<\/span><span dir=\"auto\">cartes \u00e0 jouer coquines <\/span><span dir=\"auto\">sont indispensables pour pimenter votre soir\u00e9e<\/span><\/p>\n<p><span dir=\"auto\">Elles sont vraiment tr\u00e8s explicites et <\/span><span dir=\"auto\">ne laissent absolument rien \u00e0 l&rsquo;imagination<\/span><span dir=\"auto\">\u00a0. R\u00e9serv\u00e9 aux plus de 18 ans !<\/span><\/p>\n<p><span dir=\"auto\">Un\u00a0<\/span><span dir=\"auto\">jeu de cartes <\/span><span dir=\"auto\">est toujours pratique, surtout pour\u00a0<\/span><span dir=\"auto\">les d\u00e9fis et les jeux \u00e0 boire<\/span><span dir=\"auto\"> .<\/span><\/p>\n<p><span dir=\"auto\">Une fa\u00e7on g\u00e9niale de\u00a0<\/span><span dir=\"auto\">r\u00e9veiller le c\u00f4t\u00e9 coquin<\/span><span dir=\"auto\"> avant de passer aux choses s\u00e9rieuses !<\/span><\/p>","protected":false},"featured_media":9989,"template":"","meta":[],"product_brand":[],"product_cat":[57,63],"product_tag":[],"class_list":{"0":"post-3332","1":"product","2":"type-product","3":"status-publish","4":"has-post-thumbnail","6":"product_cat-accessoires","7":"product_cat-pour-elle","10":"instock","11":"taxable","12":"shipping-taxable","13":"purchasable","14":"product-type-simple","15":"product-grid-view"},"_links":{"self":[{"href":"https:\/\/www.tahitiplaisirs.com\/en\/wp-json\/wp\/v2\/product\/3332","targetHints":{"allow":["GET"]}}],"collection":[{"href":"https:\/\/www.tahitiplaisirs.com\/en\/wp-json\/wp\/v2\/product"}],"about":[{"href":"https:\/\/www.tahitiplaisirs.com\/en\/wp-json\/wp\/v2\/types\/product"}],"version-history":[{"count":3,"href":"https:\/\/www.tahitiplaisirs.com\/en\/wp-json\/wp\/v2\/product\/3332\/revisions"}],"predecessor-version":[{"id":9992,"href":"https:\/\/www.tahitiplaisirs.com\/en\/wp-json\/wp\/v2\/product\/3332\/revisions\/9992"}],"wp:featuredmedia":[{"embeddable":true,"href":"https:\/\/www.tahitiplaisirs.com\/en\/wp-json\/wp\/v2\/media\/9989"}],"wp:attachment":[{"href":"https:\/\/www.tahitiplaisirs.com\/en\/wp-json\/wp\/v2\/media?parent=3332"}],"wp:term":[{"taxonomy":"product_brand","embeddable":true,"href":"https:\/\/www.tahitiplaisirs.com\/en\/wp-json\/wp\/v2\/product_brand?post=3332"},{"taxonomy":"product_cat","embeddable":true,"href":"https:\/\/www.tahitiplaisirs.com\/en\/wp-json\/wp\/v2\/product_cat?post=3332"},{"taxonomy":"product_tag","embeddable":true,"href":"https:\/\/www.tahitiplaisirs.com\/en\/wp-json\/wp\/v2\/product_tag?post=3332"}],"curies":[{"name":"wp","href":"https:\/\/api.w.org\/{rel}","templated":true}]}}