{"id":3333,"date":"2025-08-15T16:10:57","date_gmt":"2025-08-16T02:10:57","guid":{"rendered":"https:\/\/www.tahitiplaisirs.com\/?post_type=product&#038;p=3333"},"modified":"2026-02-24T15:20:18","modified_gmt":"2026-02-25T01:20:18","slug":"bac-a-glacons-penis-x5","status":"publish","type":"product","link":"https:\/\/www.tahitiplaisirs.com\/en\/product\/bac-a-glacons-penis-x5\/","title":{"rendered":"Bac \u00e0 gla\u00e7ons p\u00e9nis X5"},"content":{"rendered":"","protected":false},"excerpt":{"rendered":"<p>Bac \u00e0 gla\u00e7ons p\u00e9nis X5 de Sensual Play Thing &#8211; Fun Novelties<\/p>\n<p>D\u00e9couvrez le bac \u00e0 gla\u00e7ons p\u00e9nis, l&rsquo;accessoire parfait pour ajouter une touche coquine \u00e0 vos f\u00eates.<\/p>\n<p>Ce moule \u00e0 gla\u00e7ons original en forme de p\u00e9nis transformera vos boissons en centre d&rsquo;attraction hilarant et conversationnel.<\/p>\n<p>Id\u00e9al pour les soir\u00e9es, les enterrements de vie de jeune fille ou de gar\u00e7on, ou simplement pour surprendre vos ami(e)s.<\/p>","protected":false},"featured_media":9986,"template":"","meta":[],"product_brand":[],"product_cat":[57,63],"product_tag":[],"class_list":{"0":"post-3333","1":"product","2":"type-product","3":"status-publish","4":"has-post-thumbnail","6":"product_cat-accessoires","7":"product_cat-pour-elle","10":"instock","11":"taxable","12":"shipping-taxable","13":"purchasable","14":"product-type-simple","15":"product-grid-view"},"_links":{"self":[{"href":"https:\/\/www.tahitiplaisirs.com\/en\/wp-json\/wp\/v2\/product\/3333","targetHints":{"allow":["GET"]}}],"collection":[{"href":"https:\/\/www.tahitiplaisirs.com\/en\/wp-json\/wp\/v2\/product"}],"about":[{"href":"https:\/\/www.tahitiplaisirs.com\/en\/wp-json\/wp\/v2\/types\/product"}],"version-history":[{"count":3,"href":"https:\/\/www.tahitiplaisirs.com\/en\/wp-json\/wp\/v2\/product\/3333\/revisions"}],"predecessor-version":[{"id":9988,"href":"https:\/\/www.tahitiplaisirs.com\/en\/wp-json\/wp\/v2\/product\/3333\/revisions\/9988"}],"wp:featuredmedia":[{"embeddable":true,"href":"https:\/\/www.tahitiplaisirs.com\/en\/wp-json\/wp\/v2\/media\/9986"}],"wp:attachment":[{"href":"https:\/\/www.tahitiplaisirs.com\/en\/wp-json\/wp\/v2\/media?parent=3333"}],"wp:term":[{"taxonomy":"product_brand","embeddable":true,"href":"https:\/\/www.tahitiplaisirs.com\/en\/wp-json\/wp\/v2\/product_brand?post=3333"},{"taxonomy":"product_cat","embeddable":true,"href":"https:\/\/www.tahitiplaisirs.com\/en\/wp-json\/wp\/v2\/product_cat?post=3333"},{"taxonomy":"product_tag","embeddable":true,"href":"https:\/\/www.tahitiplaisirs.com\/en\/wp-json\/wp\/v2\/product_tag?post=3333"}],"curies":[{"name":"wp","href":"https:\/\/api.w.org\/{rel}","templated":true}]}}