{"id":3336,"date":"2025-08-15T16:10:57","date_gmt":"2025-08-16T02:10:57","guid":{"rendered":"https:\/\/www.tahitiplaisirs.com\/?post_type=product&#038;p=3336"},"modified":"2026-03-21T14:27:10","modified_gmt":"2026-03-22T00:27:10","slug":"plug-anal-silexd-11cm-o-62cm-medium","status":"publish","type":"product","link":"https:\/\/www.tahitiplaisirs.com\/en\/product\/plug-anal-silexd-11cm-o-62cm-medium\/","title":{"rendered":"Plug anal Silexd 11cm Medium"},"content":{"rendered":"","protected":false},"excerpt":{"rendered":"<p>Plug anal noir double densit\u00e9 Medium &#8211; \u00d8 6,2cm de Silexd<\/p>\n<p>Le plug anal Silexd est recouvert d&rsquo;une peau douce en silicone de qualit\u00e9 sup\u00e9rieure.<\/p>\n<p>L&rsquo;int\u00e9rieur est garni de Silexpan double densit\u00e9 avec un noyau interne dur.<\/p>\n<p>Thermo-r\u00e9actif, il se ramolli au contact de la chaleur ( 30 secondes au micro-ondes ou 2 minutes dans de l&rsquo;eau bouillante ) ou\u00a0 placez-le au r\u00e9frig\u00e9rateur et il deviendra tr\u00e8s dur !<\/p>\n<p>Longueur totale : 11cm<\/p>\n<p>Diam\u00e8tre : 6,2cm<\/p>\n<p>Composition : Silexpan, silicone<\/p>","protected":false},"featured_media":8186,"template":"","meta":[],"product_brand":[87],"product_cat":[62,47],"product_tag":[],"class_list":{"0":"post-3336","1":"product","2":"type-product","3":"status-publish","4":"has-post-thumbnail","6":"product_brand-silexd","7":"product_cat-plaisir-anal","8":"product_cat-sextoys","11":"instock","12":"taxable","13":"shipping-taxable","14":"purchasable","15":"product-type-simple","16":"product-grid-view"},"_links":{"self":[{"href":"https:\/\/www.tahitiplaisirs.com\/en\/wp-json\/wp\/v2\/product\/3336","targetHints":{"allow":["GET"]}}],"collection":[{"href":"https:\/\/www.tahitiplaisirs.com\/en\/wp-json\/wp\/v2\/product"}],"about":[{"href":"https:\/\/www.tahitiplaisirs.com\/en\/wp-json\/wp\/v2\/types\/product"}],"version-history":[{"count":3,"href":"https:\/\/www.tahitiplaisirs.com\/en\/wp-json\/wp\/v2\/product\/3336\/revisions"}],"predecessor-version":[{"id":9387,"href":"https:\/\/www.tahitiplaisirs.com\/en\/wp-json\/wp\/v2\/product\/3336\/revisions\/9387"}],"wp:featuredmedia":[{"embeddable":true,"href":"https:\/\/www.tahitiplaisirs.com\/en\/wp-json\/wp\/v2\/media\/8186"}],"wp:attachment":[{"href":"https:\/\/www.tahitiplaisirs.com\/en\/wp-json\/wp\/v2\/media?parent=3336"}],"wp:term":[{"taxonomy":"product_brand","embeddable":true,"href":"https:\/\/www.tahitiplaisirs.com\/en\/wp-json\/wp\/v2\/product_brand?post=3336"},{"taxonomy":"product_cat","embeddable":true,"href":"https:\/\/www.tahitiplaisirs.com\/en\/wp-json\/wp\/v2\/product_cat?post=3336"},{"taxonomy":"product_tag","embeddable":true,"href":"https:\/\/www.tahitiplaisirs.com\/en\/wp-json\/wp\/v2\/product_tag?post=3336"}],"curies":[{"name":"wp","href":"https:\/\/api.w.org\/{rel}","templated":true}]}}