{"id":3371,"date":"2025-08-15T16:11:00","date_gmt":"2025-08-16T02:11:00","guid":{"rendered":"https:\/\/www.tahitiplaisirs.com\/?post_type=product&#038;p=3371"},"modified":"2026-02-24T15:21:22","modified_gmt":"2026-02-25T01:21:22","slug":"fckbag-sex-machine","status":"publish","type":"product","link":"https:\/\/www.tahitiplaisirs.com\/en\/product\/fckbag-sex-machine\/","title":{"rendered":"F*ckBag Sex Machine"},"content":{"rendered":"","protected":false},"excerpt":{"rendered":"<p>F*ckBag Sex Machine de Motor Lovers<\/p>\n<p>La Sex Machine F*ck Bag est directement int\u00e9gr\u00e9e \u00e0 la valise de transport.<\/p>\n<p>Cela la rend pratique et discr\u00e8te pour des moments de jeu intenses.<\/p>\n<p>Elle propose 6 modes de va-et-vient et 9 vitesses, avec une amplitude maximale de 6,5 cm.<\/p>\n<p>Elle est livr\u00e9e avec sa t\u00e9l\u00e9commande.<\/p>\n<p>Un gode de 13cm \u00d83,5 et un adaptateur Vac-U-Lock sont inclus.<\/p>\n<p>L&rsquo;inclinaison et la hauteur de la F*ck machine est modulable.<\/p>","protected":false},"featured_media":10416,"template":"","meta":[],"product_brand":[],"product_cat":[47,64],"product_tag":[],"class_list":{"0":"post-3371","1":"product","2":"type-product","3":"status-publish","4":"has-post-thumbnail","6":"product_cat-sextoys","7":"product_cat-vibromasseurs","10":"instock","11":"purchasable","12":"product-type-simple","13":"product-grid-view"},"_links":{"self":[{"href":"https:\/\/www.tahitiplaisirs.com\/en\/wp-json\/wp\/v2\/product\/3371","targetHints":{"allow":["GET"]}}],"collection":[{"href":"https:\/\/www.tahitiplaisirs.com\/en\/wp-json\/wp\/v2\/product"}],"about":[{"href":"https:\/\/www.tahitiplaisirs.com\/en\/wp-json\/wp\/v2\/types\/product"}],"version-history":[{"count":3,"href":"https:\/\/www.tahitiplaisirs.com\/en\/wp-json\/wp\/v2\/product\/3371\/revisions"}],"predecessor-version":[{"id":10419,"href":"https:\/\/www.tahitiplaisirs.com\/en\/wp-json\/wp\/v2\/product\/3371\/revisions\/10419"}],"wp:featuredmedia":[{"embeddable":true,"href":"https:\/\/www.tahitiplaisirs.com\/en\/wp-json\/wp\/v2\/media\/10416"}],"wp:attachment":[{"href":"https:\/\/www.tahitiplaisirs.com\/en\/wp-json\/wp\/v2\/media?parent=3371"}],"wp:term":[{"taxonomy":"product_brand","embeddable":true,"href":"https:\/\/www.tahitiplaisirs.com\/en\/wp-json\/wp\/v2\/product_brand?post=3371"},{"taxonomy":"product_cat","embeddable":true,"href":"https:\/\/www.tahitiplaisirs.com\/en\/wp-json\/wp\/v2\/product_cat?post=3371"},{"taxonomy":"product_tag","embeddable":true,"href":"https:\/\/www.tahitiplaisirs.com\/en\/wp-json\/wp\/v2\/product_tag?post=3371"}],"curies":[{"name":"wp","href":"https:\/\/api.w.org\/{rel}","templated":true}]}}