{"id":3373,"date":"2025-08-15T16:11:00","date_gmt":"2025-08-16T02:11:00","guid":{"rendered":"https:\/\/www.tahitiplaisirs.com\/?post_type=product&#038;p=3373"},"modified":"2026-02-24T15:21:18","modified_gmt":"2026-02-25T01:21:18","slug":"poupee-gonflable-barbi","status":"publish","type":"product","link":"https:\/\/www.tahitiplaisirs.com\/en\/product\/poupee-gonflable-barbi\/","title":{"rendered":"Poup\u00e9e gonflable Barbi"},"content":{"rendered":"","protected":false},"excerpt":{"rendered":"<p>Barbi Love Doll de Boss Series<\/p>\n<p>Barbi est une poup\u00e9e gonflable avec le visage et les cheveux en 3D.<\/p>\n<p>Un masturbateur double face et un \u0153uf vibrant avec t\u00e9l\u00e9commande sont inclus.<\/p>\n<p>Son corps est gonflable et une pompe manuelle est fournie.<\/p>","protected":false},"featured_media":10211,"template":"","meta":[],"product_brand":[],"product_cat":[57],"product_tag":[],"class_list":{"0":"post-3373","1":"product","2":"type-product","3":"status-publish","4":"has-post-thumbnail","6":"product_cat-accessoires","9":"instock","10":"purchasable","11":"product-type-simple","12":"product-grid-view"},"_links":{"self":[{"href":"https:\/\/www.tahitiplaisirs.com\/en\/wp-json\/wp\/v2\/product\/3373","targetHints":{"allow":["GET"]}}],"collection":[{"href":"https:\/\/www.tahitiplaisirs.com\/en\/wp-json\/wp\/v2\/product"}],"about":[{"href":"https:\/\/www.tahitiplaisirs.com\/en\/wp-json\/wp\/v2\/types\/product"}],"version-history":[{"count":3,"href":"https:\/\/www.tahitiplaisirs.com\/en\/wp-json\/wp\/v2\/product\/3373\/revisions"}],"predecessor-version":[{"id":10216,"href":"https:\/\/www.tahitiplaisirs.com\/en\/wp-json\/wp\/v2\/product\/3373\/revisions\/10216"}],"wp:featuredmedia":[{"embeddable":true,"href":"https:\/\/www.tahitiplaisirs.com\/en\/wp-json\/wp\/v2\/media\/10211"}],"wp:attachment":[{"href":"https:\/\/www.tahitiplaisirs.com\/en\/wp-json\/wp\/v2\/media?parent=3373"}],"wp:term":[{"taxonomy":"product_brand","embeddable":true,"href":"https:\/\/www.tahitiplaisirs.com\/en\/wp-json\/wp\/v2\/product_brand?post=3373"},{"taxonomy":"product_cat","embeddable":true,"href":"https:\/\/www.tahitiplaisirs.com\/en\/wp-json\/wp\/v2\/product_cat?post=3373"},{"taxonomy":"product_tag","embeddable":true,"href":"https:\/\/www.tahitiplaisirs.com\/en\/wp-json\/wp\/v2\/product_tag?post=3373"}],"curies":[{"name":"wp","href":"https:\/\/api.w.org\/{rel}","templated":true}]}}