{"id":3374,"date":"2025-08-15T16:11:00","date_gmt":"2025-08-16T02:11:00","guid":{"rendered":"https:\/\/www.tahitiplaisirs.com\/?post_type=product&#038;p=3374"},"modified":"2026-02-24T15:17:17","modified_gmt":"2026-02-25T01:17:17","slug":"double-gode-ceinture-vibrant-chair","status":"publish","type":"product","link":"https:\/\/www.tahitiplaisirs.com\/en\/product\/double-gode-ceinture-vibrant-chair\/","title":{"rendered":"Double gode ceinture vibrant chair"},"content":{"rendered":"","protected":false},"excerpt":{"rendered":"<p>Double gode ceinture vibrant chair de Fetish Tentation<\/p>\n<p>Double godemichet vibrant mont\u00e9 sur une ceinture en simili cuir solide et r\u00e9glable.<\/p>\n<p>Port\u00e9 sp\u00e9cifiquement par Madame, ce double gode ceinture poss\u00e8de un gode externe de 15,5cm x 3cm et un gode interne de 8,7cm x 2,9cm\u00a0 permettant de p\u00e9n\u00e9trer les 2 partenaires simultan\u00e9ment.<\/p>\n<p>Ce double gode propose 10 modes de vibration pour plus de fun.<\/p>\n<p>Il est rechargeable via son c\u00e2ble USB.<\/p>","protected":false},"featured_media":10033,"template":"","meta":[],"product_brand":[],"product_cat":[54,144,63,47],"product_tag":[],"class_list":{"0":"post-3374","1":"product","2":"type-product","3":"status-publish","4":"has-post-thumbnail","6":"product_cat-godes-ceintures","7":"product_cat-godes-ceintures-femmes","8":"product_cat-pour-elle","9":"product_cat-sextoys","12":"instock","13":"purchasable","14":"product-type-simple","15":"product-grid-view"},"_links":{"self":[{"href":"https:\/\/www.tahitiplaisirs.com\/en\/wp-json\/wp\/v2\/product\/3374","targetHints":{"allow":["GET"]}}],"collection":[{"href":"https:\/\/www.tahitiplaisirs.com\/en\/wp-json\/wp\/v2\/product"}],"about":[{"href":"https:\/\/www.tahitiplaisirs.com\/en\/wp-json\/wp\/v2\/types\/product"}],"version-history":[{"count":4,"href":"https:\/\/www.tahitiplaisirs.com\/en\/wp-json\/wp\/v2\/product\/3374\/revisions"}],"predecessor-version":[{"id":10039,"href":"https:\/\/www.tahitiplaisirs.com\/en\/wp-json\/wp\/v2\/product\/3374\/revisions\/10039"}],"wp:featuredmedia":[{"embeddable":true,"href":"https:\/\/www.tahitiplaisirs.com\/en\/wp-json\/wp\/v2\/media\/10033"}],"wp:attachment":[{"href":"https:\/\/www.tahitiplaisirs.com\/en\/wp-json\/wp\/v2\/media?parent=3374"}],"wp:term":[{"taxonomy":"product_brand","embeddable":true,"href":"https:\/\/www.tahitiplaisirs.com\/en\/wp-json\/wp\/v2\/product_brand?post=3374"},{"taxonomy":"product_cat","embeddable":true,"href":"https:\/\/www.tahitiplaisirs.com\/en\/wp-json\/wp\/v2\/product_cat?post=3374"},{"taxonomy":"product_tag","embeddable":true,"href":"https:\/\/www.tahitiplaisirs.com\/en\/wp-json\/wp\/v2\/product_tag?post=3374"}],"curies":[{"name":"wp","href":"https:\/\/api.w.org\/{rel}","templated":true}]}}