{"id":3384,"date":"2025-08-15T16:11:01","date_gmt":"2025-08-16T02:11:01","guid":{"rendered":"https:\/\/www.tahitiplaisirs.com\/?post_type=product&#038;p=3384"},"modified":"2026-02-24T15:19:06","modified_gmt":"2026-02-25T01:19:06","slug":"anneau-chain-torc-45mm","status":"publish","type":"product","link":"https:\/\/www.tahitiplaisirs.com\/en\/product\/anneau-chain-torc-45mm\/","title":{"rendered":"Anneau Chain Torc 45mm"},"content":{"rendered":"","protected":false},"excerpt":{"rendered":"<p>Anneau Chain Torc 45mm de Locked<\/p>\n<p>Cet anneau m\u00e9tallique quadruple est r\u00e9serv\u00e9 aux exp\u00e9riment\u00e9s.<\/p>\n<p>Bien qu\u2019avec son 45 mm de diam\u00e8tre, c\u2019est un anneau adapt\u00e9 \u00e0 n\u2019importe quel volume de p\u00e9nis.<\/p>\n<p>Il faut un peu d&rsquo;exp\u00e9rience pour utiliser cet accessoire pour l\u2019\u00e9rection.<\/p>\n<p>Il est compos\u00e9 de quatre anneaux en acier inoxydable\u00a0reli\u00e9s entre eux par la base avec de petites sph\u00e8res.<\/p>","protected":false},"featured_media":9879,"template":"","meta":[],"product_brand":[140],"product_cat":[68,47],"product_tag":[],"class_list":{"0":"post-3384","1":"product","2":"type-product","3":"status-publish","4":"has-post-thumbnail","6":"product_brand-locked","7":"product_cat-anneaux","8":"product_cat-sextoys","11":"instock","12":"purchasable","13":"product-type-simple","14":"product-grid-view"},"_links":{"self":[{"href":"https:\/\/www.tahitiplaisirs.com\/en\/wp-json\/wp\/v2\/product\/3384","targetHints":{"allow":["GET"]}}],"collection":[{"href":"https:\/\/www.tahitiplaisirs.com\/en\/wp-json\/wp\/v2\/product"}],"about":[{"href":"https:\/\/www.tahitiplaisirs.com\/en\/wp-json\/wp\/v2\/types\/product"}],"version-history":[{"count":3,"href":"https:\/\/www.tahitiplaisirs.com\/en\/wp-json\/wp\/v2\/product\/3384\/revisions"}],"predecessor-version":[{"id":9881,"href":"https:\/\/www.tahitiplaisirs.com\/en\/wp-json\/wp\/v2\/product\/3384\/revisions\/9881"}],"wp:featuredmedia":[{"embeddable":true,"href":"https:\/\/www.tahitiplaisirs.com\/en\/wp-json\/wp\/v2\/media\/9879"}],"wp:attachment":[{"href":"https:\/\/www.tahitiplaisirs.com\/en\/wp-json\/wp\/v2\/media?parent=3384"}],"wp:term":[{"taxonomy":"product_brand","embeddable":true,"href":"https:\/\/www.tahitiplaisirs.com\/en\/wp-json\/wp\/v2\/product_brand?post=3384"},{"taxonomy":"product_cat","embeddable":true,"href":"https:\/\/www.tahitiplaisirs.com\/en\/wp-json\/wp\/v2\/product_cat?post=3384"},{"taxonomy":"product_tag","embeddable":true,"href":"https:\/\/www.tahitiplaisirs.com\/en\/wp-json\/wp\/v2\/product_tag?post=3384"}],"curies":[{"name":"wp","href":"https:\/\/api.w.org\/{rel}","templated":true}]}}