{"id":3385,"date":"2025-08-15T16:11:01","date_gmt":"2025-08-16T02:11:01","guid":{"rendered":"https:\/\/www.tahitiplaisirs.com\/?post_type=product&#038;p=3385"},"modified":"2026-02-24T15:21:15","modified_gmt":"2026-02-25T01:21:15","slug":"poupee-gonflable-sindy","status":"publish","type":"product","link":"https:\/\/www.tahitiplaisirs.com\/en\/product\/poupee-gonflable-sindy\/","title":{"rendered":"Poup\u00e9e gonflable Sindy"},"content":{"rendered":"","protected":false},"excerpt":{"rendered":"<p>Sindy Love Doll de Boss Series<\/p>\n<p>Sindy est une poup\u00e9e gonflable avec le visage et les cheveux en 3D.<\/p>\n<p>Un masturbateur double face et un \u0153uf vibrant avec t\u00e9l\u00e9commande sont inclus.<\/p>\n<p>Son corps est gonflable et une pompe manuelle est fournie.<\/p>","protected":false},"featured_media":10213,"template":"","meta":[],"product_brand":[],"product_cat":[57],"product_tag":[],"class_list":{"0":"post-3385","1":"product","2":"type-product","3":"status-publish","4":"has-post-thumbnail","6":"product_cat-accessoires","9":"instock","10":"purchasable","11":"product-type-simple","12":"product-grid-view"},"_links":{"self":[{"href":"https:\/\/www.tahitiplaisirs.com\/en\/wp-json\/wp\/v2\/product\/3385","targetHints":{"allow":["GET"]}}],"collection":[{"href":"https:\/\/www.tahitiplaisirs.com\/en\/wp-json\/wp\/v2\/product"}],"about":[{"href":"https:\/\/www.tahitiplaisirs.com\/en\/wp-json\/wp\/v2\/types\/product"}],"version-history":[{"count":3,"href":"https:\/\/www.tahitiplaisirs.com\/en\/wp-json\/wp\/v2\/product\/3385\/revisions"}],"predecessor-version":[{"id":10218,"href":"https:\/\/www.tahitiplaisirs.com\/en\/wp-json\/wp\/v2\/product\/3385\/revisions\/10218"}],"wp:featuredmedia":[{"embeddable":true,"href":"https:\/\/www.tahitiplaisirs.com\/en\/wp-json\/wp\/v2\/media\/10213"}],"wp:attachment":[{"href":"https:\/\/www.tahitiplaisirs.com\/en\/wp-json\/wp\/v2\/media?parent=3385"}],"wp:term":[{"taxonomy":"product_brand","embeddable":true,"href":"https:\/\/www.tahitiplaisirs.com\/en\/wp-json\/wp\/v2\/product_brand?post=3385"},{"taxonomy":"product_cat","embeddable":true,"href":"https:\/\/www.tahitiplaisirs.com\/en\/wp-json\/wp\/v2\/product_cat?post=3385"},{"taxonomy":"product_tag","embeddable":true,"href":"https:\/\/www.tahitiplaisirs.com\/en\/wp-json\/wp\/v2\/product_tag?post=3385"}],"curies":[{"name":"wp","href":"https:\/\/api.w.org\/{rel}","templated":true}]}}