{"id":3435,"date":"2025-08-15T16:11:04","date_gmt":"2025-08-16T02:11:04","guid":{"rendered":"https:\/\/www.tahitiplaisirs.com\/?post_type=product&#038;p=3435"},"modified":"2026-02-24T15:20:17","modified_gmt":"2026-02-25T01:20:17","slug":"jeu-kinky-or-vanilla","status":"publish","type":"product","link":"https:\/\/www.tahitiplaisirs.com\/en\/product\/jeu-kinky-or-vanilla\/","title":{"rendered":"Jeu Kinky or Vanilla"},"content":{"rendered":"","protected":false},"excerpt":{"rendered":"<div id=\"tab-content\" class=\"tab-content\">\n<div id=\"description\" class=\"tab-pane fade in active\">\n<div class=\"product-description\">\n<p>Jeu Kinky or Vanilla de Secret Play<\/p>\n<p>Jeu \u00e9rotique qui invite les couples \u00e0 explorer leurs fantasmes et \u00e0 approfondir leur intimit\u00e9.<\/p>\n<p>Il offre une fa\u00e7on amusante et sexy de d\u00e9couvrir ses pr\u00e9f\u00e9rences et d&rsquo;encourager la communication sur les d\u00e9sirs et les limites.<\/p>\n<p>Avec une grande vari\u00e9t\u00e9 de sc\u00e9narios et de d\u00e9fis, \u00e0 la fois ludiques et sensuels, ce jeu est id\u00e9al pour celles et ceux qui souhaitent faire passer leur relation \u00e0 un niveau sup\u00e9rieur.<\/p>\n<p>Le design attrayant et les m\u00e9canismes de jeu bien pens\u00e9s cr\u00e9ent une exp\u00e9rience captivante qui convient aussi bien aux novices qu&rsquo;aux joueurs exp\u00e9riment\u00e9s.<\/p>\n<p>Encourage la communication sur les d\u00e9sirs et les limites.<\/p>\n<p>Sc\u00e9narios vari\u00e9s pour r\u00e9pondre aux diff\u00e9rents go\u00fbts.<\/p>\n<p>Instructions multilingues pour un plaisir international.<\/p>\n<p>Id\u00e9al pour les couples qui souhaitent approfondir leur intimit\u00e9.<\/p>\n<\/div>\n<\/div>\n<\/div>\n<div id=\"tab-content\" class=\"tab-content\">\n<div id=\"description\" class=\"tab-pane fade in active\">\n<div><\/div>\n<\/div>\n<\/div>","protected":false},"featured_media":10136,"template":"","meta":[],"product_brand":[91],"product_cat":[57,61,71],"product_tag":[],"class_list":{"0":"post-3435","1":"product","2":"type-product","3":"status-publish","4":"has-post-thumbnail","6":"product_brand-secret-play","7":"product_cat-accessoires","8":"product_cat-jeux-coquins","9":"product_cat-pour-couple","12":"instock","13":"purchasable","14":"product-type-simple","15":"product-grid-view"},"_links":{"self":[{"href":"https:\/\/www.tahitiplaisirs.com\/en\/wp-json\/wp\/v2\/product\/3435","targetHints":{"allow":["GET"]}}],"collection":[{"href":"https:\/\/www.tahitiplaisirs.com\/en\/wp-json\/wp\/v2\/product"}],"about":[{"href":"https:\/\/www.tahitiplaisirs.com\/en\/wp-json\/wp\/v2\/types\/product"}],"version-history":[{"count":3,"href":"https:\/\/www.tahitiplaisirs.com\/en\/wp-json\/wp\/v2\/product\/3435\/revisions"}],"predecessor-version":[{"id":10141,"href":"https:\/\/www.tahitiplaisirs.com\/en\/wp-json\/wp\/v2\/product\/3435\/revisions\/10141"}],"wp:featuredmedia":[{"embeddable":true,"href":"https:\/\/www.tahitiplaisirs.com\/en\/wp-json\/wp\/v2\/media\/10136"}],"wp:attachment":[{"href":"https:\/\/www.tahitiplaisirs.com\/en\/wp-json\/wp\/v2\/media?parent=3435"}],"wp:term":[{"taxonomy":"product_brand","embeddable":true,"href":"https:\/\/www.tahitiplaisirs.com\/en\/wp-json\/wp\/v2\/product_brand?post=3435"},{"taxonomy":"product_cat","embeddable":true,"href":"https:\/\/www.tahitiplaisirs.com\/en\/wp-json\/wp\/v2\/product_cat?post=3435"},{"taxonomy":"product_tag","embeddable":true,"href":"https:\/\/www.tahitiplaisirs.com\/en\/wp-json\/wp\/v2\/product_tag?post=3435"}],"curies":[{"name":"wp","href":"https:\/\/api.w.org\/{rel}","templated":true}]}}