{"id":3437,"date":"2025-08-15T16:11:04","date_gmt":"2025-08-16T02:11:04","guid":{"rendered":"https:\/\/www.tahitiplaisirs.com\/?post_type=product&#038;p=3437"},"modified":"2026-03-27T11:02:03","modified_gmt":"2026-03-27T21:02:03","slug":"jeu-de-cartes-sex-play","status":"publish","type":"product","link":"https:\/\/www.tahitiplaisirs.com\/en\/product\/jeu-de-cartes-sex-play\/","title":{"rendered":"Jeu de cartes Sex Play"},"content":{"rendered":"","protected":false},"excerpt":{"rendered":"<p>Jeu de cartes Sex Play de Secret Play<\/p>\n<p>Un jeu de cartes pour couple<\/p>\n<p>Compos\u00e9 de 53 cartes illustr\u00e9s et de 2 cartes instructions.<\/p>\n<p>Ce jeu de cartes est divis\u00e9 en 2 grandes parties :<\/p>\n<p>&#8211; Les cartes avec des lettres vous donnent un d\u00e9fi (Faire un baiser, stimulation manuelle, sexe oral, p\u00e9n\u00e9tration)<br \/>\n&#8211; Les autres cartes avec les symboles classiques d&rsquo;un jeu de cartes vous donne des \u00e9preuves telles que r\u00e9pondre \u00e0 toutes les questions, ex\u00e9cuter des positions, lire ce qui est sur la carte<\/p>\n<p>\u00c0 vous de jouer !<\/p>","protected":false},"featured_media":7129,"template":"","meta":[],"product_brand":[91],"product_cat":[57,61,71],"product_tag":[],"class_list":{"0":"post-3437","1":"product","2":"type-product","3":"status-publish","4":"has-post-thumbnail","6":"product_brand-secret-play","7":"product_cat-accessoires","8":"product_cat-jeux-coquins","9":"product_cat-pour-couple","12":"instock","13":"purchasable","14":"product-type-simple","15":"product-grid-view"},"_links":{"self":[{"href":"https:\/\/www.tahitiplaisirs.com\/en\/wp-json\/wp\/v2\/product\/3437","targetHints":{"allow":["GET"]}}],"collection":[{"href":"https:\/\/www.tahitiplaisirs.com\/en\/wp-json\/wp\/v2\/product"}],"about":[{"href":"https:\/\/www.tahitiplaisirs.com\/en\/wp-json\/wp\/v2\/types\/product"}],"version-history":[{"count":1,"href":"https:\/\/www.tahitiplaisirs.com\/en\/wp-json\/wp\/v2\/product\/3437\/revisions"}],"predecessor-version":[{"id":3467,"href":"https:\/\/www.tahitiplaisirs.com\/en\/wp-json\/wp\/v2\/product\/3437\/revisions\/3467"}],"wp:featuredmedia":[{"embeddable":true,"href":"https:\/\/www.tahitiplaisirs.com\/en\/wp-json\/wp\/v2\/media\/7129"}],"wp:attachment":[{"href":"https:\/\/www.tahitiplaisirs.com\/en\/wp-json\/wp\/v2\/media?parent=3437"}],"wp:term":[{"taxonomy":"product_brand","embeddable":true,"href":"https:\/\/www.tahitiplaisirs.com\/en\/wp-json\/wp\/v2\/product_brand?post=3437"},{"taxonomy":"product_cat","embeddable":true,"href":"https:\/\/www.tahitiplaisirs.com\/en\/wp-json\/wp\/v2\/product_cat?post=3437"},{"taxonomy":"product_tag","embeddable":true,"href":"https:\/\/www.tahitiplaisirs.com\/en\/wp-json\/wp\/v2\/product_tag?post=3437"}],"curies":[{"name":"wp","href":"https:\/\/api.w.org\/{rel}","templated":true}]}}