{"id":3440,"date":"2025-08-15T16:11:04","date_gmt":"2025-08-16T02:11:04","guid":{"rendered":"https:\/\/www.tahitiplaisirs.com\/?post_type=product&#038;p=3440"},"modified":"2026-02-24T15:20:12","modified_gmt":"2026-02-25T01:20:12","slug":"gode-ceinture-chair-radojko-24cm","status":"publish","type":"product","link":"https:\/\/www.tahitiplaisirs.com\/en\/product\/gode-ceinture-chair-radojko-24cm\/","title":{"rendered":"Gode ceinture chair Radojko 24cm"},"content":{"rendered":"","protected":false},"excerpt":{"rendered":"<p>Gode ceinture Radojko de Argustoys<\/p>\n<p>Radojko est un gode ceinture d&rsquo;une longueur totale de 24cm dont 18cm ins\u00e9rable, pour un diam\u00e8tre de 4cm.<\/p>\n<p>Il est fabriqu\u00e9 en PVC souple, inodore et de haute qualit\u00e9. Facile d&rsquo;entretien, il se nettoie simplement \u00e0 l&rsquo;eau ti\u00e8de savonneuse.<\/p>\n<p>La ceinture est de taille unique et s&rsquo;adapte \u00e0 un tour de taille jusqu&rsquo;\u00e0 110cm. D&rsquo;une \u00e9paisseur de 2,3cm, elle est confectionn\u00e9e dans un mat\u00e9riau durable et de haute qualit\u00e9, et pr\u00e9sente un renfort \u00e0 l&rsquo;avant pour un confort optimal.<\/p>\n<p>La partie arri\u00e8re, qui se place dans le dos, est compos\u00e9e d&rsquo;une sangle douce en \u00e9co cuir, synth\u00e9tique et mousse de 5mm d&rsquo;\u00e9paisseur, \u00e9vitant ainsi les irritations.<\/p>\n<p>Cette sangle mesure 9,5cm de large et 45cm de long.<\/p>\n<p>Deux anneaux en caoutchouc (diam\u00e8tre int\u00e9rieur de 5cm) et l\u2019autre (diam\u00e8tre int\u00e9rieur de 4,7cm), sont livr\u00e9s avec ce gode ceinture.<\/p>","protected":false},"featured_media":10113,"template":"","meta":[],"product_brand":[],"product_cat":[54,144,63,47],"product_tag":[],"class_list":{"0":"post-3440","1":"product","2":"type-product","3":"status-publish","4":"has-post-thumbnail","6":"product_cat-godes-ceintures","7":"product_cat-godes-ceintures-femmes","8":"product_cat-pour-elle","9":"product_cat-sextoys","12":"instock","13":"purchasable","14":"product-type-simple","15":"product-grid-view"},"_links":{"self":[{"href":"https:\/\/www.tahitiplaisirs.com\/en\/wp-json\/wp\/v2\/product\/3440","targetHints":{"allow":["GET"]}}],"collection":[{"href":"https:\/\/www.tahitiplaisirs.com\/en\/wp-json\/wp\/v2\/product"}],"about":[{"href":"https:\/\/www.tahitiplaisirs.com\/en\/wp-json\/wp\/v2\/types\/product"}],"version-history":[{"count":5,"href":"https:\/\/www.tahitiplaisirs.com\/en\/wp-json\/wp\/v2\/product\/3440\/revisions"}],"predecessor-version":[{"id":10342,"href":"https:\/\/www.tahitiplaisirs.com\/en\/wp-json\/wp\/v2\/product\/3440\/revisions\/10342"}],"wp:featuredmedia":[{"embeddable":true,"href":"https:\/\/www.tahitiplaisirs.com\/en\/wp-json\/wp\/v2\/media\/10113"}],"wp:attachment":[{"href":"https:\/\/www.tahitiplaisirs.com\/en\/wp-json\/wp\/v2\/media?parent=3440"}],"wp:term":[{"taxonomy":"product_brand","embeddable":true,"href":"https:\/\/www.tahitiplaisirs.com\/en\/wp-json\/wp\/v2\/product_brand?post=3440"},{"taxonomy":"product_cat","embeddable":true,"href":"https:\/\/www.tahitiplaisirs.com\/en\/wp-json\/wp\/v2\/product_cat?post=3440"},{"taxonomy":"product_tag","embeddable":true,"href":"https:\/\/www.tahitiplaisirs.com\/en\/wp-json\/wp\/v2\/product_tag?post=3440"}],"curies":[{"name":"wp","href":"https:\/\/api.w.org\/{rel}","templated":true}]}}