{"id":3443,"date":"2025-08-15T16:11:04","date_gmt":"2025-08-16T02:11:04","guid":{"rendered":"https:\/\/www.tahitiplaisirs.com\/?post_type=product&#038;p=3443"},"modified":"2026-03-21T14:26:13","modified_gmt":"2026-03-22T00:26:13","slug":"set-3-pieces-rose-gw-s-l","status":"publish","type":"product","link":"https:\/\/www.tahitiplaisirs.com\/en\/product\/set-3-pieces-rose-gw-s-l\/","title":{"rendered":"Set 3 pi\u00e8ces rose GW S-L"},"content":{"rendered":"","protected":false},"excerpt":{"rendered":"<p>Set 3 pi\u00e8ces rose S-L de G-World<\/p>\n<p>Ensemble sexy compos\u00e9 d&rsquo;un haut bustier clout\u00e9 et d&rsquo;une culotte avec jarretelles.<\/p>\n<p><span dir=\"auto\">Le bustier sensuel et doux et la culotte coquine et jarretelles assorties, sont orn\u00e9 d&rsquo;une dentelle transparente.<\/span><\/p>\n<p><span dir=\"auto\">Le bustier \u00e0 des bonnets \u00e0 armatures, des bretelles sur le devant pour une structure harmonieuse et d&rsquo;une bordure clout\u00e9e sexy.<\/span><\/p>\n<p><span dir=\"auto\">Mati\u00e8re : 88 % polyamide, 12 % \u00e9lasthanne<\/span><\/p>","protected":false},"featured_media":9207,"template":"","meta":[],"product_brand":[107],"product_cat":[73,74,63],"product_tag":[],"class_list":{"0":"post-3443","1":"product","2":"type-product","3":"status-publish","4":"has-post-thumbnail","6":"product_brand-g-world","7":"product_cat-lingerie-sexy","8":"product_cat-nuisettes-bodys-et-set","9":"product_cat-pour-elle","12":"instock","13":"taxable","14":"shipping-taxable","15":"purchasable","16":"product-type-simple","17":"product-grid-view"},"_links":{"self":[{"href":"https:\/\/www.tahitiplaisirs.com\/en\/wp-json\/wp\/v2\/product\/3443","targetHints":{"allow":["GET"]}}],"collection":[{"href":"https:\/\/www.tahitiplaisirs.com\/en\/wp-json\/wp\/v2\/product"}],"about":[{"href":"https:\/\/www.tahitiplaisirs.com\/en\/wp-json\/wp\/v2\/types\/product"}],"version-history":[{"count":3,"href":"https:\/\/www.tahitiplaisirs.com\/en\/wp-json\/wp\/v2\/product\/3443\/revisions"}],"predecessor-version":[{"id":9210,"href":"https:\/\/www.tahitiplaisirs.com\/en\/wp-json\/wp\/v2\/product\/3443\/revisions\/9210"}],"wp:featuredmedia":[{"embeddable":true,"href":"https:\/\/www.tahitiplaisirs.com\/en\/wp-json\/wp\/v2\/media\/9207"}],"wp:attachment":[{"href":"https:\/\/www.tahitiplaisirs.com\/en\/wp-json\/wp\/v2\/media?parent=3443"}],"wp:term":[{"taxonomy":"product_brand","embeddable":true,"href":"https:\/\/www.tahitiplaisirs.com\/en\/wp-json\/wp\/v2\/product_brand?post=3443"},{"taxonomy":"product_cat","embeddable":true,"href":"https:\/\/www.tahitiplaisirs.com\/en\/wp-json\/wp\/v2\/product_cat?post=3443"},{"taxonomy":"product_tag","embeddable":true,"href":"https:\/\/www.tahitiplaisirs.com\/en\/wp-json\/wp\/v2\/product_tag?post=3443"}],"curies":[{"name":"wp","href":"https:\/\/api.w.org\/{rel}","templated":true}]}}