{"id":3444,"date":"2025-08-15T16:11:04","date_gmt":"2025-08-16T02:11:04","guid":{"rendered":"https:\/\/www.tahitiplaisirs.com\/?post_type=product&#038;p=3444"},"modified":"2026-03-21T14:26:12","modified_gmt":"2026-03-22T00:26:12","slug":"set-3-pcs-violet-gw-queen-size","status":"publish","type":"product","link":"https:\/\/www.tahitiplaisirs.com\/en\/product\/set-3-pcs-violet-gw-queen-size\/","title":{"rendered":"Set 3 pcs violet GW Queen Size"},"content":{"rendered":"","protected":false},"excerpt":{"rendered":"<p>Nuisette 3 pi\u00e8ces couleur violette Queen Size de G World<\/p>\n<p><span dir=\"auto\">Bustier en jacquard lac\u00e9 avec fermeture \u00e9clair sur le devant et nuisette int\u00e9gr\u00e9e.<\/span><\/p>\n<p><span dir=\"auto\">D\u00e9tails cache-c\u0153ur orn\u00e9s de fleurettes.<\/span><\/p>\n<p><span dir=\"auto\">Bretelles en velours avec breloques en strass.<\/span><\/p>\n<p><span dir=\"auto\">Cheville assortie avec porte-jarretelles, fermeture \u00e9clair sur le devant, ne passant pas sous l&rsquo;entrejambe.<\/span><\/p>\n<p><span dir=\"auto\">Jarreti\u00e8re en dentelle incluse.<\/span><\/p>\n<p><span dir=\"auto\">Mati\u00e8re : 88 % polyamide, 12 % \u00e9lasthanne<\/span><\/p>","protected":false},"featured_media":9147,"template":"","meta":[],"product_brand":[107],"product_cat":[73,74,63],"product_tag":[],"class_list":{"0":"post-3444","1":"product","2":"type-product","3":"status-publish","4":"has-post-thumbnail","6":"product_brand-g-world","7":"product_cat-lingerie-sexy","8":"product_cat-nuisettes-bodys-et-set","9":"product_cat-pour-elle","12":"instock","13":"taxable","14":"shipping-taxable","15":"purchasable","16":"product-type-simple","17":"product-grid-view"},"_links":{"self":[{"href":"https:\/\/www.tahitiplaisirs.com\/en\/wp-json\/wp\/v2\/product\/3444","targetHints":{"allow":["GET"]}}],"collection":[{"href":"https:\/\/www.tahitiplaisirs.com\/en\/wp-json\/wp\/v2\/product"}],"about":[{"href":"https:\/\/www.tahitiplaisirs.com\/en\/wp-json\/wp\/v2\/types\/product"}],"version-history":[{"count":4,"href":"https:\/\/www.tahitiplaisirs.com\/en\/wp-json\/wp\/v2\/product\/3444\/revisions"}],"predecessor-version":[{"id":9206,"href":"https:\/\/www.tahitiplaisirs.com\/en\/wp-json\/wp\/v2\/product\/3444\/revisions\/9206"}],"wp:featuredmedia":[{"embeddable":true,"href":"https:\/\/www.tahitiplaisirs.com\/en\/wp-json\/wp\/v2\/media\/9147"}],"wp:attachment":[{"href":"https:\/\/www.tahitiplaisirs.com\/en\/wp-json\/wp\/v2\/media?parent=3444"}],"wp:term":[{"taxonomy":"product_brand","embeddable":true,"href":"https:\/\/www.tahitiplaisirs.com\/en\/wp-json\/wp\/v2\/product_brand?post=3444"},{"taxonomy":"product_cat","embeddable":true,"href":"https:\/\/www.tahitiplaisirs.com\/en\/wp-json\/wp\/v2\/product_cat?post=3444"},{"taxonomy":"product_tag","embeddable":true,"href":"https:\/\/www.tahitiplaisirs.com\/en\/wp-json\/wp\/v2\/product_tag?post=3444"}],"curies":[{"name":"wp","href":"https:\/\/api.w.org\/{rel}","templated":true}]}}