{"id":3446,"date":"2025-08-15T16:11:04","date_gmt":"2025-08-16T02:11:04","guid":{"rendered":"https:\/\/www.tahitiplaisirs.com\/?post_type=product&#038;p=3446"},"modified":"2026-04-10T10:35:03","modified_gmt":"2026-04-10T20:35:03","slug":"ensemble-rose-fluo-ref-2471-large","status":"publish","type":"product","link":"https:\/\/www.tahitiplaisirs.com\/en\/product\/ensemble-rose-fluo-ref-2471-large\/","title":{"rendered":"Ensemble rose fluo r\u00e9f 2471 Large"},"content":{"rendered":"","protected":false},"excerpt":{"rendered":"<p>Ensemble rose fluo r\u00e9f 2471 Large de Mapal\u00e9<\/p>\n<p>Un ensemble rose fluo tr\u00e8s confortable compos\u00e9 :<\/p>\n<p>D&rsquo;un top ajour\u00e9 et doubl\u00e9 sur l&rsquo;avant et d&rsquo;une culotte sexy et tr\u00e8s douce.<\/p>","protected":false},"featured_media":9595,"template":"","meta":[],"product_brand":[100],"product_cat":[73,74,63],"product_tag":[],"class_list":{"0":"post-3446","1":"product","2":"type-product","3":"status-publish","4":"has-post-thumbnail","6":"product_brand-mapale","7":"product_cat-lingerie-sexy","8":"product_cat-nuisettes-bodys-et-set","9":"product_cat-pour-elle","12":"instock","13":"taxable","14":"shipping-taxable","15":"purchasable","16":"product-type-simple","17":"product-grid-view"},"_links":{"self":[{"href":"https:\/\/www.tahitiplaisirs.com\/en\/wp-json\/wp\/v2\/product\/3446","targetHints":{"allow":["GET"]}}],"collection":[{"href":"https:\/\/www.tahitiplaisirs.com\/en\/wp-json\/wp\/v2\/product"}],"about":[{"href":"https:\/\/www.tahitiplaisirs.com\/en\/wp-json\/wp\/v2\/types\/product"}],"version-history":[{"count":3,"href":"https:\/\/www.tahitiplaisirs.com\/en\/wp-json\/wp\/v2\/product\/3446\/revisions"}],"predecessor-version":[{"id":9597,"href":"https:\/\/www.tahitiplaisirs.com\/en\/wp-json\/wp\/v2\/product\/3446\/revisions\/9597"}],"wp:featuredmedia":[{"embeddable":true,"href":"https:\/\/www.tahitiplaisirs.com\/en\/wp-json\/wp\/v2\/media\/9595"}],"wp:attachment":[{"href":"https:\/\/www.tahitiplaisirs.com\/en\/wp-json\/wp\/v2\/media?parent=3446"}],"wp:term":[{"taxonomy":"product_brand","embeddable":true,"href":"https:\/\/www.tahitiplaisirs.com\/en\/wp-json\/wp\/v2\/product_brand?post=3446"},{"taxonomy":"product_cat","embeddable":true,"href":"https:\/\/www.tahitiplaisirs.com\/en\/wp-json\/wp\/v2\/product_cat?post=3446"},{"taxonomy":"product_tag","embeddable":true,"href":"https:\/\/www.tahitiplaisirs.com\/en\/wp-json\/wp\/v2\/product_tag?post=3446"}],"curies":[{"name":"wp","href":"https:\/\/api.w.org\/{rel}","templated":true}]}}