{"id":3453,"date":"2025-08-15T16:11:05","date_gmt":"2025-08-16T02:11:05","guid":{"rendered":"https:\/\/www.tahitiplaisirs.com\/?post_type=product&#038;p=3453"},"modified":"2026-03-21T14:26:05","modified_gmt":"2026-03-22T00:26:05","slug":"set-3-pcs-purple-luxe-gw-s-l","status":"publish","type":"product","link":"https:\/\/www.tahitiplaisirs.com\/en\/product\/set-3-pcs-purple-luxe-gw-s-l\/","title":{"rendered":"Set 3 pcs Purple luxe GW S-L"},"content":{"rendered":"","protected":false},"excerpt":{"rendered":"<p>Set 3 pcs Purple luxe S-L de G-World<\/p>\n<p><span dir=\"auto\">Vivez l&rsquo;instant pr\u00e9sent avec cet ensemble compos\u00e9 d&rsquo;un bustier porte-jarretelles en dentelle transparente de couleur violette, structur\u00e9 par des bretelles \u00e0 la d\u00e9coupe parfaite.<\/span><\/p>\n<p><span dir=\"auto\">Le string et les bas assortis sont inclus.<\/span><\/p>\n<p><span dir=\"auto\">Mati\u00e8re : 88 % polyamide, 12 % \u00e9lasthanne<\/span><\/p>","protected":false},"featured_media":9215,"template":"","meta":[],"product_brand":[107],"product_cat":[73,74,63],"product_tag":[],"class_list":{"0":"post-3453","1":"product","2":"type-product","3":"status-publish","4":"has-post-thumbnail","6":"product_brand-g-world","7":"product_cat-lingerie-sexy","8":"product_cat-nuisettes-bodys-et-set","9":"product_cat-pour-elle","12":"instock","13":"purchasable","14":"product-type-simple","15":"product-grid-view"},"_links":{"self":[{"href":"https:\/\/www.tahitiplaisirs.com\/en\/wp-json\/wp\/v2\/product\/3453","targetHints":{"allow":["GET"]}}],"collection":[{"href":"https:\/\/www.tahitiplaisirs.com\/en\/wp-json\/wp\/v2\/product"}],"about":[{"href":"https:\/\/www.tahitiplaisirs.com\/en\/wp-json\/wp\/v2\/types\/product"}],"version-history":[{"count":3,"href":"https:\/\/www.tahitiplaisirs.com\/en\/wp-json\/wp\/v2\/product\/3453\/revisions"}],"predecessor-version":[{"id":9218,"href":"https:\/\/www.tahitiplaisirs.com\/en\/wp-json\/wp\/v2\/product\/3453\/revisions\/9218"}],"wp:featuredmedia":[{"embeddable":true,"href":"https:\/\/www.tahitiplaisirs.com\/en\/wp-json\/wp\/v2\/media\/9215"}],"wp:attachment":[{"href":"https:\/\/www.tahitiplaisirs.com\/en\/wp-json\/wp\/v2\/media?parent=3453"}],"wp:term":[{"taxonomy":"product_brand","embeddable":true,"href":"https:\/\/www.tahitiplaisirs.com\/en\/wp-json\/wp\/v2\/product_brand?post=3453"},{"taxonomy":"product_cat","embeddable":true,"href":"https:\/\/www.tahitiplaisirs.com\/en\/wp-json\/wp\/v2\/product_cat?post=3453"},{"taxonomy":"product_tag","embeddable":true,"href":"https:\/\/www.tahitiplaisirs.com\/en\/wp-json\/wp\/v2\/product_tag?post=3453"}],"curies":[{"name":"wp","href":"https:\/\/api.w.org\/{rel}","templated":true}]}}