{"id":3491,"date":"2025-08-15T16:11:08","date_gmt":"2025-08-16T02:11:08","guid":{"rendered":"https:\/\/www.tahitiplaisirs.com\/?post_type=product&#038;p=3491"},"modified":"2026-03-21T14:25:22","modified_gmt":"2026-03-22T00:25:22","slug":"pjur-back-door-relaxing-with-jojoba","status":"publish","type":"product","link":"https:\/\/www.tahitiplaisirs.com\/en\/product\/pjur-back-door-relaxing-with-jojoba\/","title":{"rendered":"Pjur Back Door Relaxing with jojoba"},"content":{"rendered":"","protected":false},"excerpt":{"rendered":"<p>Lubrifiant anal \u00e0 base de silicone et jojoba 100 ml de Pjur<\/p>\n<p>Lubrifiant silicone fusionn\u00e9 avec du Jojoba, un composant essentiel pour les relations anales intimes.<\/p>\n<p>C&rsquo;est un lubrifiant longue dur\u00e9e sp\u00e9cialement cr\u00e9\u00e9 pour augmenter le plaisir lors de la p\u00e9n\u00e9tration anale.<\/p>\n<p>Il est enrichi en extrait de jojoba, actif naturel qui aide \u00e0 d\u00e9tendre le sphincter anal, tandis que la peau sera visiblement plus douce et plus souple.<\/p>","protected":false},"featured_media":7669,"template":"","meta":[],"product_brand":[89],"product_cat":[50],"product_tag":[],"class_list":{"0":"post-3491","1":"product","2":"type-product","3":"status-publish","4":"has-post-thumbnail","6":"product_brand-pjur","7":"product_cat-lubrifiants","10":"instock","11":"taxable","12":"shipping-taxable","13":"purchasable","14":"product-type-simple","15":"product-grid-view"},"_links":{"self":[{"href":"https:\/\/www.tahitiplaisirs.com\/en\/wp-json\/wp\/v2\/product\/3491","targetHints":{"allow":["GET"]}}],"collection":[{"href":"https:\/\/www.tahitiplaisirs.com\/en\/wp-json\/wp\/v2\/product"}],"about":[{"href":"https:\/\/www.tahitiplaisirs.com\/en\/wp-json\/wp\/v2\/types\/product"}],"version-history":[{"count":1,"href":"https:\/\/www.tahitiplaisirs.com\/en\/wp-json\/wp\/v2\/product\/3491\/revisions"}],"predecessor-version":[{"id":3521,"href":"https:\/\/www.tahitiplaisirs.com\/en\/wp-json\/wp\/v2\/product\/3491\/revisions\/3521"}],"wp:featuredmedia":[{"embeddable":true,"href":"https:\/\/www.tahitiplaisirs.com\/en\/wp-json\/wp\/v2\/media\/7669"}],"wp:attachment":[{"href":"https:\/\/www.tahitiplaisirs.com\/en\/wp-json\/wp\/v2\/media?parent=3491"}],"wp:term":[{"taxonomy":"product_brand","embeddable":true,"href":"https:\/\/www.tahitiplaisirs.com\/en\/wp-json\/wp\/v2\/product_brand?post=3491"},{"taxonomy":"product_cat","embeddable":true,"href":"https:\/\/www.tahitiplaisirs.com\/en\/wp-json\/wp\/v2\/product_cat?post=3491"},{"taxonomy":"product_tag","embeddable":true,"href":"https:\/\/www.tahitiplaisirs.com\/en\/wp-json\/wp\/v2\/product_tag?post=3491"}],"curies":[{"name":"wp","href":"https:\/\/api.w.org\/{rel}","templated":true}]}}