{"id":3494,"date":"2025-08-15T16:11:08","date_gmt":"2025-08-16T02:11:08","guid":{"rendered":"https:\/\/www.tahitiplaisirs.com\/?post_type=product&#038;p=3494"},"modified":"2026-03-21T14:25:17","modified_gmt":"2026-03-22T00:25:17","slug":"bougie-de-massage-zenitude","status":"publish","type":"product","link":"https:\/\/www.tahitiplaisirs.com\/en\/product\/bougie-de-massage-zenitude\/","title":{"rendered":"Bougie de massage Z\u00e9nitude"},"content":{"rendered":"","protected":false},"excerpt":{"rendered":"<div id=\"featurebullets_feature_div\" class=\"celwidget\" data-feature-name=\"featurebullets\" data-csa-c-id=\"hg9zbx-9i2wt9-5b9xjt-ow2oav\" data-cel-widget=\"featurebullets_feature_div\">\n<div id=\"feature-bullets\" class=\"a-section a-spacing-medium a-spacing-top-small\">\n<p>Bougie de massage Z\u00e9nitude de Shunga Erotic Art<\/p>\n<p>Ar\u00f4me : th\u00e9 vert exotique<\/p>\n<p><span class=\"a-list-item\">Contenance: 30ml<\/span><\/p>\n<p>Mode d&#8217;emploi:<\/p>\n<p><span class=\"a-list-item\">Allumez la bougie, attendez environ 20 minutes et \u00e9teignez la flamme. <\/span><\/p>\n<p><span class=\"a-list-item\">Versez l&rsquo;huile fondue dans la paume de la main (l&rsquo;huile sera chaude mais non br\u00fblante) et appliquez-la d\u00e9licatement sur le corps de votre partenaire.<\/span><\/p>\n<p><span class=\"a-list-item\">L\u2019ar\u00f4me subtil du th\u00e9 vert exotique et l&rsquo;effet agr\u00e9able de la chaleur combin\u00e9s \u00e0 un massage empreint de sensualit\u00e9 vous feront d\u00e9couvrir des moments d&rsquo;intense excitation !<\/span><\/p>\n<\/div>\n<\/div>\n<p>Attention !<\/p>\n<p>\u00c9teignez la flamme avant de verser l&rsquo;huile.<\/p>\n<p>Ne laissez jamais br\u00fbler la bougie sans surveillance.<\/p>","protected":false},"featured_media":6993,"template":"","meta":[],"product_brand":[90],"product_cat":[49,56],"product_tag":[],"class_list":{"0":"post-3494","1":"product","2":"type-product","3":"status-publish","4":"has-post-thumbnail","6":"product_brand-shunga-erotic-art","7":"product_cat-bien-etre","8":"product_cat-huiles","11":"instock","12":"taxable","13":"shipping-taxable","14":"purchasable","15":"product-type-simple","16":"product-grid-view"},"_links":{"self":[{"href":"https:\/\/www.tahitiplaisirs.com\/en\/wp-json\/wp\/v2\/product\/3494","targetHints":{"allow":["GET"]}}],"collection":[{"href":"https:\/\/www.tahitiplaisirs.com\/en\/wp-json\/wp\/v2\/product"}],"about":[{"href":"https:\/\/www.tahitiplaisirs.com\/en\/wp-json\/wp\/v2\/types\/product"}],"version-history":[{"count":1,"href":"https:\/\/www.tahitiplaisirs.com\/en\/wp-json\/wp\/v2\/product\/3494\/revisions"}],"predecessor-version":[{"id":3524,"href":"https:\/\/www.tahitiplaisirs.com\/en\/wp-json\/wp\/v2\/product\/3494\/revisions\/3524"}],"wp:featuredmedia":[{"embeddable":true,"href":"https:\/\/www.tahitiplaisirs.com\/en\/wp-json\/wp\/v2\/media\/6993"}],"wp:attachment":[{"href":"https:\/\/www.tahitiplaisirs.com\/en\/wp-json\/wp\/v2\/media?parent=3494"}],"wp:term":[{"taxonomy":"product_brand","embeddable":true,"href":"https:\/\/www.tahitiplaisirs.com\/en\/wp-json\/wp\/v2\/product_brand?post=3494"},{"taxonomy":"product_cat","embeddable":true,"href":"https:\/\/www.tahitiplaisirs.com\/en\/wp-json\/wp\/v2\/product_cat?post=3494"},{"taxonomy":"product_tag","embeddable":true,"href":"https:\/\/www.tahitiplaisirs.com\/en\/wp-json\/wp\/v2\/product_tag?post=3494"}],"curies":[{"name":"wp","href":"https:\/\/api.w.org\/{rel}","templated":true}]}}