{"id":3495,"date":"2025-08-15T16:11:08","date_gmt":"2025-08-16T02:11:08","guid":{"rendered":"https:\/\/www.tahitiplaisirs.com\/?post_type=product&#038;p=3495"},"modified":"2026-03-21T14:25:15","modified_gmt":"2026-03-22T00:25:15","slug":"gaine-bristly-sleeve-noir","status":"publish","type":"product","link":"https:\/\/www.tahitiplaisirs.com\/en\/product\/gaine-bristly-sleeve-noir\/","title":{"rendered":"Gaine Bristly sleeve noir"},"content":{"rendered":"","protected":false},"excerpt":{"rendered":"<p>Gaine Bristly sleeve noir de Malesation<\/p>\n<p>Cette gaine de p\u00e9nis dispose de nombreux picots qui stimuleront votre partenaire lors de la p\u00e9n\u00e9tration vaginale ou anale&#8230;<\/p>\n<p>Elle mesure 14cm pour 3cm de diam\u00e8tre, elle est facile \u00e0 enfiler que ce soit sur un vrai p\u00e9nis ou sur un gode ou vibro de forme simple<\/p>\n<p>Mati\u00e8re : TPR ultra doux et sans phtalates<\/p>\n<p>Tahiti Plaisirs recommande l&rsquo;utilisation d&rsquo;un lubrifiant \u00e0 base d&rsquo;eau.<\/p>\n<p>Ne pas oublier de nettoyer votre sextoy avant et apr\u00e8s chaque utilisation.<\/p>","protected":false},"featured_media":8174,"template":"","meta":[],"product_brand":[122],"product_cat":[76,51,47],"product_tag":[],"class_list":{"0":"post-3495","1":"product","2":"type-product","3":"status-publish","4":"has-post-thumbnail","6":"product_brand-malesation","7":"product_cat-gaines","8":"product_cat-pour-lui","9":"product_cat-sextoys","12":"instock","13":"purchasable","14":"product-type-simple","15":"product-grid-view"},"_links":{"self":[{"href":"https:\/\/www.tahitiplaisirs.com\/en\/wp-json\/wp\/v2\/product\/3495","targetHints":{"allow":["GET"]}}],"collection":[{"href":"https:\/\/www.tahitiplaisirs.com\/en\/wp-json\/wp\/v2\/product"}],"about":[{"href":"https:\/\/www.tahitiplaisirs.com\/en\/wp-json\/wp\/v2\/types\/product"}],"version-history":[{"count":1,"href":"https:\/\/www.tahitiplaisirs.com\/en\/wp-json\/wp\/v2\/product\/3495\/revisions"}],"predecessor-version":[{"id":3525,"href":"https:\/\/www.tahitiplaisirs.com\/en\/wp-json\/wp\/v2\/product\/3495\/revisions\/3525"}],"wp:featuredmedia":[{"embeddable":true,"href":"https:\/\/www.tahitiplaisirs.com\/en\/wp-json\/wp\/v2\/media\/8174"}],"wp:attachment":[{"href":"https:\/\/www.tahitiplaisirs.com\/en\/wp-json\/wp\/v2\/media?parent=3495"}],"wp:term":[{"taxonomy":"product_brand","embeddable":true,"href":"https:\/\/www.tahitiplaisirs.com\/en\/wp-json\/wp\/v2\/product_brand?post=3495"},{"taxonomy":"product_cat","embeddable":true,"href":"https:\/\/www.tahitiplaisirs.com\/en\/wp-json\/wp\/v2\/product_cat?post=3495"},{"taxonomy":"product_tag","embeddable":true,"href":"https:\/\/www.tahitiplaisirs.com\/en\/wp-json\/wp\/v2\/product_tag?post=3495"}],"curies":[{"name":"wp","href":"https:\/\/api.w.org\/{rel}","templated":true}]}}