{"id":3497,"date":"2025-08-15T16:11:08","date_gmt":"2025-08-16T02:11:08","guid":{"rendered":"https:\/\/www.tahitiplaisirs.com\/?post_type=product&#038;p=3497"},"modified":"2026-03-24T14:44:09","modified_gmt":"2026-03-25T00:44:09","slug":"gaine-transparente-27cm-addicted-toys","status":"publish","type":"product","link":"https:\/\/www.tahitiplaisirs.com\/en\/product\/gaine-transparente-27cm-addicted-toys\/","title":{"rendered":"Gaine transparente 27cm Addicted Toys"},"content":{"rendered":"","protected":false},"excerpt":{"rendered":"<p>Gaine transparente 27cm de Addicted Toys<\/p>\n<p>Cette gaine de taille M est con\u00e7ue pour couvrir le p\u00e9nis et augmenter \u00e0 la fois la longueur et la circonf\u00e9rence.<\/p>\n<p>Il est fabriqu\u00e9 \u00e0 partir d&rsquo;un mat\u00e9riau transparent de haute qualit\u00e9, permettant de visualiser le processus d&rsquo;utilisation sans distraction, tout en am\u00e9liorant les performances sexuelles en toute s\u00e9curit\u00e9 et confortablement.<\/p>\n<p>Il mesure 27cm au total pour 14cm de profondeur et 4,9cm de diam\u00e8tre au plus large.<\/p>\n<p>Il est recommand\u00e9 d&rsquo;utiliser un lubrifiant pour faciliter l&rsquo;insertion et augmenter le confort lors de l&rsquo;utilisation.<\/p>\n<p>Cela permet \u00e9galement d&rsquo;\u00e9viter tout type de frottement ou d&rsquo;irritation qui pourrait survenir lors de l&rsquo;utilisation du manchon pendant une p\u00e9riode prolong\u00e9e.<\/p>","protected":false},"featured_media":10769,"template":"","meta":[],"product_brand":[120],"product_cat":[76,51],"product_tag":[],"class_list":{"0":"post-3497","1":"product","2":"type-product","3":"status-publish","4":"has-post-thumbnail","6":"product_brand-addicted-toys","7":"product_cat-gaines","8":"product_cat-pour-lui","11":"instock","12":"taxable","13":"shipping-taxable","14":"purchasable","15":"product-type-simple","16":"product-grid-view"},"_links":{"self":[{"href":"https:\/\/www.tahitiplaisirs.com\/en\/wp-json\/wp\/v2\/product\/3497","targetHints":{"allow":["GET"]}}],"collection":[{"href":"https:\/\/www.tahitiplaisirs.com\/en\/wp-json\/wp\/v2\/product"}],"about":[{"href":"https:\/\/www.tahitiplaisirs.com\/en\/wp-json\/wp\/v2\/types\/product"}],"version-history":[{"count":5,"href":"https:\/\/www.tahitiplaisirs.com\/en\/wp-json\/wp\/v2\/product\/3497\/revisions"}],"predecessor-version":[{"id":10188,"href":"https:\/\/www.tahitiplaisirs.com\/en\/wp-json\/wp\/v2\/product\/3497\/revisions\/10188"}],"wp:featuredmedia":[{"embeddable":true,"href":"https:\/\/www.tahitiplaisirs.com\/en\/wp-json\/wp\/v2\/media\/10769"}],"wp:attachment":[{"href":"https:\/\/www.tahitiplaisirs.com\/en\/wp-json\/wp\/v2\/media?parent=3497"}],"wp:term":[{"taxonomy":"product_brand","embeddable":true,"href":"https:\/\/www.tahitiplaisirs.com\/en\/wp-json\/wp\/v2\/product_brand?post=3497"},{"taxonomy":"product_cat","embeddable":true,"href":"https:\/\/www.tahitiplaisirs.com\/en\/wp-json\/wp\/v2\/product_cat?post=3497"},{"taxonomy":"product_tag","embeddable":true,"href":"https:\/\/www.tahitiplaisirs.com\/en\/wp-json\/wp\/v2\/product_tag?post=3497"}],"curies":[{"name":"wp","href":"https:\/\/api.w.org\/{rel}","templated":true}]}}