{"id":3503,"date":"2025-08-15T16:11:08","date_gmt":"2025-08-16T02:11:08","guid":{"rendered":"https:\/\/www.tahitiplaisirs.com\/?post_type=product&#038;p=3503"},"modified":"2026-03-21T13:54:06","modified_gmt":"2026-03-21T23:54:06","slug":"jeu-the-secret-pyramid","status":"publish","type":"product","link":"https:\/\/www.tahitiplaisirs.com\/en\/product\/jeu-the-secret-pyramid\/","title":{"rendered":"Jeu The Secret Pyramid"},"content":{"rendered":"","protected":false},"excerpt":{"rendered":"<div id=\"tab-content\" class=\"tab-content\">\n<div id=\"description\" class=\"tab-pane fade in active\">\n<div class=\"product-description\">\n<p>Jeu The Secret Pyramid de Secret Play<\/p>\n<\/div>\n<\/div>\n<\/div>\n<div id=\"tab-content\" class=\"tab-content\">\n<div id=\"description\" class=\"tab-pane fade in active\">\n<div>\n<div class=\"product-information\">\n<div id=\"product-description-short-3151\">\n<p>Le jeu de soci\u00e9t\u00e9 coquin au temps de l&rsquo;\u00c9gypte antique !<\/p>\n<p>La\u00a0pyramide secr\u00e8te\u00a0est un\u00a0jeu de soci\u00e9t\u00e9 sexuel\u00a0qui transporte les joueurs \u00e0 l&rsquo;\u00e9poque magique de l&rsquo;\u00c9gypte ancienne, celle des pharaons, des mythes et d&rsquo;un \u00e9rotisme raffin\u00e9.<\/p>\n<p>Vous devrez r\u00e9soudre des \u00e9nigmes piment\u00e9es et relever des d\u00e9fis sulfureux afin d&rsquo;explorer cette myst\u00e9rieuse pyramide.<\/p>\n<p>Jusqu&rsquo;\u00e0 atteindre l&rsquo;\u0153il de R\u00e2 qui vous sacrera roi divin, vous autorisant \u00e0 exaucer vos v\u0153ux les plus intimes.<\/p>\n<p>Pr\u00e9vu pour 2 \u00e0 6 joueurs, ce\u00a0jeu sexy\u00a0est adapt\u00e9 aux couples, amis audacieux, \u00e9changistes et libertins.<\/p>\n<\/div>\n<\/div>\n<\/div>\n<\/div>\n<\/div>","protected":false},"featured_media":10134,"template":"","meta":[],"product_brand":[91],"product_cat":[57,61,71],"product_tag":[],"class_list":{"0":"post-3503","1":"product","2":"type-product","3":"status-publish","4":"has-post-thumbnail","6":"product_brand-secret-play","7":"product_cat-accessoires","8":"product_cat-jeux-coquins","9":"product_cat-pour-couple","12":"instock","13":"purchasable","14":"product-type-simple","15":"product-grid-view"},"_links":{"self":[{"href":"https:\/\/www.tahitiplaisirs.com\/en\/wp-json\/wp\/v2\/product\/3503","targetHints":{"allow":["GET"]}}],"collection":[{"href":"https:\/\/www.tahitiplaisirs.com\/en\/wp-json\/wp\/v2\/product"}],"about":[{"href":"https:\/\/www.tahitiplaisirs.com\/en\/wp-json\/wp\/v2\/types\/product"}],"version-history":[{"count":3,"href":"https:\/\/www.tahitiplaisirs.com\/en\/wp-json\/wp\/v2\/product\/3503\/revisions"}],"predecessor-version":[{"id":10143,"href":"https:\/\/www.tahitiplaisirs.com\/en\/wp-json\/wp\/v2\/product\/3503\/revisions\/10143"}],"wp:featuredmedia":[{"embeddable":true,"href":"https:\/\/www.tahitiplaisirs.com\/en\/wp-json\/wp\/v2\/media\/10134"}],"wp:attachment":[{"href":"https:\/\/www.tahitiplaisirs.com\/en\/wp-json\/wp\/v2\/media?parent=3503"}],"wp:term":[{"taxonomy":"product_brand","embeddable":true,"href":"https:\/\/www.tahitiplaisirs.com\/en\/wp-json\/wp\/v2\/product_brand?post=3503"},{"taxonomy":"product_cat","embeddable":true,"href":"https:\/\/www.tahitiplaisirs.com\/en\/wp-json\/wp\/v2\/product_cat?post=3503"},{"taxonomy":"product_tag","embeddable":true,"href":"https:\/\/www.tahitiplaisirs.com\/en\/wp-json\/wp\/v2\/product_tag?post=3503"}],"curies":[{"name":"wp","href":"https:\/\/api.w.org\/{rel}","templated":true}]}}