{"id":3505,"date":"2025-08-15T16:11:08","date_gmt":"2025-08-16T02:11:08","guid":{"rendered":"https:\/\/www.tahitiplaisirs.com\/?post_type=product&#038;p=3505"},"modified":"2026-04-07T16:23:03","modified_gmt":"2026-04-08T02:23:03","slug":"stimulateur-love-breeze-bleu","status":"publish","type":"product","link":"https:\/\/www.tahitiplaisirs.com\/en\/product\/stimulateur-love-breeze-bleu\/","title":{"rendered":"Stimulateur Love Breeze bleu"},"content":{"rendered":"","protected":false},"excerpt":{"rendered":"<p>Stimulateur clitoridien Love Breeze bleu de Satisfyer<\/p>\n<p>D\u00e9couvrez ce stimulateur clitoridien bleu derni\u00e8re g\u00e9n\u00e9ration par impulsions d&rsquo;air.<\/p>\n<p>Pas moins de\u00a011 programmes\u00a0avec la technologie\u00a0Air Pulse\u00a0+\u00a010 modes de vibrations, ses moteurs se contr\u00f4lent ind\u00e9pendamment.<\/p>\n<p>Vous pourrez aussi prendre une douche ou un bain avec ce stimulateur de clitoris bleu car son \u00e9tanch\u00e9it\u00e9 est parfaite.<\/p>\n<p>Mode chuchotement &#8211; Waterproof &#8211; Silicone haute qualit\u00e9 &#8211; C\u00e2ble de charge inclus<\/p>","protected":false},"featured_media":7000,"template":"","meta":[],"product_brand":[103],"product_cat":[63,47,48],"product_tag":[],"class_list":{"0":"post-3505","1":"product","2":"type-product","3":"status-publish","4":"has-post-thumbnail","6":"product_brand-satisfyer","7":"product_cat-pour-elle","8":"product_cat-sextoys","9":"product_cat-stimulateurs-clitoridiens","12":"instock","13":"taxable","14":"shipping-taxable","15":"purchasable","16":"product-type-simple","17":"product-grid-view"},"_links":{"self":[{"href":"https:\/\/www.tahitiplaisirs.com\/en\/wp-json\/wp\/v2\/product\/3505","targetHints":{"allow":["GET"]}}],"collection":[{"href":"https:\/\/www.tahitiplaisirs.com\/en\/wp-json\/wp\/v2\/product"}],"about":[{"href":"https:\/\/www.tahitiplaisirs.com\/en\/wp-json\/wp\/v2\/types\/product"}],"version-history":[{"count":2,"href":"https:\/\/www.tahitiplaisirs.com\/en\/wp-json\/wp\/v2\/product\/3505\/revisions"}],"predecessor-version":[{"id":9395,"href":"https:\/\/www.tahitiplaisirs.com\/en\/wp-json\/wp\/v2\/product\/3505\/revisions\/9395"}],"wp:featuredmedia":[{"embeddable":true,"href":"https:\/\/www.tahitiplaisirs.com\/en\/wp-json\/wp\/v2\/media\/7000"}],"wp:attachment":[{"href":"https:\/\/www.tahitiplaisirs.com\/en\/wp-json\/wp\/v2\/media?parent=3505"}],"wp:term":[{"taxonomy":"product_brand","embeddable":true,"href":"https:\/\/www.tahitiplaisirs.com\/en\/wp-json\/wp\/v2\/product_brand?post=3505"},{"taxonomy":"product_cat","embeddable":true,"href":"https:\/\/www.tahitiplaisirs.com\/en\/wp-json\/wp\/v2\/product_cat?post=3505"},{"taxonomy":"product_tag","embeddable":true,"href":"https:\/\/www.tahitiplaisirs.com\/en\/wp-json\/wp\/v2\/product_tag?post=3505"}],"curies":[{"name":"wp","href":"https:\/\/api.w.org\/{rel}","templated":true}]}}