{"id":3508,"date":"2025-08-01T09:17:05","date_gmt":"2025-08-01T19:17:05","guid":{"rendered":"https:\/\/www.tahitiplaisirs.com\/?post_type=product&#038;p=3508"},"modified":"2026-03-21T14:25:09","modified_gmt":"2026-03-22T00:25:09","slug":"images-volees-en-boite-a-partouze","status":"publish","type":"product","link":"https:\/\/www.tahitiplaisirs.com\/en\/product\/images-volees-en-boite-a-partouze\/","title":{"rendered":"Images vol\u00e9es en boite \u00e0 partouze"},"content":{"rendered":"","protected":false},"excerpt":{"rendered":"<p>Images vol\u00e9es en boite \u00e0 partouze<\/p>\n<p>No\u00e9mie, d\u00e9fonc\u00e9e par son mari lors d&rsquo;une soir\u00e9e libertine<\/p>\n<p>Nathalie, 28ans, 1\u00e8re exp\u00e9rience dans un club libertin<\/p>\n<p>Dur\u00e9e : 4h<\/p>","protected":false},"featured_media":9197,"template":"","meta":[],"product_brand":[],"product_cat":[70],"product_tag":[],"class_list":{"0":"post-3508","1":"product","2":"type-product","3":"status-publish","4":"has-post-thumbnail","6":"product_cat-dvd","9":"instock","10":"taxable","11":"shipping-taxable","12":"purchasable","13":"product-type-simple","14":"product-grid-view"},"_links":{"self":[{"href":"https:\/\/www.tahitiplaisirs.com\/en\/wp-json\/wp\/v2\/product\/3508","targetHints":{"allow":["GET"]}}],"collection":[{"href":"https:\/\/www.tahitiplaisirs.com\/en\/wp-json\/wp\/v2\/product"}],"about":[{"href":"https:\/\/www.tahitiplaisirs.com\/en\/wp-json\/wp\/v2\/types\/product"}],"version-history":[{"count":1,"href":"https:\/\/www.tahitiplaisirs.com\/en\/wp-json\/wp\/v2\/product\/3508\/revisions"}],"predecessor-version":[{"id":3538,"href":"https:\/\/www.tahitiplaisirs.com\/en\/wp-json\/wp\/v2\/product\/3508\/revisions\/3538"}],"wp:featuredmedia":[{"embeddable":true,"href":"https:\/\/www.tahitiplaisirs.com\/en\/wp-json\/wp\/v2\/media\/9197"}],"wp:attachment":[{"href":"https:\/\/www.tahitiplaisirs.com\/en\/wp-json\/wp\/v2\/media?parent=3508"}],"wp:term":[{"taxonomy":"product_brand","embeddable":true,"href":"https:\/\/www.tahitiplaisirs.com\/en\/wp-json\/wp\/v2\/product_brand?post=3508"},{"taxonomy":"product_cat","embeddable":true,"href":"https:\/\/www.tahitiplaisirs.com\/en\/wp-json\/wp\/v2\/product_cat?post=3508"},{"taxonomy":"product_tag","embeddable":true,"href":"https:\/\/www.tahitiplaisirs.com\/en\/wp-json\/wp\/v2\/product_tag?post=3508"}],"curies":[{"name":"wp","href":"https:\/\/api.w.org\/{rel}","templated":true}]}}