{"id":3513,"date":"2025-08-15T16:11:09","date_gmt":"2025-08-16T02:11:09","guid":{"rendered":"https:\/\/www.tahitiplaisirs.com\/?post_type=product&#038;p=3513"},"modified":"2026-02-24T15:18:13","modified_gmt":"2026-02-25T01:18:13","slug":"buste-homme-real-body","status":"publish","type":"product","link":"https:\/\/www.tahitiplaisirs.com\/en\/product\/buste-homme-real-body\/","title":{"rendered":"Buste homme Real Body"},"content":{"rendered":"","protected":false},"excerpt":{"rendered":"<p>Masturbateur buste d\u2019homme de Real Body<\/p>\n<p>Buste d\u2019homme muscl\u00e9 tr\u00e8s r\u00e9aliste de 53,6cm de longueur pour 29,5cm de largeur avec son sexe en \u00e9rection de 19cm et 4cm de diam\u00e8tre .<\/p>\n<p>Le touch\u00e9 est comme la peau et sa stabilit\u00e9 offrira des va-et-vient sauvages ! Et le gode reste flexible pour s\u2019adapter aux positions pr\u00e9f\u00e9r\u00e9es.<\/p>\n<div data-id=\"320b8d6\" data-element_type=\"widget\" data-widget_type=\"product-description-short.default\">\n<div>\n<div>\n<p>Poids : 8,779kg.<\/p>\n<p>La bo\u00eete mesure 31,8cm de long, 61cm de large et 41cm de profondeur.<\/p>\n<\/div>\n<\/div>\n<\/div>","protected":false},"featured_media":10086,"template":"","meta":[],"product_brand":[],"product_cat":[78,51,47],"product_tag":[],"class_list":{"0":"post-3513","1":"product","2":"type-product","3":"status-publish","4":"has-post-thumbnail","6":"product_cat-masturbateurs","7":"product_cat-pour-lui","8":"product_cat-sextoys","11":"instock","12":"purchasable","13":"product-type-simple","14":"product-grid-view"},"_links":{"self":[{"href":"https:\/\/www.tahitiplaisirs.com\/en\/wp-json\/wp\/v2\/product\/3513","targetHints":{"allow":["GET"]}}],"collection":[{"href":"https:\/\/www.tahitiplaisirs.com\/en\/wp-json\/wp\/v2\/product"}],"about":[{"href":"https:\/\/www.tahitiplaisirs.com\/en\/wp-json\/wp\/v2\/types\/product"}],"version-history":[{"count":4,"href":"https:\/\/www.tahitiplaisirs.com\/en\/wp-json\/wp\/v2\/product\/3513\/revisions"}],"predecessor-version":[{"id":10088,"href":"https:\/\/www.tahitiplaisirs.com\/en\/wp-json\/wp\/v2\/product\/3513\/revisions\/10088"}],"wp:featuredmedia":[{"embeddable":true,"href":"https:\/\/www.tahitiplaisirs.com\/en\/wp-json\/wp\/v2\/media\/10086"}],"wp:attachment":[{"href":"https:\/\/www.tahitiplaisirs.com\/en\/wp-json\/wp\/v2\/media?parent=3513"}],"wp:term":[{"taxonomy":"product_brand","embeddable":true,"href":"https:\/\/www.tahitiplaisirs.com\/en\/wp-json\/wp\/v2\/product_brand?post=3513"},{"taxonomy":"product_cat","embeddable":true,"href":"https:\/\/www.tahitiplaisirs.com\/en\/wp-json\/wp\/v2\/product_cat?post=3513"},{"taxonomy":"product_tag","embeddable":true,"href":"https:\/\/www.tahitiplaisirs.com\/en\/wp-json\/wp\/v2\/product_tag?post=3513"}],"curies":[{"name":"wp","href":"https:\/\/api.w.org\/{rel}","templated":true}]}}