{"id":3514,"date":"2025-08-15T16:11:09","date_gmt":"2025-08-16T02:11:09","guid":{"rendered":"https:\/\/www.tahitiplaisirs.com\/?post_type=product&#038;p=3514"},"modified":"2026-03-21T14:25:07","modified_gmt":"2026-03-22T00:25:07","slug":"boules-de-geisha-inner-goddess","status":"publish","type":"product","link":"https:\/\/www.tahitiplaisirs.com\/en\/product\/boules-de-geisha-inner-goddess\/","title":{"rendered":"Boules de Geisha Inner Goddess"},"content":{"rendered":"","protected":false},"excerpt":{"rendered":"<p>Inner Goddess de Fifty Shades of Grey<\/p>\n<p>Con\u00e7ues sp\u00e9cialement pour les d\u00e9butants, ces boules de 78g tonifient doucement les muscles du p\u00e9rin\u00e9e pour une excitation accrue pendant le rapport sexuel.<\/p>\n<p>Elles sont livr\u00e9es avec un sac de rangement Fifty Shades of Grey, ce qui en fait un cadeau \u00e9rotique id\u00e9al pour les fans des livres.<\/p>\n<p>Inner Goddess fait partie de la collection officielle de plaisir Fifty Shades of Grey approuv\u00e9e par l&rsquo;auteur EL James.<\/p>","protected":false},"featured_media":8199,"template":"","meta":[],"product_brand":[],"product_cat":[75,47],"product_tag":[],"class_list":{"0":"post-3514","1":"product","2":"type-product","3":"status-publish","4":"has-post-thumbnail","6":"product_cat-oeufs-boules-de-geisha","7":"product_cat-sextoys","10":"instock","11":"taxable","12":"shipping-taxable","13":"purchasable","14":"product-type-simple","15":"product-grid-view"},"_links":{"self":[{"href":"https:\/\/www.tahitiplaisirs.com\/en\/wp-json\/wp\/v2\/product\/3514","targetHints":{"allow":["GET"]}}],"collection":[{"href":"https:\/\/www.tahitiplaisirs.com\/en\/wp-json\/wp\/v2\/product"}],"about":[{"href":"https:\/\/www.tahitiplaisirs.com\/en\/wp-json\/wp\/v2\/types\/product"}],"version-history":[{"count":2,"href":"https:\/\/www.tahitiplaisirs.com\/en\/wp-json\/wp\/v2\/product\/3514\/revisions"}],"predecessor-version":[{"id":8198,"href":"https:\/\/www.tahitiplaisirs.com\/en\/wp-json\/wp\/v2\/product\/3514\/revisions\/8198"}],"wp:featuredmedia":[{"embeddable":true,"href":"https:\/\/www.tahitiplaisirs.com\/en\/wp-json\/wp\/v2\/media\/8199"}],"wp:attachment":[{"href":"https:\/\/www.tahitiplaisirs.com\/en\/wp-json\/wp\/v2\/media?parent=3514"}],"wp:term":[{"taxonomy":"product_brand","embeddable":true,"href":"https:\/\/www.tahitiplaisirs.com\/en\/wp-json\/wp\/v2\/product_brand?post=3514"},{"taxonomy":"product_cat","embeddable":true,"href":"https:\/\/www.tahitiplaisirs.com\/en\/wp-json\/wp\/v2\/product_cat?post=3514"},{"taxonomy":"product_tag","embeddable":true,"href":"https:\/\/www.tahitiplaisirs.com\/en\/wp-json\/wp\/v2\/product_tag?post=3514"}],"curies":[{"name":"wp","href":"https:\/\/api.w.org\/{rel}","templated":true}]}}