{"id":3552,"date":"2025-08-15T16:11:12","date_gmt":"2025-08-16T02:11:12","guid":{"rendered":"https:\/\/www.tahitiplaisirs.com\/?post_type=product&#038;p=3552"},"modified":"2026-03-21T14:25:11","modified_gmt":"2026-03-22T00:25:11","slug":"gode-anal-torpedo-small","status":"publish","type":"product","link":"https:\/\/www.tahitiplaisirs.com\/en\/product\/gode-anal-torpedo-small\/","title":{"rendered":"Gode anal Torpedo Small"},"content":{"rendered":"","protected":false},"excerpt":{"rendered":"<p>Gode Anal\u00a0 Torpedo Small &#8211; 17 cm de Dream Toys<\/p>\n<p>Torpedo est un gode en PVC lisse avec un design sp\u00e9cialement \u00e9tudi\u00e9 pour la p\u00e9n\u00e9tration anale.<\/p>\n<p>Ce plug anal a une ventouse solide qui adh\u00e8re \u00e0 toute surface lisse et plane, ce qui facilite le jeu en solo.<\/p>\n<p>La base large am\u00e9liore \u00e9galement le sentiment de s\u00e9curit\u00e9 lors de l&rsquo;insertion du plug anal.<\/p>\n<p>Souple et en forme de torpille.<\/p>\n<p>Longueur : 17 cm sur 4,2 cm de diam\u00e8tre au plus large.<\/p>\n<p>Composition : PVC<\/p>","protected":false},"featured_media":8194,"template":"","meta":[],"product_brand":[],"product_cat":[53,62,47],"product_tag":[],"class_list":{"0":"post-3552","1":"product","2":"type-product","3":"status-publish","4":"has-post-thumbnail","6":"product_cat-godemichets","7":"product_cat-plaisir-anal","8":"product_cat-sextoys","11":"instock","12":"taxable","13":"shipping-taxable","14":"purchasable","15":"product-type-simple","16":"product-grid-view"},"_links":{"self":[{"href":"https:\/\/www.tahitiplaisirs.com\/en\/wp-json\/wp\/v2\/product\/3552","targetHints":{"allow":["GET"]}}],"collection":[{"href":"https:\/\/www.tahitiplaisirs.com\/en\/wp-json\/wp\/v2\/product"}],"about":[{"href":"https:\/\/www.tahitiplaisirs.com\/en\/wp-json\/wp\/v2\/types\/product"}],"version-history":[{"count":1,"href":"https:\/\/www.tahitiplaisirs.com\/en\/wp-json\/wp\/v2\/product\/3552\/revisions"}],"predecessor-version":[{"id":3582,"href":"https:\/\/www.tahitiplaisirs.com\/en\/wp-json\/wp\/v2\/product\/3552\/revisions\/3582"}],"wp:featuredmedia":[{"embeddable":true,"href":"https:\/\/www.tahitiplaisirs.com\/en\/wp-json\/wp\/v2\/media\/8194"}],"wp:attachment":[{"href":"https:\/\/www.tahitiplaisirs.com\/en\/wp-json\/wp\/v2\/media?parent=3552"}],"wp:term":[{"taxonomy":"product_brand","embeddable":true,"href":"https:\/\/www.tahitiplaisirs.com\/en\/wp-json\/wp\/v2\/product_brand?post=3552"},{"taxonomy":"product_cat","embeddable":true,"href":"https:\/\/www.tahitiplaisirs.com\/en\/wp-json\/wp\/v2\/product_cat?post=3552"},{"taxonomy":"product_tag","embeddable":true,"href":"https:\/\/www.tahitiplaisirs.com\/en\/wp-json\/wp\/v2\/product_tag?post=3552"}],"curies":[{"name":"wp","href":"https:\/\/api.w.org\/{rel}","templated":true}]}}