{"id":3553,"date":"2025-08-15T16:11:12","date_gmt":"2025-08-16T02:11:12","guid":{"rendered":"https:\/\/www.tahitiplaisirs.com\/?post_type=product&#038;p=3553"},"modified":"2026-03-21T14:25:10","modified_gmt":"2026-03-22T00:25:10","slug":"body-halter-lace-gw-queen-size","status":"publish","type":"product","link":"https:\/\/www.tahitiplaisirs.com\/en\/product\/body-halter-lace-gw-queen-size\/","title":{"rendered":"Body Halter lace GW Queen size"},"content":{"rendered":"","protected":false},"excerpt":{"rendered":"<p>Body Halter lace purple Queen size de G World<\/p>\n<p><span dir=\"auto\">Une soir\u00e9e romantique de pr\u00e9vue ou tout simplement envie de vous faire plaisir et faire plaisir votre moiti\u00e9 ?<\/span><\/p>\n<p><span dir=\"auto\"> Ce body ajour\u00e9 est le look id\u00e9al !<\/span><\/p>\n<p><span dir=\"auto\">Il est orn\u00e9 d&rsquo;une dentelle sensuelle et d&rsquo;une ouverture en trou de serrure, de breloques orn\u00e9es de bijoux et de bretelles brod\u00e9es.<\/span><\/p>\n<p><span dir=\"auto\">Il est livr\u00e9 avec une jarreti\u00e8re en dentelle.<\/span><\/p>\n<p><span dir=\"auto\">Mati\u00e8re : 88 % polyamide, 12 % \u00e9lasthanne<\/span><\/p>","protected":false},"featured_media":9239,"template":"","meta":[],"product_brand":[107],"product_cat":[73,74,63],"product_tag":[],"class_list":{"0":"post-3553","1":"product","2":"type-product","3":"status-publish","4":"has-post-thumbnail","6":"product_brand-g-world","7":"product_cat-lingerie-sexy","8":"product_cat-nuisettes-bodys-et-set","9":"product_cat-pour-elle","12":"instock","13":"taxable","14":"shipping-taxable","15":"purchasable","16":"product-type-simple","17":"product-grid-view"},"_links":{"self":[{"href":"https:\/\/www.tahitiplaisirs.com\/en\/wp-json\/wp\/v2\/product\/3553","targetHints":{"allow":["GET"]}}],"collection":[{"href":"https:\/\/www.tahitiplaisirs.com\/en\/wp-json\/wp\/v2\/product"}],"about":[{"href":"https:\/\/www.tahitiplaisirs.com\/en\/wp-json\/wp\/v2\/types\/product"}],"version-history":[{"count":3,"href":"https:\/\/www.tahitiplaisirs.com\/en\/wp-json\/wp\/v2\/product\/3553\/revisions"}],"predecessor-version":[{"id":9248,"href":"https:\/\/www.tahitiplaisirs.com\/en\/wp-json\/wp\/v2\/product\/3553\/revisions\/9248"}],"wp:featuredmedia":[{"embeddable":true,"href":"https:\/\/www.tahitiplaisirs.com\/en\/wp-json\/wp\/v2\/media\/9239"}],"wp:attachment":[{"href":"https:\/\/www.tahitiplaisirs.com\/en\/wp-json\/wp\/v2\/media?parent=3553"}],"wp:term":[{"taxonomy":"product_brand","embeddable":true,"href":"https:\/\/www.tahitiplaisirs.com\/en\/wp-json\/wp\/v2\/product_brand?post=3553"},{"taxonomy":"product_cat","embeddable":true,"href":"https:\/\/www.tahitiplaisirs.com\/en\/wp-json\/wp\/v2\/product_cat?post=3553"},{"taxonomy":"product_tag","embeddable":true,"href":"https:\/\/www.tahitiplaisirs.com\/en\/wp-json\/wp\/v2\/product_tag?post=3553"}],"curies":[{"name":"wp","href":"https:\/\/api.w.org\/{rel}","templated":true}]}}