{"id":3554,"date":"2025-08-15T16:11:12","date_gmt":"2025-08-16T02:11:12","guid":{"rendered":"https:\/\/www.tahitiplaisirs.com\/?post_type=product&#038;p=3554"},"modified":"2026-03-21T14:25:08","modified_gmt":"2026-03-22T00:25:08","slug":"ensemble-noir-gw-s-l","status":"publish","type":"product","link":"https:\/\/www.tahitiplaisirs.com\/en\/product\/ensemble-noir-gw-s-l\/","title":{"rendered":"Ensemble noir GW S-L"},"content":{"rendered":"","protected":false},"excerpt":{"rendered":"<p>Ensemble noir S-L de G-World<\/p>\n<p><span dir=\"auto\">Pour une soir\u00e9e torride, optez pour cet ensemble compos\u00e9 d&rsquo;un soutien-gorge \u00e0 armatures avec bonnets ouverts, d&rsquo;une culotte ouverte \u00e0 l&rsquo;entrejambe, d&rsquo;un <\/span><span dir=\"auto\">par\u00e9o transparent et d&rsquo;un tour de cou \u00e0 cha\u00eene.<\/span><\/p>\n<p><span dir=\"auto\">Mati\u00e8re : 88 % polyamide, 12 % \u00e9lasthanne<\/span><\/p>","protected":false},"featured_media":9237,"template":"","meta":[],"product_brand":[107],"product_cat":[73,74,63],"product_tag":[],"class_list":{"0":"post-3554","1":"product","2":"type-product","3":"status-publish","4":"has-post-thumbnail","6":"product_brand-g-world","7":"product_cat-lingerie-sexy","8":"product_cat-nuisettes-bodys-et-set","9":"product_cat-pour-elle","12":"instock","13":"taxable","14":"shipping-taxable","15":"purchasable","16":"product-type-simple","17":"product-grid-view"},"_links":{"self":[{"href":"https:\/\/www.tahitiplaisirs.com\/en\/wp-json\/wp\/v2\/product\/3554","targetHints":{"allow":["GET"]}}],"collection":[{"href":"https:\/\/www.tahitiplaisirs.com\/en\/wp-json\/wp\/v2\/product"}],"about":[{"href":"https:\/\/www.tahitiplaisirs.com\/en\/wp-json\/wp\/v2\/types\/product"}],"version-history":[{"count":3,"href":"https:\/\/www.tahitiplaisirs.com\/en\/wp-json\/wp\/v2\/product\/3554\/revisions"}],"predecessor-version":[{"id":9246,"href":"https:\/\/www.tahitiplaisirs.com\/en\/wp-json\/wp\/v2\/product\/3554\/revisions\/9246"}],"wp:featuredmedia":[{"embeddable":true,"href":"https:\/\/www.tahitiplaisirs.com\/en\/wp-json\/wp\/v2\/media\/9237"}],"wp:attachment":[{"href":"https:\/\/www.tahitiplaisirs.com\/en\/wp-json\/wp\/v2\/media?parent=3554"}],"wp:term":[{"taxonomy":"product_brand","embeddable":true,"href":"https:\/\/www.tahitiplaisirs.com\/en\/wp-json\/wp\/v2\/product_brand?post=3554"},{"taxonomy":"product_cat","embeddable":true,"href":"https:\/\/www.tahitiplaisirs.com\/en\/wp-json\/wp\/v2\/product_cat?post=3554"},{"taxonomy":"product_tag","embeddable":true,"href":"https:\/\/www.tahitiplaisirs.com\/en\/wp-json\/wp\/v2\/product_tag?post=3554"}],"curies":[{"name":"wp","href":"https:\/\/api.w.org\/{rel}","templated":true}]}}