{"id":3555,"date":"2025-08-15T16:11:12","date_gmt":"2025-08-16T02:11:12","guid":{"rendered":"https:\/\/www.tahitiplaisirs.com\/?post_type=product&#038;p=3555"},"modified":"2026-02-24T15:19:16","modified_gmt":"2026-02-25T01:19:16","slug":"anneau-metallique-50mm","status":"publish","type":"product","link":"https:\/\/www.tahitiplaisirs.com\/en\/product\/anneau-metallique-50mm\/","title":{"rendered":"Anneau m\u00e9tallique 50mm"},"content":{"rendered":"","protected":false},"excerpt":{"rendered":"<p>Anneau verrouill\u00e9 de 50 mm de Locked<\/p>\n<p>D\u00e9couvrez cet anneau verrouill\u00e9 de 5cm pour des sensations intenses.<\/p>\n<p>Con\u00e7u pour une exp\u00e9rience unique, ce cockring vous garantit confort et plaisir.<\/p>\n<p>Sa mati\u00e8re de qualit\u00e9 assure une utilisation agr\u00e9able et s\u00e9curis\u00e9e.<\/p>\n<p>Offrez-vous des sensations in\u00e9dites avec ce cockring.<\/p>","protected":false},"featured_media":9867,"template":"","meta":[],"product_brand":[140],"product_cat":[68,51],"product_tag":[],"class_list":{"0":"post-3555","1":"product","2":"type-product","3":"status-publish","4":"has-post-thumbnail","6":"product_brand-locked","7":"product_cat-anneaux","8":"product_cat-pour-lui","11":"instock","12":"taxable","13":"shipping-taxable","14":"purchasable","15":"product-type-simple","16":"product-grid-view"},"_links":{"self":[{"href":"https:\/\/www.tahitiplaisirs.com\/en\/wp-json\/wp\/v2\/product\/3555","targetHints":{"allow":["GET"]}}],"collection":[{"href":"https:\/\/www.tahitiplaisirs.com\/en\/wp-json\/wp\/v2\/product"}],"about":[{"href":"https:\/\/www.tahitiplaisirs.com\/en\/wp-json\/wp\/v2\/types\/product"}],"version-history":[{"count":4,"href":"https:\/\/www.tahitiplaisirs.com\/en\/wp-json\/wp\/v2\/product\/3555\/revisions"}],"predecessor-version":[{"id":9869,"href":"https:\/\/www.tahitiplaisirs.com\/en\/wp-json\/wp\/v2\/product\/3555\/revisions\/9869"}],"wp:featuredmedia":[{"embeddable":true,"href":"https:\/\/www.tahitiplaisirs.com\/en\/wp-json\/wp\/v2\/media\/9867"}],"wp:attachment":[{"href":"https:\/\/www.tahitiplaisirs.com\/en\/wp-json\/wp\/v2\/media?parent=3555"}],"wp:term":[{"taxonomy":"product_brand","embeddable":true,"href":"https:\/\/www.tahitiplaisirs.com\/en\/wp-json\/wp\/v2\/product_brand?post=3555"},{"taxonomy":"product_cat","embeddable":true,"href":"https:\/\/www.tahitiplaisirs.com\/en\/wp-json\/wp\/v2\/product_cat?post=3555"},{"taxonomy":"product_tag","embeddable":true,"href":"https:\/\/www.tahitiplaisirs.com\/en\/wp-json\/wp\/v2\/product_tag?post=3555"}],"curies":[{"name":"wp","href":"https:\/\/api.w.org\/{rel}","templated":true}]}}