{"id":3568,"date":"2025-08-15T16:11:12","date_gmt":"2025-08-16T02:11:12","guid":{"rendered":"https:\/\/www.tahitiplaisirs.com\/?post_type=product&#038;p=3568"},"modified":"2026-04-10T10:34:21","modified_gmt":"2026-04-10T20:34:21","slug":"ensemble-rose-fluo-ref-2471-x-large","status":"publish","type":"product","link":"https:\/\/www.tahitiplaisirs.com\/en\/product\/ensemble-rose-fluo-ref-2471-x-large\/","title":{"rendered":"Ensemble rose fluo r\u00e9f 2471 X-Large"},"content":{"rendered":"","protected":false},"excerpt":{"rendered":"<p>Ensemble rose fluo r\u00e9f 2471 X-Large de Mapal\u00e9<\/p>\n<p>Un ensemble rose fluo tr\u00e8s confortable compos\u00e9 :<\/p>\n<p>D&rsquo;un top ajour\u00e9 et doubl\u00e9 sur l&rsquo;avant et d&rsquo;une culotte sexy et tr\u00e8s douce.<\/p>","protected":false},"featured_media":9595,"template":"","meta":[],"product_brand":[100],"product_cat":[73,80],"product_tag":[],"class_list":{"0":"post-3568","1":"product","2":"type-product","3":"status-publish","4":"has-post-thumbnail","6":"product_brand-mapale","7":"product_cat-lingerie-sexy","8":"product_cat-strings-culottes-et-tangas","11":"instock","12":"taxable","13":"shipping-taxable","14":"purchasable","15":"product-type-simple","16":"product-grid-view"},"_links":{"self":[{"href":"https:\/\/www.tahitiplaisirs.com\/en\/wp-json\/wp\/v2\/product\/3568","targetHints":{"allow":["GET"]}}],"collection":[{"href":"https:\/\/www.tahitiplaisirs.com\/en\/wp-json\/wp\/v2\/product"}],"about":[{"href":"https:\/\/www.tahitiplaisirs.com\/en\/wp-json\/wp\/v2\/types\/product"}],"version-history":[{"count":3,"href":"https:\/\/www.tahitiplaisirs.com\/en\/wp-json\/wp\/v2\/product\/3568\/revisions"}],"predecessor-version":[{"id":9599,"href":"https:\/\/www.tahitiplaisirs.com\/en\/wp-json\/wp\/v2\/product\/3568\/revisions\/9599"}],"wp:featuredmedia":[{"embeddable":true,"href":"https:\/\/www.tahitiplaisirs.com\/en\/wp-json\/wp\/v2\/media\/9595"}],"wp:attachment":[{"href":"https:\/\/www.tahitiplaisirs.com\/en\/wp-json\/wp\/v2\/media?parent=3568"}],"wp:term":[{"taxonomy":"product_brand","embeddable":true,"href":"https:\/\/www.tahitiplaisirs.com\/en\/wp-json\/wp\/v2\/product_brand?post=3568"},{"taxonomy":"product_cat","embeddable":true,"href":"https:\/\/www.tahitiplaisirs.com\/en\/wp-json\/wp\/v2\/product_cat?post=3568"},{"taxonomy":"product_tag","embeddable":true,"href":"https:\/\/www.tahitiplaisirs.com\/en\/wp-json\/wp\/v2\/product_tag?post=3568"}],"curies":[{"name":"wp","href":"https:\/\/api.w.org\/{rel}","templated":true}]}}