{"id":3569,"date":"2026-03-20T08:35:12","date_gmt":"2026-03-20T18:35:12","guid":{"rendered":"https:\/\/www.tahitiplaisirs.com\/?post_type=product&#038;p=3569"},"modified":"2026-03-27T11:02:19","modified_gmt":"2026-03-27T21:02:19","slug":"pompe-penis-enlarger-noir","status":"publish","type":"product","link":"https:\/\/www.tahitiplaisirs.com\/en\/product\/pompe-penis-enlarger-noir\/","title":{"rendered":"Pompe Penis Enlarger noir"},"content":{"rendered":"","protected":false},"excerpt":{"rendered":"<p>D\u00e9veloppeur de p\u00e9nis \u00ab\u00a0Penis Enlarger\u00a0\u00bb noir translucide<\/p>\n<p>Pompe pneumatique avec un tube transparent de couleur noir et une valve de contr\u00f4le pour soulager la pression.<\/p>\n<p>Nettoyez votre d\u00e9veloppeur avec de l&rsquo;eau ti\u00e8de et du savon, s\u00e9chez le avec un chiffon doux et propre.<\/p>\n<p>Longueur du tube : 20cm<\/p>\n<p>Fabriqu\u00e9 en plastique ABS et TPE, garanti sans phtalates<\/p>\n<p>Conseil de votre Boutique Tahiti Plaisirs :<\/p>\n<p>Une fois votre que votre p\u00e9nis est en \u00e9rection, retirez le tube puis ajoutez lui un anneau d\u2019am\u00e9lioration qui maintiendra l\u2019\u00e9rection et retardera l&rsquo;\u00e9jaculation.<\/p>","protected":false},"featured_media":11135,"template":"","meta":[],"product_brand":[],"product_cat":[52,51,47],"product_tag":[],"class_list":{"0":"post-3569","1":"product","2":"type-product","3":"status-publish","4":"has-post-thumbnail","6":"product_cat-developpement-du-penis","7":"product_cat-pour-lui","8":"product_cat-sextoys","11":"instock","12":"taxable","13":"shipping-taxable","14":"purchasable","15":"product-type-simple","16":"product-grid-view"},"_links":{"self":[{"href":"https:\/\/www.tahitiplaisirs.com\/en\/wp-json\/wp\/v2\/product\/3569","targetHints":{"allow":["GET"]}}],"collection":[{"href":"https:\/\/www.tahitiplaisirs.com\/en\/wp-json\/wp\/v2\/product"}],"about":[{"href":"https:\/\/www.tahitiplaisirs.com\/en\/wp-json\/wp\/v2\/types\/product"}],"version-history":[{"count":3,"href":"https:\/\/www.tahitiplaisirs.com\/en\/wp-json\/wp\/v2\/product\/3569\/revisions"}],"predecessor-version":[{"id":11138,"href":"https:\/\/www.tahitiplaisirs.com\/en\/wp-json\/wp\/v2\/product\/3569\/revisions\/11138"}],"wp:featuredmedia":[{"embeddable":true,"href":"https:\/\/www.tahitiplaisirs.com\/en\/wp-json\/wp\/v2\/media\/11135"}],"wp:attachment":[{"href":"https:\/\/www.tahitiplaisirs.com\/en\/wp-json\/wp\/v2\/media?parent=3569"}],"wp:term":[{"taxonomy":"product_brand","embeddable":true,"href":"https:\/\/www.tahitiplaisirs.com\/en\/wp-json\/wp\/v2\/product_brand?post=3569"},{"taxonomy":"product_cat","embeddable":true,"href":"https:\/\/www.tahitiplaisirs.com\/en\/wp-json\/wp\/v2\/product_cat?post=3569"},{"taxonomy":"product_tag","embeddable":true,"href":"https:\/\/www.tahitiplaisirs.com\/en\/wp-json\/wp\/v2\/product_tag?post=3569"}],"curies":[{"name":"wp","href":"https:\/\/api.w.org\/{rel}","templated":true}]}}