{"id":3570,"date":"2026-03-20T08:45:12","date_gmt":"2026-03-20T18:45:12","guid":{"rendered":"https:\/\/www.tahitiplaisirs.com\/?post_type=product&#038;p=3570"},"modified":"2026-04-10T10:11:04","modified_gmt":"2026-04-10T20:11:04","slug":"gel-rhino-gold-50ml","status":"publish","type":"product","link":"https:\/\/www.tahitiplaisirs.com\/en\/product\/gel-rhino-gold-50ml\/","title":{"rendered":"Gel Rhino Gold 50ml"},"content":{"rendered":"","protected":false},"excerpt":{"rendered":"<p>Gel Rhino Gold 50ml<\/p>\n<p>Messieurs !<\/p>\n<p>Augmentez votre \u00e9nergie avec le gel d&rsquo;am\u00e9lioration naturel extra-fort Rhino Gold !<\/p>\n<p>Avec sa formule de virilit\u00e9 masculine, con\u00e7u pour intensifier les performances masculines de mani\u00e8re plus rapide, plus forte et plus durable.<\/p>\n<p>Contrairement \u00e0 d&rsquo;autres gels, Rhino Gold ne contient que des extraits de plantes naturels et purs.<\/p>\n<p><strong>L-ARGININE : <\/strong>Des \u00e9tudes ont montr\u00e9 que cet acide amin\u00e9 peut aider \u00e0 renforcer l&rsquo;intimit\u00e9 de mani\u00e8re appropri\u00e9e.<\/p>\n<p><strong>MACA P\u00c9RUVIENNE : <\/strong>Boosteur d&rsquo;endurance naturel, cette plante est reconnue dans le monde entier comme une solution \u00e0 la fatigue pr\u00e9matur\u00e9e.<\/p>\n<p>Pour une exp\u00e9rience plus agr\u00e9able, Rhino Gold est enrichi en huile essentielle de C\u00c8DRE et en huile de BERGAMOTE pour un ar\u00f4me vivifiant cr\u00e9ant une ambiance parfaite.<\/p>\n<p>Plus facile \u00e0 appliquer qu&rsquo;une cr\u00e8me, un baume ou une lotion, le gel s&rsquo;absorbe rapidement et s\u00e8che en douceur.<\/p>","protected":false},"featured_media":11096,"template":"","meta":[],"product_brand":[],"product_cat":[49,51,55],"product_tag":[],"class_list":{"0":"post-3570","1":"product","2":"type-product","3":"status-publish","4":"has-post-thumbnail","6":"product_cat-bien-etre","7":"product_cat-pour-lui","8":"product_cat-stimulants-hommes","11":"instock","12":"taxable","13":"shipping-taxable","14":"purchasable","15":"product-type-simple","16":"product-grid-view"},"_links":{"self":[{"href":"https:\/\/www.tahitiplaisirs.com\/en\/wp-json\/wp\/v2\/product\/3570","targetHints":{"allow":["GET"]}}],"collection":[{"href":"https:\/\/www.tahitiplaisirs.com\/en\/wp-json\/wp\/v2\/product"}],"about":[{"href":"https:\/\/www.tahitiplaisirs.com\/en\/wp-json\/wp\/v2\/types\/product"}],"version-history":[{"count":3,"href":"https:\/\/www.tahitiplaisirs.com\/en\/wp-json\/wp\/v2\/product\/3570\/revisions"}],"predecessor-version":[{"id":11140,"href":"https:\/\/www.tahitiplaisirs.com\/en\/wp-json\/wp\/v2\/product\/3570\/revisions\/11140"}],"wp:featuredmedia":[{"embeddable":true,"href":"https:\/\/www.tahitiplaisirs.com\/en\/wp-json\/wp\/v2\/media\/11096"}],"wp:attachment":[{"href":"https:\/\/www.tahitiplaisirs.com\/en\/wp-json\/wp\/v2\/media?parent=3570"}],"wp:term":[{"taxonomy":"product_brand","embeddable":true,"href":"https:\/\/www.tahitiplaisirs.com\/en\/wp-json\/wp\/v2\/product_brand?post=3570"},{"taxonomy":"product_cat","embeddable":true,"href":"https:\/\/www.tahitiplaisirs.com\/en\/wp-json\/wp\/v2\/product_cat?post=3570"},{"taxonomy":"product_tag","embeddable":true,"href":"https:\/\/www.tahitiplaisirs.com\/en\/wp-json\/wp\/v2\/product_tag?post=3570"}],"curies":[{"name":"wp","href":"https:\/\/api.w.org\/{rel}","templated":true}]}}