{"id":3572,"date":"2025-08-15T16:11:13","date_gmt":"2025-08-16T02:11:13","guid":{"rendered":"https:\/\/www.tahitiplaisirs.com\/?post_type=product&#038;p=3572"},"modified":"2026-03-21T14:25:06","modified_gmt":"2026-03-22T00:25:06","slug":"set-noir-4pcs-gw-s-l","status":"publish","type":"product","link":"https:\/\/www.tahitiplaisirs.com\/en\/product\/set-noir-4pcs-gw-s-l\/","title":{"rendered":"Set noir 4pcs GW S-L"},"content":{"rendered":"","protected":false},"excerpt":{"rendered":"<p>Set noir 4 pcs S-L\u00a0 de G-World<\/p>\n<p><span dir=\"auto\">D\u00e9couvrez ce joli ensemble compos\u00e9 d&rsquo;un corset classique et original, con\u00e7u pour un look audacieux.<\/span><\/p>\n<p><span dir=\"auto\">Les bonnets \u00e0 armatures sont ouverts, avec des \u0153illets et un d\u00e9collet\u00e9 plongeant devant.<\/span><\/p>\n<p><span dir=\"auto\">Livr\u00e9 avec un string ouvert, un tour de cou cha\u00eene, des brassards et des bas.<\/span><\/p>\n<p><span dir=\"auto\">Mati\u00e8re : 88 % polyamide, 12 % \u00e9lasthanne<\/span><\/p>","protected":false},"featured_media":9249,"template":"","meta":[],"product_brand":[107],"product_cat":[73,74,63],"product_tag":[],"class_list":{"0":"post-3572","1":"product","2":"type-product","3":"status-publish","4":"has-post-thumbnail","6":"product_brand-g-world","7":"product_cat-lingerie-sexy","8":"product_cat-nuisettes-bodys-et-set","9":"product_cat-pour-elle","12":"instock","13":"taxable","14":"shipping-taxable","15":"purchasable","16":"product-type-simple","17":"product-grid-view"},"_links":{"self":[{"href":"https:\/\/www.tahitiplaisirs.com\/en\/wp-json\/wp\/v2\/product\/3572","targetHints":{"allow":["GET"]}}],"collection":[{"href":"https:\/\/www.tahitiplaisirs.com\/en\/wp-json\/wp\/v2\/product"}],"about":[{"href":"https:\/\/www.tahitiplaisirs.com\/en\/wp-json\/wp\/v2\/types\/product"}],"version-history":[{"count":3,"href":"https:\/\/www.tahitiplaisirs.com\/en\/wp-json\/wp\/v2\/product\/3572\/revisions"}],"predecessor-version":[{"id":9260,"href":"https:\/\/www.tahitiplaisirs.com\/en\/wp-json\/wp\/v2\/product\/3572\/revisions\/9260"}],"wp:featuredmedia":[{"embeddable":true,"href":"https:\/\/www.tahitiplaisirs.com\/en\/wp-json\/wp\/v2\/media\/9249"}],"wp:attachment":[{"href":"https:\/\/www.tahitiplaisirs.com\/en\/wp-json\/wp\/v2\/media?parent=3572"}],"wp:term":[{"taxonomy":"product_brand","embeddable":true,"href":"https:\/\/www.tahitiplaisirs.com\/en\/wp-json\/wp\/v2\/product_brand?post=3572"},{"taxonomy":"product_cat","embeddable":true,"href":"https:\/\/www.tahitiplaisirs.com\/en\/wp-json\/wp\/v2\/product_cat?post=3572"},{"taxonomy":"product_tag","embeddable":true,"href":"https:\/\/www.tahitiplaisirs.com\/en\/wp-json\/wp\/v2\/product_tag?post=3572"}],"curies":[{"name":"wp","href":"https:\/\/api.w.org\/{rel}","templated":true}]}}