{"id":3574,"date":"2026-03-27T10:10:13","date_gmt":"2026-03-27T20:10:13","guid":{"rendered":"https:\/\/www.tahitiplaisirs.com\/?post_type=product&#038;p=3574"},"modified":"2026-03-27T12:59:05","modified_gmt":"2026-03-27T22:59:05","slug":"lubrifiant-2-en-1-cerise-secret-play","status":"publish","type":"product","link":"https:\/\/www.tahitiplaisirs.com\/en\/product\/lubrifiant-2-en-1-cerise-secret-play\/","title":{"rendered":"Lubrifiant 2 en 1 cerise Secret Play"},"content":{"rendered":"","protected":false},"excerpt":{"rendered":"<p>Lubrifiant 2 en 1 cerise de Secret Play<\/p>\n<p>Massage ou c\u00e2lin coquin ? avec le lubrifiant \/ huile de massage 2 en 1 parfum\u00e9 \u00e0 la cerise de la marque Secret Play, vous n&rsquo;aurez pas \u00e0 choisir !<\/p>\n<p>Ce lubrifiant \u00e0 base eau 2 en 1 poss\u00e8de un fort pouvoir glissant, il est id\u00e9al pour le massage des zones \u00e9rog\u00e8nes externes comme pour faciliter les rapports sexuels.<\/p>\n<p>D\u00e9cuplez vos sensations gr\u00e2ce \u00e0 la chaleur douce et langoureuse qui se diffuse sur les zones mass\u00e9es.<\/p>\n<p>Embrassable, au go\u00fbt de cerise, il ne contient pas de sucres, ni parab\u00e8ne ni gluten. Il est 100% v\u00e9g\u00e9talien.<\/p>\n<p>Mode d\u00b4emploi : Appliquer g\u00e9n\u00e9reusement sur la zone du corps souhait\u00e9e et masser doucement.<\/p>\n<p>Composition :\u00a0Glycerin, propylene glycol, pentylene glycol, aqua, aroma, vitis vinifera skin extract, sodium saccharin, anethole, vanillin, CI 14720<\/p>","protected":false},"featured_media":11108,"template":"","meta":[],"product_brand":[91],"product_cat":[49,50],"product_tag":[],"class_list":{"0":"post-3574","1":"product","2":"type-product","3":"status-publish","4":"has-post-thumbnail","6":"product_brand-secret-play","7":"product_cat-bien-etre","8":"product_cat-lubrifiants","11":"instock","12":"taxable","13":"shipping-taxable","14":"purchasable","15":"product-type-simple","16":"product-grid-view"},"_links":{"self":[{"href":"https:\/\/www.tahitiplaisirs.com\/en\/wp-json\/wp\/v2\/product\/3574","targetHints":{"allow":["GET"]}}],"collection":[{"href":"https:\/\/www.tahitiplaisirs.com\/en\/wp-json\/wp\/v2\/product"}],"about":[{"href":"https:\/\/www.tahitiplaisirs.com\/en\/wp-json\/wp\/v2\/types\/product"}],"version-history":[{"count":3,"href":"https:\/\/www.tahitiplaisirs.com\/en\/wp-json\/wp\/v2\/product\/3574\/revisions"}],"predecessor-version":[{"id":11169,"href":"https:\/\/www.tahitiplaisirs.com\/en\/wp-json\/wp\/v2\/product\/3574\/revisions\/11169"}],"wp:featuredmedia":[{"embeddable":true,"href":"https:\/\/www.tahitiplaisirs.com\/en\/wp-json\/wp\/v2\/media\/11108"}],"wp:attachment":[{"href":"https:\/\/www.tahitiplaisirs.com\/en\/wp-json\/wp\/v2\/media?parent=3574"}],"wp:term":[{"taxonomy":"product_brand","embeddable":true,"href":"https:\/\/www.tahitiplaisirs.com\/en\/wp-json\/wp\/v2\/product_brand?post=3574"},{"taxonomy":"product_cat","embeddable":true,"href":"https:\/\/www.tahitiplaisirs.com\/en\/wp-json\/wp\/v2\/product_cat?post=3574"},{"taxonomy":"product_tag","embeddable":true,"href":"https:\/\/www.tahitiplaisirs.com\/en\/wp-json\/wp\/v2\/product_tag?post=3574"}],"curies":[{"name":"wp","href":"https:\/\/api.w.org\/{rel}","templated":true}]}}